{"id":96,"date":"2019-05-23T12:04:00","date_gmt":"2019-05-23T10:04:00","guid":{"rendered":"http:\/\/newsite.dgkinstal.com.pl\/?page_id=96"},"modified":"2020-04-20T15:29:05","modified_gmt":"2020-04-20T13:29:05","slug":"hydraulika-silowa","status":"publish","type":"page","link":"https:\/\/dgkinstal.com.pl\/index.php\/oferowane-uslugi\/hydraulika-silowa\/","title":{"rendered":"Hydraulika i pneumatyka si\u0142owa"},"content":{"rendered":"<div class=\"row page-introduction\">\r\n\t\t<div class=\"col-12 col-md-6 header-parent\">\r\n\t\t\t<div class=\"col-12 col-md-6 offset-md-6 introduction-title\">\r\n\t\t\t\tHydraulika i pneumatyka si\u0142owa\r\n\t\t\t<\/div>\r\n\t\t<\/div>\r\n\t\t<div class=\"col-12 col-md-6 text-parent\">\r\n\t\t\t<div class=\"col-12 introduction-text\">\r\n\t\t\t\tJeste\u015bmy wiod\u0105cym serwisem system\u00f3w pneumatyki i hydrauliki si\u0142owej. Korzystamy z najnowszych zdobyczy techniki, dzi\u0119ki sta\u0142emu zaopatrzeniu przez wiod\u0105cych producent\u00f3w mechaniki. Dbamy o bezpiecze\u0144stwo pracy system\u00f3w hydraulicznych, projektujemy nowe rozwi\u0105zania, modernizujemy istniej\u0105ce.\r\n\t\t\t<\/div>\r\n\t\t<\/div>\r\n\t<\/div>\n\n\n<div class=\"header-kml\"><span>W ramach us\u0142ugi proponujemy<\/span><\/div>\n\n\n<p><div class=\"row\"><br \/>\n<div class=\"col-12 col-sm-6 col-md-4\">\r\n\t\t<div class=\"uslugi-box-kml smaller-box\">\r\n\t\t\t<div class=\"box-header\">Remont i <span>produkcja <span>si\u0142ownik\u00f3w <\/span><\/span><\/div>\r\n\t\t\t<div class=\"box-subheader\">Hydrauliczne i gazowe systemy si\u0142owe<\/div>\r\n\t\t\t<div class=\"box-content\">Renowacja, instalacja, projekty.<\/div>\r\n\t\t<\/div>\r\n\t<\/div><br \/>\n<div class=\"col-12 col-sm-6 col-md-4\">\r\n\t\t<div class=\"uslugi-box-kml smaller-box\">\r\n\t\t\t<div class=\"box-header\">Prace <span>in\u017cynierskie <\/span><\/span><\/div>\r\n\t\t\t<div class=\"box-subheader\">Projekty instalacji hydraulicznej i pneumatycznej<\/div>\r\n\t\t\t<div class=\"box-content\"><\/div>\r\n\t\t<\/div>\r\n\t<\/div><br \/>\n<div class=\"col-12 col-sm-6 col-md-4\">\r\n\t\t<div class=\"uslugi-box-kml smaller-box\">\r\n\t\t\t<div class=\"box-header\">Systemy <span>centralnego <span>sterowania <\/span><\/span><\/div>\r\n\t\t\t<div class=\"box-subheader\">Implementacja zintegrowanych system\u00f3w sterowania proponowanymi instalacjami.<\/div>\r\n\t\t\t<div class=\"box-content\"><\/div>\r\n\t\t<\/div>\r\n\t<\/div><br \/>\n<\/div><br \/>\n<div class=\"row\"><br \/>\n<div class=\"col-12 col-sm-6 col-md-4\">\r\n\t\t<div class=\"uslugi-box-kml smaller-box\">\r\n\t\t\t<div class=\"box-header\">Monta\u017c i <span>instalacja <\/span><\/span><\/div>\r\n\t\t\t<div class=\"box-subheader\">Dob\u00f3r i rozmiweszczenie przewod\u00f3w, okablowania, filtr\u00f3w, zawor\u00f3w itp.<\/div>\r\n\t\t\t<div class=\"box-content\"><\/div>\r\n\t\t<\/div>\r\n\t<\/div><br \/>\n<div class=\"col-12 col-sm-6 col-md-4\">\r\n\t\t<div class=\"uslugi-box-kml smaller-box\">\r\n\t\t\t<div class=\"box-header\">Dob\u00f3r <span>silnik\u00f3w i <span>agregat\u00f3w <\/span><\/span><\/div>\r\n\t\t\t<div class=\"box-subheader\">wraz z pod\u0142\u0105czeniem i uruchomieniem.<\/div>\r\n\t\t\t<div class=\"box-content\">Planowanie filtracji i oczyszczania zasilania.<\/div>\r\n\t\t<\/div>\r\n\t<\/div><br \/>\n<div class=\"col-12 col-sm-6 col-md-4\">\r\n\t\t<div class=\"uslugi-box-kml smaller-box\">\r\n\t\t\t<div class=\"box-header\">Centralne <span>instalacje <span>pneumatyczne <\/span><\/span><\/div>\r\n\t\t\t<div class=\"box-subheader\">Projekt i wykonanie instalacji centralnego zasilania w pneumatyk\u0119 \/ hydraulik\u0119.<\/div>\r\n\t\t\t<div class=\"box-content\"><\/div>\r\n\t\t<\/div>\r\n\t<\/div><br \/>\n<\/div><br \/>\n<div class=\"row\"><br \/>\n<div class=\"col-12 col-sm-6 col-md-4\">\r\n\t\t<div class=\"uslugi-box-kml smaller-box\">\r\n\t\t\t<div class=\"box-header\">Pomiary <span>szczelno\u015bci <\/span><\/span><\/div>\r\n\t\t\t<div class=\"box-subheader\">Audyt posiadanych i serwisowanych instalacji pod k\u0105tem ich szczelno\u015bci w warunkach pracy.<\/div>\r\n\t\t\t<div class=\"box-content\"><\/div>\r\n\t\t<\/div>\r\n\t<\/div><br \/>\n<div class=\"col-12 col-sm-6 col-md-4\">\r\n\t\t<div class=\"uslugi-box-kml smaller-box\">\r\n\t\t\t<div class=\"box-header\">Dob\u00f3r i <span>wymiana <span>chemii <\/span><\/span><\/div>\r\n\t\t\t<div class=\"box-subheader\">Zapewnienie d\u0142ugoterminowej sprawno\u015bci proponowanych instalacji.<\/div>\r\n\t\t\t<div class=\"box-content\">Technika pomiarowa i diagnostyka instalacji.<\/div>\r\n\t\t<\/div>\r\n\t<\/div><br \/>\n<div class=\"col-12 col-sm-6 col-md-4\">\r\n\t\t<div class=\"uslugi-box-kml smaller-box\">\r\n\t\t\t<div class=\"box-header\">Wymiana <span>przy\u0142\u0105czy i <span>oku\u0107 <span>przewod\u00f3w <\/span><\/span><\/div>\r\n\t\t\t<div class=\"box-subheader\">Serwis i produkcja przewod\u00f3w hydrauliki i pneumatyki si\u0142owej.<\/div>\r\n\t\t\t<div class=\"box-content\"><\/div>\r\n\t\t<\/div>\r\n\t<\/div><br \/>\n<\/div><\/p>\n\n\n<div class=\"tryptyk row pl_PL\">\r\n\t\t<div class=\"col-12 col-md-4\">\r\n\t\t\t<div class=\"t-box\">\r\n\t\t\t\t<img src=\"\/wp-content\/themes\/newsite\/images\/t1.png\" \/>\r\n\t\t\t\t<div class=\"t-header\">Terminowo<\/div>\r\n\t\t\t\t<div class=\"t-content\">Pracujemy wg. Rygorystycznych re\u017cim\u00f3w czasowych, daj\u0105c Ci gwarancj\u0119 szybkiej i realizacji powierzonych zlece\u0144.<\/div>\r\n\t\t\t<\/div>\r\n\t\t<\/div>\r\n\t\t<div class=\"col-12 col-md-4\">\r\n\t\t\t<div class=\"t-box\">\r\n\t\t\t\t<img src=\"\/wp-content\/themes\/newsite\/images\/t2.png\" \/>\r\n\t\t\t\t<div class=\"t-header\">Bezpiecznie<\/div>\r\n\t\t\t\t<div class=\"t-content\">Atestowany sprz\u0119t, nowoczesne rozwi\u0105zania i wa\u017cna polisa OC w ramach zleconej pracy to dla nas standard!<\/div>\r\n\t\t\t<\/div>\r\n\t\t<\/div>\r\n\t\t<div class=\"col-12 col-md-4\">\r\n\t\t\t<div class=\"t-box\">\r\n\t\t\t\t<img src=\"\/wp-content\/themes\/newsite\/images\/t3.png\" \/>\r\n\t\t\t\t<div class=\"t-header\">Profesjonalnie<\/div>\r\n\t\t\t\t<div class=\"t-content\">Sprawdzone rozwi\u0105zania, wieloletnie do\u015bwiadczenie i nowoczesne podej\u015bcie do realizacji projekt\u00f3w.<\/div>\r\n\t\t\t<\/div>\r\n\t\t<\/div>\r\n\t<\/div>\n\n\n\n<div style=\"height:40px\" aria-hidden=\"true\" class=\"wp-block-spacer\"><\/div>\n\n\n\n<p class=\"has-medium-font-size\">Jeste\u015bmy wiod\u0105cym w Polsce serwisem system\u00f3w pneumatyki i hydrauliki si\u0142owej. Korzystamy z najnowszych zdobyczy techniki, dzi\u0119ki sta\u0142emu zaopatrzeniu przez najwi\u0119kszych \u015bwiatowych producent\u00f3w rozwi\u0105za\u0144 hydraulicznych i pneumatycznych. Dbamy o bezpiecze\u0144stwo pracy system\u00f3w hydraulicznych, projektujemy nowe rozwi\u0105zania, modernizujemy istniej\u0105ce.<\/p>\n\n\n\n<p class=\"has-medium-font-size\">W centrum zainteresowania naszej Sp\u00f3\u0142ki le\u017c\u0105 potrzeby przemys\u0142owe wzgl\u0119dem rozwi\u0105za\u0144 hydrauliki si\u0142owej i wszelkich maszyn z ni\u0105 zwi\u0105zanych. Zapewniamy doprowadzenie przewod\u00f3w rozprowadzaj\u0105cych ci\u015bnienie za pomoc\u0105 cieczy i gaz\u00f3w, z uwzgl\u0119dnieniem ich wytrzyma\u0142o\u015bci i charakterystyki pracy (wysokie temperatury, obecno\u015b\u0107 substancji \u017cr\u0105cych itp.). Dbamy o ich odpowiednie rozmieszczenie i umiejscowienie zgodnie ze sztuk\u0105. Dobieramy urz\u0105dzenia zasilaj\u0105ce (agregaty, stacje filtrowania, uzdatniacze) i zasilane (silniki, si\u0142owniki, przek\u0142adnie, linie produkcyjne wymagaj\u0105ce zaopatrzenia w media itp.), stosowne do potrzeb. Oferujemy szereg rozwi\u0105za\u0144 zwi\u0105zanych z jako\u015bci\u0105 p\u0142ynu w uk\u0142adzie \u2013 odpowiednie filtry i separatory, gwarantuj\u0105 bezawaryjn\u0105 prac\u0119 zasilanych urz\u0105dze\u0144, a proponowana chemia przemys\u0142owa spe\u0142ni dok\u0142adnie swoje zadanie w okre\u015blonych warunkach pracy.<\/p>\n\n\n\n<div style=\"height:40px\" aria-hidden=\"true\" class=\"wp-block-spacer\"><\/div>\n\n\n<div class=\"row\"><br \/>\n<div class=\"col-12\"><div class=\"row\"><div class=\"col-12 col-md-4 offset-md-4\"><button data-target=\"1776625339\" class=\"reveal_button\">Zobacz co jeszcze proponujemy<\/button><\/div><\/div><\/div>\r\n\t\t\t<div id=\"1776625339\" class=\"hidden_boxes\"><div class=\"row\"><br \/>\n<div class=\"col-12 col-sm-6 col-md-4\">\r\n\t\t<div class=\"uslugi-box-kml smaller-box\">\r\n\t\t\t<div class=\"box-header\">Prace <span>mechaniczne <span>zwi\u0105zane z <span>instalacjami <\/span><\/span><\/div>\r\n\t\t\t<div class=\"box-subheader\"><\/div>\r\n\t\t\t<div class=\"box-content\"><\/div>\r\n\t\t<\/div>\r\n\t<\/div><br \/>\n<div class=\"col-12 col-sm-6 col-md-4\">\r\n\t\t<div class=\"uslugi-box-kml smaller-box\">\r\n\t\t\t<div class=\"box-header\">Projekt, <span>przygotowanie i <span>wykonanie <span>instalacji <span>technologicznych <\/span><\/span><\/div>\r\n\t\t\t<div class=\"box-subheader\"><\/div>\r\n\t\t\t<div class=\"box-content\"><\/div>\r\n\t\t<\/div>\r\n\t<\/div><br \/>\n<div class=\"col-12 col-sm-6 col-md-4\">\r\n\t\t<div class=\"uslugi-box-kml smaller-box\">\r\n\t\t\t<div class=\"box-header\">Modernizacje <span>przystosowawcze <span>uk\u0142ad\u00f3w <\/span><\/span><\/div>\r\n\t\t\t<div class=\"box-subheader\"><\/div>\r\n\t\t\t<div class=\"box-content\"><\/div>\r\n\t\t<\/div>\r\n\t<\/div><br \/>\n<div class=\"col-12 col-sm-6 col-md-4\">\r\n\t\t<div class=\"uslugi-box-kml smaller-box\">\r\n\t\t\t<div class=\"box-header\">Gi\u0119cie, <span>spawanie, <span>klejenie <span>rur <\/span><\/span><\/div>\r\n\t\t\t<div class=\"box-subheader\"><\/div>\r\n\t\t\t<div class=\"box-content\"><\/div>\r\n\t\t<\/div>\r\n\t<\/div><br \/>\n<div class=\"col-12 col-sm-6 col-md-4\">\r\n\t\t<div class=\"uslugi-box-kml smaller-box\">\r\n\t\t\t<div class=\"box-header\">Pomiary i <span>diagnostyka <span>instalacji <\/span><\/span><\/div>\r\n\t\t\t<div class=\"box-subheader\"><\/div>\r\n\t\t\t<div class=\"box-content\"><\/div>\r\n\t\t<\/div>\r\n\t<\/div><br \/>\n<div class=\"col-12 col-sm-6 col-md-4\">\r\n\t\t<div class=\"uslugi-box-kml smaller-box\">\r\n\t\t\t<div class=\"box-header\">Laboratoryjne <span>testy <span>jako\u015bciowe <span>cieczy <\/span><\/span><\/div>\r\n\t\t\t<div class=\"box-subheader\"><\/div>\r\n\t\t\t<div class=\"box-content\"><\/div>\r\n\t\t<\/div>\r\n\t<\/div><br \/>\n<div class=\"col-12 col-sm-6 col-md-4\">\r\n\t\t<div class=\"uslugi-box-kml smaller-box\">\r\n\t\t\t<div class=\"box-header\">Instalacje <span>stacji <span>filtruj\u0105cych <\/span><\/span><\/div>\r\n\t\t\t<div class=\"box-subheader\"><\/div>\r\n\t\t\t<div class=\"box-content\"><\/div>\r\n\t\t<\/div>\r\n\t<\/div><br \/>\n<div class=\"col-12 col-sm-6 col-md-4\">\r\n\t\t<div class=\"uslugi-box-kml smaller-box\">\r\n\t\t\t<div class=\"box-header\">Obs\u0142uga <span>nap\u0119d\u00f3w <span>hydraulicznych <\/span><\/span><\/div>\r\n\t\t\t<div class=\"box-subheader\"><\/div>\r\n\t\t\t<div class=\"box-content\"><\/div>\r\n\t\t<\/div>\r\n\t<\/div><br \/>\n<div class=\"col-12 col-sm-6 col-md-4\">\r\n\t\t<div class=\"uslugi-box-kml smaller-box\">\r\n\t\t\t<div class=\"box-header\">\u0141\u0105czenie, <span>dzielenie, <span>zwi\u0119kszanie <span>mocy, <span>zasi\u0119gu <span>pracy <span>itp. <\/span><\/span><\/div>\r\n\t\t\t<div class=\"box-subheader\"><\/div>\r\n\t\t\t<div class=\"box-content\"><\/div>\r\n\t\t<\/div>\r\n\t<\/div><br \/>\n<\/div><\/div><br \/>\n<\/div>\n\n\n<div class=\"header-kml\"><span>Hydraulika i pneumatyka &#8211; realizacje<\/span><\/div>\n\n\n<div class=\"gallery-kml\">\r\n\t\t<a id=\"gallery\">&nbsp;<\/a><div class=\"row\"><a href=\"https:\/\/dgkinstal.com.pl\/wp-content\/uploads\/2020\/04\/Hydraulika-i-pneumatyka-instalacje-IMG_3476.jpg\" title=\"Hydraulika i pneumatyka instalacje IMG_3476\" class=\"lightbox-kml\"><div class=\"normal\" style=\"background-image:url('\/wp-content\/themes\/newsite\/timthumb.php?src=https:\/\/dgkinstal.com.pl\/wp-content\/uploads\/2020\/04\/Hydraulika-i-pneumatyka-instalacje-IMG_3476.jpg&h=400&f=2');\"><\/div><div class=\"hovered\" style=\"background-image:url('\/wp-content\/themes\/newsite\/timthumb.php?src=https:\/\/dgkinstal.com.pl\/wp-content\/uploads\/2020\/04\/Hydraulika-i-pneumatyka-instalacje-IMG_3476.jpg&h=400');\"><\/div><\/a><a href=\"https:\/\/dgkinstal.com.pl\/wp-content\/uploads\/2020\/04\/Hydraulika-i-pneumatyka-instalacje-IMG_3479.jpg\" title=\"Hydraulika i pneumatyka instalacje IMG_3479\" class=\"lightbox-kml\"><div class=\"normal\" style=\"background-image:url('\/wp-content\/themes\/newsite\/timthumb.php?src=https:\/\/dgkinstal.com.pl\/wp-content\/uploads\/2020\/04\/Hydraulika-i-pneumatyka-instalacje-IMG_3479.jpg&h=400&f=2');\"><\/div><div class=\"hovered\" style=\"background-image:url('\/wp-content\/themes\/newsite\/timthumb.php?src=https:\/\/dgkinstal.com.pl\/wp-content\/uploads\/2020\/04\/Hydraulika-i-pneumatyka-instalacje-IMG_3479.jpg&h=400');\"><\/div><\/a><a href=\"https:\/\/dgkinstal.com.pl\/wp-content\/uploads\/2020\/04\/Hydraulika-i-pneumatyka-instalacje-IMG_3483.jpg\" title=\"Hydraulika i pneumatyka instalacje IMG_3483\" class=\"lightbox-kml\"><div class=\"normal\" style=\"background-image:url('\/wp-content\/themes\/newsite\/timthumb.php?src=https:\/\/dgkinstal.com.pl\/wp-content\/uploads\/2020\/04\/Hydraulika-i-pneumatyka-instalacje-IMG_3483.jpg&h=400&f=2');\"><\/div><div class=\"hovered\" style=\"background-image:url('\/wp-content\/themes\/newsite\/timthumb.php?src=https:\/\/dgkinstal.com.pl\/wp-content\/uploads\/2020\/04\/Hydraulika-i-pneumatyka-instalacje-IMG_3483.jpg&h=400');\"><\/div><\/a><a href=\"https:\/\/dgkinstal.com.pl\/wp-content\/uploads\/2020\/04\/Hydraulika-i-pneumatyka-instalacje-IMG_3484.jpg\" title=\"Hydraulika i pneumatyka instalacje IMG_3484\" class=\"lightbox-kml\"><div class=\"normal\" style=\"background-image:url('\/wp-content\/themes\/newsite\/timthumb.php?src=https:\/\/dgkinstal.com.pl\/wp-content\/uploads\/2020\/04\/Hydraulika-i-pneumatyka-instalacje-IMG_3484.jpg&h=400&f=2');\"><\/div><div class=\"hovered\" style=\"background-image:url('\/wp-content\/themes\/newsite\/timthumb.php?src=https:\/\/dgkinstal.com.pl\/wp-content\/uploads\/2020\/04\/Hydraulika-i-pneumatyka-instalacje-IMG_3484.jpg&h=400');\"><\/div><\/a><\/div><div class=\"row\"><a href=\"https:\/\/dgkinstal.com.pl\/wp-content\/uploads\/2020\/04\/Hydraulika-i-pneumatyka-instalacje-IMG_3486.jpg\" title=\"Hydraulika i pneumatyka instalacje IMG_3486\" class=\"lightbox-kml\"><div class=\"normal\" style=\"background-image:url('\/wp-content\/themes\/newsite\/timthumb.php?src=https:\/\/dgkinstal.com.pl\/wp-content\/uploads\/2020\/04\/Hydraulika-i-pneumatyka-instalacje-IMG_3486.jpg&h=400&f=2');\"><\/div><div class=\"hovered\" style=\"background-image:url('\/wp-content\/themes\/newsite\/timthumb.php?src=https:\/\/dgkinstal.com.pl\/wp-content\/uploads\/2020\/04\/Hydraulika-i-pneumatyka-instalacje-IMG_3486.jpg&h=400');\"><\/div><\/a><a href=\"https:\/\/dgkinstal.com.pl\/wp-content\/uploads\/2020\/04\/Hydraulika-i-pneumatyka-instalacje-IMG_3495.jpg\" title=\"Hydraulika i pneumatyka instalacje IMG_3495\" class=\"lightbox-kml\"><div class=\"normal\" style=\"background-image:url('\/wp-content\/themes\/newsite\/timthumb.php?src=https:\/\/dgkinstal.com.pl\/wp-content\/uploads\/2020\/04\/Hydraulika-i-pneumatyka-instalacje-IMG_3495.jpg&h=400&f=2');\"><\/div><div class=\"hovered\" style=\"background-image:url('\/wp-content\/themes\/newsite\/timthumb.php?src=https:\/\/dgkinstal.com.pl\/wp-content\/uploads\/2020\/04\/Hydraulika-i-pneumatyka-instalacje-IMG_3495.jpg&h=400');\"><\/div><\/a><a href=\"https:\/\/dgkinstal.com.pl\/wp-content\/uploads\/2020\/04\/Hydraulika-i-pneumatyka-instalacje-IMG_3501.jpg\" title=\"Hydraulika i pneumatyka instalacje IMG_3501\" class=\"lightbox-kml\"><div class=\"normal\" style=\"background-image:url('\/wp-content\/themes\/newsite\/timthumb.php?src=https:\/\/dgkinstal.com.pl\/wp-content\/uploads\/2020\/04\/Hydraulika-i-pneumatyka-instalacje-IMG_3501.jpg&h=400&f=2');\"><\/div><div class=\"hovered\" style=\"background-image:url('\/wp-content\/themes\/newsite\/timthumb.php?src=https:\/\/dgkinstal.com.pl\/wp-content\/uploads\/2020\/04\/Hydraulika-i-pneumatyka-instalacje-IMG_3501.jpg&h=400');\"><\/div><\/a><a href=\"https:\/\/dgkinstal.com.pl\/wp-content\/uploads\/2020\/04\/IMG_3167.jpeg\" title=\"IMG_3167\" class=\"lightbox-kml\"><div class=\"normal\" style=\"background-image:url('\/wp-content\/themes\/newsite\/timthumb.php?src=https:\/\/dgkinstal.com.pl\/wp-content\/uploads\/2020\/04\/IMG_3167.jpeg&h=400&f=2');\"><\/div><div class=\"hovered\" style=\"background-image:url('\/wp-content\/themes\/newsite\/timthumb.php?src=https:\/\/dgkinstal.com.pl\/wp-content\/uploads\/2020\/04\/IMG_3167.jpeg&h=400');\"><\/div><\/a><\/div><\/div>\r\n\t\t<div class=\"row\">\r\n\t\t\t<div class=\"col-6 col-md-4 \"><a href=\"https:\/\/dgkinstal.com.pl\/?post_type=page&p=12#gallery\" class=\"button-kml\">Galeria: Automatyka i robotyka przemys\u0142owa<\/a><\/div>\r\n\t\t\t<div class=\"col-6 col-md-4 offset-md-4\"><a href=\"https:\/\/dgkinstal.com.pl\/?post_type=page&p=8#gallery\" class=\"button-kml\">Galeria: Monta\u017c i naprawa maszyn<\/a><\/div>\r\n\t\t<\/div><div class=\"modal fade\" id=\"galleryModal\" tabindex=\"-1\" role=\"dialog\" aria-labelledby=\"exampleModalLabel\" aria-hidden=\"true\">\r\n\t\t<div class=\"modal-dialog  modal-xl modal-dialog-centered\" role=\"document\">\r\n\t\t\t<div class=\"modal-content\">\r\n\t\t\t\t<div class=\"modal-body\" style=\"background-position:center center;background-size:100px;background-repeat:no-repeat;background-image:url('\/wp-content\/themes\/newsite\/images\/loader.gif');\">\r\n\t\t\t\t\t<button type=\"button\" class=\"close\" data-dismiss=\"modal\" aria-label=\"Close\">\r\n\t\t\t\t\t\t<span aria-hidden=\"true\">&times;<\/span>\r\n\t\t\t\t\t<\/button>\r\n\t\t\t\t\t<img class=\"modal-image\" src=\"\" \/>\r\n\t\t\t\t<\/div>\r\n\t\t\t<\/div>\r\n\t\t<\/div>\r\n\t<\/div>\n\n\n\n<div style=\"height:40px\" aria-hidden=\"true\" class=\"wp-block-spacer\"><\/div>\n\n\n\n<pre class=\"wp-block-preformatted\"> <br><strong>TAGI:<\/strong> Pneumatyka przemys\u0142owa, hydraulika przemys\u0142owa, przewody pneumatyczne, silniki i nap\u0119dy hydrauliczne, silniki i nap\u0119dy pneumatyczne, agregaty filtracyjne, zawory hydrauliczne i pneumatyczne, chemia przemys\u0142owa, systemy centralnego smarowania, instalacja pomp ci\u015bnieniowych, modernizacja uk\u0142ad\u00f3w hydraulicznych, zasilanie produkcji w media, projekty instalacji hydraulicznych, projekty instalacji pneumatycznych, remonty si\u0142ownik\u00f3w, wymiana p\u0142yn\u00f3w, diagnostyka uk\u0142ad\u00f3w hydraulicznych, diagnostyka uk\u0142ad\u00f3w pneumatycznych, technika pomiarowa, Wymiana przy\u0142\u0105czy i oku\u0107 przewod\u00f3w, gi\u0119cie rur, spawanie rur, zgrzewanie rur, klejenie instalacji, serwis i produkcja przewod\u00f3w hydraulicznych i pneumatycznych, konserwacja okresowa, filtracja oleju, centralne instalacje pneumatyczne, pomiary szczelno\u015bci, dob\u00f3r urz\u0105dze\u0144 pneumatycznych, dob\u00f3r urz\u0105dze\u0144 hydraulicznych, festo.<\/pre>\n","protected":false},"excerpt":{"rendered":"Jeste\u015bmy wiod\u0105cym w Polsce serwisem system\u00f3w pneumatyki i hydrauliki si\u0142owej. Korzystamy z najnowszych zdobyczy techniki, dzi\u0119ki sta\u0142emu zaopatrzeniu przez najwi\u0119kszych \u015bwiatowych producent\u00f3w rozwi\u0105za\u0144 hydraulicznych i pneumatycznych. Dbamy o bezpiecze\u0144stwo pracy system\u00f3w hydraulicznych, projektujemy nowe rozwi\u0105zania, modernizujemy istniej\u0105ce. W centrum zainteresowania naszej Sp\u00f3\u0142ki le\u017c\u0105 potrzeby przemys\u0142owe wzgl\u0119dem rozwi\u0105za\u0144 hydrauliki si\u0142owej i wszelkich maszyn z ni\u0105 zwi\u0105zanych&#8230;. <a class=\"view-article\" href=\"https:\/\/dgkinstal.com.pl\/index.php\/oferowane-uslugi\/hydraulika-silowa\/\">View Article<\/a>","protected":false},"author":1,"featured_media":87,"parent":201,"menu_order":3,"comment_status":"closed","ping_status":"closed","template":"","meta":[],"_links":{"self":[{"href":"https:\/\/dgkinstal.com.pl\/index.php\/wp-json\/wp\/v2\/pages\/96"}],"collection":[{"href":"https:\/\/dgkinstal.com.pl\/index.php\/wp-json\/wp\/v2\/pages"}],"about":[{"href":"https:\/\/dgkinstal.com.pl\/index.php\/wp-json\/wp\/v2\/types\/page"}],"author":[{"embeddable":true,"href":"https:\/\/dgkinstal.com.pl\/index.php\/wp-json\/wp\/v2\/users\/1"}],"replies":[{"embeddable":true,"href":"https:\/\/dgkinstal.com.pl\/index.php\/wp-json\/wp\/v2\/comments?post=96"}],"version-history":[{"count":20,"href":"https:\/\/dgkinstal.com.pl\/index.php\/wp-json\/wp\/v2\/pages\/96\/revisions"}],"predecessor-version":[{"id":619,"href":"https:\/\/dgkinstal.com.pl\/index.php\/wp-json\/wp\/v2\/pages\/96\/revisions\/619"}],"up":[{"embeddable":true,"href":"https:\/\/dgkinstal.com.pl\/index.php\/wp-json\/wp\/v2\/pages\/201"}],"wp:featuredmedia":[{"embeddable":true,"href":"https:\/\/dgkinstal.com.pl\/index.php\/wp-json\/wp\/v2\/media\/87"}],"wp:attachment":[{"href":"https:\/\/dgkinstal.com.pl\/index.php\/wp-json\/wp\/v2\/media?parent=96"}],"curies":[{"name":"wp","href":"https:\/\/api.w.org\/{rel}","templated":true}]}}