{"id":912,"date":"2020-07-27T14:28:56","date_gmt":"2020-07-27T12:28:56","guid":{"rendered":"http:\/\/dgkinstal.com.pl\/?page_id=912"},"modified":"2021-06-23T13:36:21","modified_gmt":"2021-06-23T11:36:21","slug":"start-2","status":"publish","type":"page","link":"https:\/\/dgkinstal.com.pl\/index.php\/en\/start-2\/","title":{"rendered":"Start"},"content":{"rendered":"<div class=\"header-kml\"><span>Proposed Services<\/span><\/div>\n\n\n<div class=\"row\"><br \/>\n<div class=\"col-12 col-sm-6 col-md-4\">\r\n\t\t<div class=\"uslugi-box-kml\">\r\n\t\t\t<div class=\"box-header\">Machine <span>Assembly <span>and <span>Repairing <\/span><\/span><\/div>\r\n\t\t\t<div class=\"box-subheader\">Comprehensive support for equipment and production lines\r\n<\/div>\r\n\t\t\t<div class=\"box-content\">Assembly, disassembly, current service, maintenance, preventive inspections, design of new equipment, etc.<\/div>\r\n\t\t\t<a href=\"https:\/\/dgkinstal.com.pl\/index.php\/en\/machine-assembly-and-repairing\/\">Wi\u0119cej<\/a>\r\n\t\t\t<img src=\"https:\/\/dgkinstal.com.pl\/wp-content\/uploads\/2019\/05\/montaz_naprawa_maszyn.png\" class=\"attachment-full size-full wp-post-image\" alt=\"\" loading=\"lazy\" \/>\r\n\t\t<\/div>\r\n\t<\/div><br \/>\n<div class=\"col-12 col-sm-6 col-md-4\">\r\n\t\t<div class=\"uslugi-box-kml\">\r\n\t\t\t<div class=\"box-header\">Machine <span>Adaptation <span>and <span>Certification <span>(CE) <\/span><\/span><\/div>\r\n\t\t\t<div class=\"box-subheader\">Certification of machines and devices in accordance with EU directives (Declaration of Conformity)<\/div>\r\n\t\t\t<div class=\"box-content\">Creating and restoring documentation, legal advice<\/div>\r\n\t\t\t<a href=\"https:\/\/dgkinstal.com.pl\/index.php\/en\/machine-adaptation-and-certification-ce\/\">Wi\u0119cej<\/a>\r\n\t\t\t<img src=\"https:\/\/dgkinstal.com.pl\/wp-content\/uploads\/2019\/05\/tech-documentation.png\" class=\"attachment-full size-full wp-post-image\" alt=\"Dokumentacja techniczna projekt\u00f3w\" loading=\"lazy\" \/>\r\n\t\t<\/div>\r\n\t<\/div><br \/>\n<div class=\"col-12 col-sm-6 col-md-4\">\r\n\t\t<div class=\"uslugi-box-kml\">\r\n\t\t\t<div class=\"box-header\">Industrial <span>Relocations <\/span><\/span><\/div>\r\n\t\t\t<div class=\"box-subheader\">Halls and equipment movement<\/div>\r\n\t\t\t<div class=\"box-content\">Works using equipment for special tasks: overhead cranes, conveyors, elevators, cranes, etc. We support works up to 65 tons<\/div>\r\n\t\t\t<a href=\"https:\/\/dgkinstal.com.pl\/index.php\/en\/industrial-relocations\/\">Wi\u0119cej<\/a>\r\n\t\t\t<img src=\"https:\/\/dgkinstal.com.pl\/wp-content\/uploads\/2019\/05\/relokacje_przemyslowe.png\" class=\"attachment-full size-full wp-post-image\" alt=\"\" loading=\"lazy\" \/>\r\n\t\t<\/div>\r\n\t<\/div><\/p>\n<p><div class=\"col-12 col-sm-6 col-md-4\">\r\n\t\t<div class=\"uslugi-box-kml\">\r\n\t\t\t<div class=\"box-header\">Automation <span>and <span>industrial <span>robotics <\/span><\/span><\/div>\r\n\t\t\t<div class=\"box-subheader\">Your technological support <\/div>\r\n\t\t\t<div class=\"box-content\">Comprehensive automation service in your company. Projects, implementations, modernization and maintenance. Designation of safety zones\r\n<\/div>\r\n\t\t\t<a href=\"https:\/\/dgkinstal.com.pl\/index.php\/en\/automation-and-industrial-robotics\/\">Wi\u0119cej<\/a>\r\n\t\t\t<img src=\"https:\/\/dgkinstal.com.pl\/wp-content\/uploads\/2019\/05\/automatyka_robotyka.png\" class=\"attachment-full size-full wp-post-image\" alt=\"\" loading=\"lazy\" \/>\r\n\t\t<\/div>\r\n\t<\/div><br \/>\n<div class=\"col-12 col-sm-6 col-md-4\">\r\n\t\t<div class=\"uslugi-box-kml\">\r\n\t\t\t<div class=\"box-header\">CNC <span>Machining <\/span><\/span><\/div>\r\n\t\t\t<div class=\"box-subheader\">Spare parts tailored for your needs!\r\n<\/div>\r\n\t\t\t<div class=\"box-content\">Milling, turning, cutting and welding services. Steel processing, production of structures and spare parts. Retail and wholesale production<\/div>\r\n\t\t\t<a href=\"https:\/\/dgkinstal.com.pl\/index.php\/en\/cnc-machining\/\">Wi\u0119cej<\/a>\r\n\t\t\t<img src=\"https:\/\/dgkinstal.com.pl\/wp-content\/uploads\/2019\/05\/obrobka_cnc.png\" class=\"attachment-full size-full wp-post-image\" alt=\"\" loading=\"lazy\" \/>\r\n\t\t<\/div>\r\n\t<\/div><br \/>\n<div class=\"col-12 col-sm-6 col-md-4\">\r\n\t\t<div class=\"uslugi-box-kml\">\r\n\t\t\t<div class=\"box-header\">Electrical <span>Installations <\/span><\/span><\/div>\r\n\t\t\t<div class=\"box-subheader\">Efficiency and security of installations<\/div>\r\n\t\t\t<div class=\"box-content\">Electrical switchgears installation, modernization, examination, legalization and certification. Full acceptance documentation (thermovision, X-RAY)\r\n<\/div>\r\n\t\t\t<a href=\"https:\/\/dgkinstal.com.pl\/index.php\/en\/electrical-installations\/\">Wi\u0119cej<\/a>\r\n\t\t\t<img src=\"https:\/\/dgkinstal.com.pl\/wp-content\/uploads\/2019\/05\/pomiary_elektryczne.png\" class=\"attachment-full size-full wp-post-image\" alt=\"\" loading=\"lazy\" \/>\r\n\t\t<\/div>\r\n\t<\/div><\/p>\n<p><div class=\"col-12 col-sm-6 col-md-4\">\r\n\t\t<div class=\"uslugi-box-kml\">\r\n\t\t\t<div class=\"box-header\">Hydraulics <span>and <span>Pneumatics <\/span><\/span><\/div>\r\n\t\t\t<div class=\"box-subheader\">Energy support\r\n<\/div>\r\n\t\t\t<div class=\"box-content\">Servicing of hydraulic installations in production plants. Installations projects, service and modernization.\r\n<\/div>\r\n\t\t\t<a href=\"https:\/\/dgkinstal.com.pl\/index.php\/en\/hydraulics-and-pneumatics\/\">Wi\u0119cej<\/a>\r\n\t\t\t<img src=\"https:\/\/dgkinstal.com.pl\/wp-content\/uploads\/2019\/05\/hydraulika_silowa.png\" class=\"attachment-full size-full wp-post-image\" alt=\"\" loading=\"lazy\" \/>\r\n\t\t<\/div>\r\n\t<\/div><br \/>\n<div class=\"col-12 col-sm-6 col-md-4\">\r\n\t\t<div class=\"uslugi-box-kml\">\r\n\t\t\t<div class=\"box-header\">Technological <span>Installations <\/span><\/span><\/div>\r\n\t\t\t<div class=\"box-subheader\">Quality and Reliability<\/div>\r\n\t\t\t<div class=\"box-content\">Electricity, pneumatics, hydraulics, ventilation and cooling. Measurements, designs and performance<\/div>\r\n\t\t\t<a href=\"https:\/\/dgkinstal.com.pl\/index.php\/en\/technological-installations\/\">Wi\u0119cej<\/a>\r\n\t\t\t<img src=\"https:\/\/dgkinstal.com.pl\/wp-content\/uploads\/2019\/05\/instalacje_technologiczne.png\" class=\"attachment-full size-full wp-post-image\" alt=\"\" loading=\"lazy\" \/>\r\n\t\t<\/div>\r\n\t<\/div><br \/>\n<div class=\"col-12 col-sm-6 col-md-4\">\r\n\t\t<div class=\"uslugi-box-kml\">\r\n\t\t\t<div class=\"box-header\">Work at <span>Heights <\/span><\/span><\/div>\r\n\t\t\t<div class=\"box-subheader\">Security supported by experience<\/div>\r\n\t\t\t<div class=\"box-content\">Work at heights with the involvement of authorized personnel and the certified equipment usage<\/div>\r\n\t\t\t<a href=\"https:\/\/dgkinstal.com.pl\/index.php\/en\/work-at-heights\/\">Wi\u0119cej<\/a>\r\n\t\t\t<img src=\"https:\/\/dgkinstal.com.pl\/wp-content\/uploads\/2019\/05\/prace_alpinistyczne.png\" class=\"attachment-full size-full wp-post-image\" alt=\"\" loading=\"lazy\" \/>\r\n\t\t<\/div>\r\n\t<\/div><\/p>\n<p><div class=\"col-12 col-sm-6 col-md-4\">\r\n\t\t<div class=\"uslugi-box-kml\">\r\n\t\t\t<div class=\"box-header\">Industrial <span>Machines <span>Modernization <\/span><\/span><\/div>\r\n\t\t\t<div class=\"box-subheader\">Expansion, operation improvement, repair<\/div>\r\n\t\t\t<div class=\"box-content\">Modernization and reconstruction of all types of industrial structures and machines<\/div>\r\n\t\t\t<a href=\"https:\/\/dgkinstal.com.pl\/index.php\/en\/industrial-machines-modernization\/\">Wi\u0119cej<\/a>\r\n\t\t\t<img src=\"https:\/\/dgkinstal.com.pl\/wp-content\/uploads\/2019\/05\/modernization-grey1.png\" class=\"attachment-full size-full wp-post-image\" alt=\"Modernizacja maszyn\" loading=\"lazy\" \/>\r\n\t\t<\/div>\r\n\t<\/div><br \/>\n<div class=\"col-12 col-sm-6 col-md-4\">\r\n\t\t<div class=\"uslugi-box-kml\">\r\n\t\t\t<div class=\"box-header\">Maintenance <span>Services <\/span><\/span><\/div>\r\n\t\t\t<div class=\"box-subheader\">Services and periodic inspections of machines and devices<\/div>\r\n\t\t\t<div class=\"box-content\">We provide conditions for fault-free operation<\/div>\r\n\t\t\t<a href=\"https:\/\/dgkinstal.com.pl\/index.php\/en\/maintenance\/\">Wi\u0119cej<\/a>\r\n\t\t\t<img src=\"https:\/\/dgkinstal.com.pl\/wp-content\/uploads\/2019\/05\/maintenance-grey.png\" class=\"attachment-full size-full wp-post-image\" alt=\"Utrzymanie ruchu\" loading=\"lazy\" \/>\r\n\t\t<\/div>\r\n\t<\/div><br \/>\n<div class=\"col-12 col-sm-6 col-md-4\">\r\n\t\t<div class=\"uslugi-box-kml\">\r\n\t\t\t<div class=\"box-header\">Machines <span>and <span>Devices <span>Construction <\/span><\/span><\/div>\r\n\t\t\t<div class=\"box-subheader\">Designing tailored machines that fit your needs<\/div>\r\n\t\t\t<div class=\"box-content\">Proven, solid, flexible and creative solutions in the field of machine mechanics\r\n<\/div>\r\n\t\t\t<a href=\"https:\/\/dgkinstal.com.pl\/index.php\/en\/machines-and-devices-construction\/\">Wi\u0119cej<\/a>\r\n\t\t\t<img src=\"https:\/\/dgkinstal.com.pl\/wp-content\/uploads\/2019\/05\/ekierka.png\" class=\"attachment-full size-full wp-post-image\" alt=\"budowa maszyn i urz\u0105dze\u0144\" loading=\"lazy\" \/>\r\n\t\t<\/div>\r\n\t<\/div><\/p>\n<p><\/div>\n\n\n<div class=\"tryptyk row pl_PL\">\r\n\t\t<div class=\"col-12 col-md-4\">\r\n\t\t\t<div class=\"t-box\">\r\n\t\t\t\t<img src=\"\/wp-content\/themes\/newsite\/images\/t1.png\" \/>\r\n\t\t\t\t<div class=\"t-header\">Terminowo<\/div>\r\n\t\t\t\t<div class=\"t-content\">Pracujemy wg. Rygorystycznych re\u017cim\u00f3w czasowych, daj\u0105c Ci gwarancj\u0119 szybkiej i realizacji powierzonych zlece\u0144.<\/div>\r\n\t\t\t<\/div>\r\n\t\t<\/div>\r\n\t\t<div class=\"col-12 col-md-4\">\r\n\t\t\t<div class=\"t-box\">\r\n\t\t\t\t<img src=\"\/wp-content\/themes\/newsite\/images\/t2.png\" \/>\r\n\t\t\t\t<div class=\"t-header\">Bezpiecznie<\/div>\r\n\t\t\t\t<div class=\"t-content\">Atestowany sprz\u0119t, nowoczesne rozwi\u0105zania i wa\u017cna polisa OC w ramach zleconej pracy to dla nas standard!<\/div>\r\n\t\t\t<\/div>\r\n\t\t<\/div>\r\n\t\t<div class=\"col-12 col-md-4\">\r\n\t\t\t<div class=\"t-box\">\r\n\t\t\t\t<img src=\"\/wp-content\/themes\/newsite\/images\/t3.png\" \/>\r\n\t\t\t\t<div class=\"t-header\">Profesjonalnie<\/div>\r\n\t\t\t\t<div class=\"t-content\">Sprawdzone rozwi\u0105zania, wieloletnie do\u015bwiadczenie i nowoczesne podej\u015bcie do realizacji projekt\u00f3w.<\/div>\r\n\t\t\t<\/div>\r\n\t\t<\/div>\r\n\t<\/div>\n\n\n\n<a id=\"whyus\"><\/a>\n\n\n<div class=\"header-kml\"><span>Why US?<\/span><\/div>\n\n\n<div class=\"row\">\r\n\t\t\t<div class=\"col-12 col-md-3\">\r\n\t\t\t\t<ul class=\"whyus-list\">\r\n\t\t\t\t<li class=\"active\" data-target=\"post898\">Staff Qualifications<\/li><li class=\"\" data-target=\"post902\">From Design to Implementation<\/li><li class=\"\" data-target=\"post904\">Materials supply<\/li><li class=\"\" data-target=\"post906\">Hardware Logistics<\/li><li class=\"\" data-target=\"post908\">Liability insurance<\/li>\r\n\t\t\t\t<\/ul>\r\n\t\t\t<\/div>\r\n\t\t\t<div class=\"col-12 col-md-9\">\r\n\t\t\t\t<div class=\"whyus-content\">\r\n\t\t\t\t<div class=\"active\" id=\"post898\"><!-- wp:paragraph {\"align\":\"center\",\"customFontSize\":18} -->\n<p style=\"font-size:18px;text-align:center\">We have the necessary and required permissions for all undertaken work. We care about current certification and raising the qualifications of our employees. The equipment on which our employees work always has current approvals and technical reviews, guaranteeing safety and reliability of operation, in accordance with the UDT (polish  <br>Office of Technical Inspection) and equipment manufacturers' guidelines. All our works are supervised by qualified OHS specialists. <\/p>\n<!-- \/wp:paragraph -->\n\n<!-- wp:paragraph {\"align\":\"center\",\"customFontSize\":18} -->\n<p style=\"font-size:18px;text-align:center\">      <br>IF YOU ARE LOOKING FOR EXPERIENCED SPECIALISTS - APPLY TO US! <\/p>\n<!-- \/wp:paragraph --><\/div><div class=\"\" id=\"post902\"><!-- wp:paragraph {\"align\":\"center\",\"customFontSize\":18} -->\n<p style=\"font-size:18px;text-align:center\">We guarantee comprehensive implementation. As a general contractor, we provide a full range of services in the implementation of orders. We deal with conceptual development, design in accordance with the latest regulations on construction technologies, execution, and acquisition of necessary components. We deliver and install finished products at the customer's premises, conducting all necessary startup tests, and guaranteeing complete documentation. We also care about maintaining our structures in technical conditions, offering maintenance services after the warranty period.<\/p>\n<!-- \/wp:paragraph --><\/div><div class=\"\" id=\"post904\"><!-- wp:paragraph {\"align\":\"center\",\"customFontSize\":18} -->\n<p style=\"font-size:18px;text-align:center\">We support projects from the logistics side, guaranteeing the delivery of materials in accordance with the project and demand. Reliable suppliers, the best price guarantee, on-time delivery, and no need to get involved in procurement and delivery issues, mean that customers are eager to reach for our comprehensive solutions!<\/p>\n<!-- \/wp:paragraph --><\/div><div class=\"\" id=\"post906\"><!-- wp:paragraph {\"align\":\"center\",\"customFontSize\":18} -->\n<p style=\"font-size:18px;text-align:center\">A competitive market requires quick adaptation and bold investment decisions. Many enterprises have their production or storage centers in many locations, between which the migration of equipment and devices is everyday life, an element required for the smooth functioning of the entire enterprise. We provide full hardware logistics during the execution of orders. As part of the service, you can count on the fast and efficient movement of equipment in production halls and their possible transfer to other zones and areas. Your machines will be ready to work wherever it is needed. We handle one-time and recurring orders, guaranteeing time and price, so you can successfully plan processes based on relocated devices.<\/p>\n<!-- \/wp:paragraph --><\/div><div class=\"\" id=\"post908\"><!-- wp:paragraph {\"align\":\"center\",\"customFontSize\":18} -->\n<p style=\"font-size:18px;text-align:center\">We start all started projects by developing the required scope of insurance. We have a liability insurance policy for damages with a maximum value of EUR 3,000,000, which in the case of projects with a higher value can be determined individually to meet your needs. The insurance guarantees peace for you and us in every situation, when the operations are risky and involve the risk of overturning, abrasions, etc. Despite all care for an accident-free style of work - it is worth having financial support from the claim adjuster!<\/p>\n<!-- \/wp:paragraph --><\/div>\r\n\t\t\t\t<\/div>\r\n\t\t\t<\/div>\r\n\t\t<\/div>\n\n\n\n<div class=\"wp-block-columns has-2-columns\">\n<div class=\"wp-block-column\">\n<figure class=\"wp-block-video d-none d-md-block\"><video controls src=\"https:\/\/dgkinstal.com.pl\/wp-content\/uploads\/2019\/05\/1080p-1.mov\"><\/video><\/figure>\n\n\n\n<figure class=\"wp-block-video d-none d-sm-block d-md-none\"><video controls src=\"https:\/\/dgkinstal.com.pl\/wp-content\/uploads\/2020\/06\/front.mp4\"><\/video><\/figure>\n<\/div>\n\n\n\n<div class=\"wp-block-column\"><div class=\"header-kml small\"><span>How do we work?<\/span><\/div>\n\n\n\n<p style=\"font-size:18px;text-align:center\">We start all work with visual inspection and then the planned safeguarding of the workplace. All activities are carried out in accordance with the instructions (health and safety regulations, fire protection, Technical Inspection Authority, internal regulations, etc.). We have ready task teams for all types of industrial works &#8211; from relocation, through service and supplies, to inspections and projects. If you are interested in how we look at the &#8222;action&#8221;, we invite you to familiarize yourself with our short promotional film, where you will find documentation of our work. We recommend it!<\/p>\n<\/div>\n<\/div>\n\n\n\n<div class=\"wp-block-columns has-2-columns\">\n<div class=\"wp-block-column\">\n<p><\/p>\n<\/div>\n\n\n\n<div class=\"wp-block-column\"><\/div>\n<\/div>\n\n\n\n<a id=\"kontakt\"><\/a>\n\n\n<div class=\"header-kml\"><span>Stay in Touch<\/span><\/div>\n\n\n<form action=\"\" method=\"POST\" class=\"contact-form\">\r\n\t\t<div class=\"row\">\r\n\t\t\t<div class=\"col-12\">\r\n\t\t\t\t<div class=\"alert alert-info\" id=\"cf_sending\">Wysy\u0142anie<\/div>\r\n\t\t\t\t<div class=\"alert alert-success\">Dzi\u0119kujemy za wys\u0142anie wiadomo\u015bci, odezwiemy si\u0119 wkr\u00f3tce!<\/div>\r\n\t\t\t\t<div class=\"alert alert-danger\">Wyst\u0105pi\u0142 nieznany b\u0142\u0105d, spr\u00f3buj ponownie.<\/div>\r\n\t\t\t\t<div class=\"alert alert-warning empty\">Pole nie mo\u017ce by\u0107 puste.<\/div>\r\n\t\t\t\t<div class=\"alert alert-warning wrong\">B\u0142\u0119dnie uzupe\u0142nione pole.<\/div>\r\n\t\t\t<\/div>\r\n\t\t<\/div>\r\n\t\t<div class=\"row\">\r\n\t\t\t<div class=\"col-12 col-md-4 form-group\">\r\n\t\t\t\t<input type=\"text\" class=\"required\" name=\"cf[Imi\u0119]\" id=\"cf_name\" value=\"\" placeholder=\"Twoje imi\u0119\" \/>\r\n\t\t\t<\/div>\r\n\t\t\t<div class=\"col-12 col-md-4 form-group\">\r\n\t\t\t\t<input type=\"text\" class=\"required\" name=\"cf[Telefon]\" id=\"cf_phone\" value=\"\" placeholder=\"Tw\u00f3j numer telefonu\" \/>\r\n\t\t\t<\/div>\r\n\t\t\t<div class=\"col-12 col-md-4 form-group\">\r\n\t\t\t\t<input type=\"text\" class=\"required check-email\" name=\"cf[Email]\" id=\"cf_email\" value=\"\" placeholder=\"Tw\u00f3j email\" \/>\r\n\t\t\t<\/div>\r\n\t\t<\/div>\r\n\t\t<div class=\"row\">\r\n\t\t\t<div class=\"col-12 form-group\">\r\n\t\t\t\t<textarea class=\"required\" name=\"cf[Wiadomo\u015b\u0107]\" id=\"cf_msg\" placeholder=\"Twoja wiadomo\u015b\u0107\"><\/textarea>\r\n\t\t\t<\/div>\r\n\t\t<\/div>\r\n\t\t<div class=\"row\">\r\n\t\t\t<div class=\"col-12\">\r\n\t\t\t\t<input type=\"submit\" class=\"\" name=\"cf_send\" id=\"cf_send\" value=\"Wy\u015blij\" placeholder=\"\" \/>\r\n\t\t\t<\/div>\r\n\t\t<\/div>\r\n\t<\/form><div class=\"row\">\r\n\t\t<div class=\"col-12 col-md-4 contact-info\">\r\n\t\t\t<p><b>DGK INSTAL Sp. z o.o.<\/b><\/p>\r\n\t\t\t<p>ul. 11 Listopada 28<\/p>\r\n\t\t\t<p>40-387 Katowice<\/p>\r\n\t\t\t<p>NIP 627-275-05-86<\/p>\r\n\t\t\t<br>\r\n\t\t\t<p>E-mail: biuro@dgkinstal.com.pl<\/p>\r\n\t\t\t<p>Tel: (+48) 500 52 52 55<\/p>\r\n\t\t\t<p>Tel: (+48) 32 246 91 22<\/p>\r\n\t\t<\/div>\r\n\t\t<div class=\"col-12 col-md-8\">\r\n\t\t\t<iframe frameborder=\"0\" style=\"width:100%;height:300px;border:0\" src=\"https:\/\/www.google.com\/maps\/embed\/v1\/place?q=DGKInstal&key=AIzaSyAxPLw6pS5hL3X_oWOex8mujSGzlyUUvmk\" allowfullscreen><\/iframe>\r\n\t\t<\/div>\r\n\t<\/div>\n\n\n","protected":false},"excerpt":{"rendered":"We start all work with visual inspection and then the planned safeguarding of the workplace. All activities are carried out in accordance with the instructions (health and safety regulations, fire protection, Technical Inspection Authority, internal regulations, etc.). We have ready task teams for all types of industrial works &#8211; from relocation, through service and supplies,&#8230; <a class=\"view-article\" href=\"https:\/\/dgkinstal.com.pl\/index.php\/en\/start-2\/\">View Article<\/a>","protected":false},"author":2,"featured_media":0,"parent":0,"menu_order":0,"comment_status":"closed","ping_status":"closed","template":"","meta":[],"_links":{"self":[{"href":"https:\/\/dgkinstal.com.pl\/index.php\/wp-json\/wp\/v2\/pages\/912"}],"collection":[{"href":"https:\/\/dgkinstal.com.pl\/index.php\/wp-json\/wp\/v2\/pages"}],"about":[{"href":"https:\/\/dgkinstal.com.pl\/index.php\/wp-json\/wp\/v2\/types\/page"}],"author":[{"embeddable":true,"href":"https:\/\/dgkinstal.com.pl\/index.php\/wp-json\/wp\/v2\/users\/2"}],"replies":[{"embeddable":true,"href":"https:\/\/dgkinstal.com.pl\/index.php\/wp-json\/wp\/v2\/comments?post=912"}],"version-history":[{"count":16,"href":"https:\/\/dgkinstal.com.pl\/index.php\/wp-json\/wp\/v2\/pages\/912\/revisions"}],"predecessor-version":[{"id":1392,"href":"https:\/\/dgkinstal.com.pl\/index.php\/wp-json\/wp\/v2\/pages\/912\/revisions\/1392"}],"wp:attachment":[{"href":"https:\/\/dgkinstal.com.pl\/index.php\/wp-json\/wp\/v2\/media?parent=912"}],"curies":[{"name":"wp","href":"https:\/\/api.w.org\/{rel}","templated":true}]}}