{"id":16,"date":"2019-05-20T09:58:35","date_gmt":"2019-05-20T07:58:35","guid":{"rendered":"http:\/\/newsite.dgkinstal.com.pl\/?page_id=16"},"modified":"2020-07-09T15:17:13","modified_gmt":"2020-07-09T13:17:13","slug":"prace-alpinistyczne","status":"publish","type":"page","link":"https:\/\/dgkinstal.com.pl\/index.php\/oferowane-uslugi\/prace-alpinistyczne\/","title":{"rendered":"Prace alpinistyczne"},"content":{"rendered":"<div class=\"row page-introduction\">\r\n\t\t<div class=\"col-12 col-md-6 header-parent\">\r\n\t\t\t<div class=\"col-12 col-md-6 offset-md-6 introduction-title\">\r\n\t\t\t\tPrace alpinistyczne\r\n\t\t\t<\/div>\r\n\t\t<\/div>\r\n\t\t<div class=\"col-12 col-md-6 text-parent\">\r\n\t\t\t<div class=\"col-12 introduction-text\">\r\n\t\t\t\tOferujemy szerokie spektrum us\u0142ug alpinistycznych i wysoko\u015bciowych w warunkach przemys\u0142owych. Wykorzystuj\u0105c dost\u0119py linowe, osi\u0105gamy przewag\u0119 nad standardowymi pracami wysoko\u015bciowymi. Posiadamy wszelkie niezb\u0119dne uprawnienia w zakresie prowadzonych prac. Wspieramy si\u0119 najwy\u017cszej jako\u015bci sprz\u0119tem ochrony indywidualnej uznanych marek. Zawsze stajemy na wysoko\u015bci zadania!\r\n\t\t\t<\/div>\r\n\t\t<\/div>\r\n\t<\/div>\n\n\n<div class=\"header-kml\"><span>W ramach us\u0142ugi proponujemy<\/span><\/div>\n\n\n<p><div class=\"row\"><br \/>\n<div class=\"col-12 col-sm-6 col-md-4\">\r\n\t\t<div class=\"uslugi-box-kml smaller-box\">\r\n\t\t\t<div class=\"box-header\">Prace <span>antykorozyjne <\/span><\/span><\/div>\r\n\t\t\t<div class=\"box-subheader\">Zabezpieczanie konstrukcji stalowych, betonu i \u017celbetu<\/div>\r\n\t\t\t<div class=\"box-content\">Malowanie, impregnacja, zabezpieczenie przed korozj\u0105, badanie pow\u0142ok, czyszczenie (piaskowanie)<\/div>\r\n\t\t<\/div>\r\n\t<\/div><br \/>\n<div class=\"col-12 col-sm-6 col-md-4\">\r\n\t\t<div class=\"uslugi-box-kml smaller-box\">\r\n\t\t\t<div class=\"box-header\">Monta\u017c <span>konstrukcji na <span>wysoko\u015bciach <\/span><\/span><\/div>\r\n\t\t\t<div class=\"box-subheader\">Praca z rusztowaniem linowym<\/div>\r\n\t\t\t<div class=\"box-content\">Podesty robocze, drabiny, uchwyty antenowe, piony wentylacyjne, kominy, trasy kablowe, spawanie, ci\u0119cie itp.<\/div>\r\n\t\t<\/div>\r\n\t<\/div><br \/>\n<div class=\"col-12 col-sm-6 col-md-4\">\r\n\t\t<div class=\"uslugi-box-kml smaller-box\">\r\n\t\t\t<div class=\"box-header\">Rewizje <span>wysoko\u015bciowe i <span>g\u0142\u0119binowe <\/span><\/span><\/div>\r\n\t\t\t<div class=\"box-subheader\">Kontrola specjalistyczna stanu technicznego<\/div>\r\n\t\t\t<div class=\"box-content\">Rewizje komin\u00f3w, silos\u00f3w, dach\u00f3w i powierzchni na wysoko\u015bciach, rewizje zbiornik\u00f3w.<\/div>\r\n\t\t<\/div>\r\n\t<\/div><br \/>\n<\/div><br \/>\n<div class=\"row\"><br \/>\n<div class=\"col-12 col-sm-6 col-md-4\">\r\n\t\t<div class=\"uslugi-box-kml smaller-box\">\r\n\t\t\t<div class=\"box-header\">Konserwacj\u0119 <span>obiekt\u00f3w <span>specjalnego <span>przeznaczenia <\/span><\/span><\/div>\r\n\t\t\t<div class=\"box-subheader\">Praca zgodnie z wytycznymi projektu<\/div>\r\n\t\t\t<div class=\"box-content\">Konserwacja i bie\u017c\u0105ce naprawy obiekt\u00f3w, bezinwazyjne testy konstrukcji, praca pod nadzorem architekt\u00f3w i in\u017cynier\u00f3w.<\/div>\r\n\t\t<\/div>\r\n\t<\/div><br \/>\n<div class=\"col-12 col-sm-6 col-md-4\">\r\n\t\t<div class=\"uslugi-box-kml smaller-box\">\r\n\t\t\t<div class=\"box-header\">Budow\u0119 <span>konstrukcji <span>reklamowych <\/span><\/span><\/div>\r\n\t\t\t<div class=\"box-subheader\">Indywidualne obiekty reklamowe<\/div>\r\n\t\t\t<div class=\"box-content\">Montaz tablic reklamowych billboard\u00f3w, budowa maszt\u00f3w i konstrukcji z kratownic, projekty na zam\u00f3wienie, o\u015bwietlenie powierzchni reklamowej, legalizacja reklam<\/div>\r\n\t\t<\/div>\r\n\t<\/div><br \/>\n<div class=\"col-12 col-sm-6 col-md-4\">\r\n\t\t<div class=\"uslugi-box-kml smaller-box\">\r\n\t\t\t<div class=\"box-header\">Zabezpieczenie <span>konstrukcji <span>przed <span>odchyleniem <span>lub <span>upadkiem <\/span><\/span><\/div>\r\n\t\t\t<div class=\"box-subheader\">Asekuracja konstrukcji, wywa\u017canie, pomoc w za\u0142adunku i roz\u0142adunku, zabezpieczenie ci\u0119\u017car\u00f3w, relokacje wysoko\u015bciowe, kontrolowane opuszczanie i podnoszenie konstrukcji.<\/div>\r\n\t\t\t<div class=\"box-content\"><\/div>\r\n\t\t<\/div>\r\n\t<\/div><br \/>\n<\/div><\/p>\n\n\n<div class=\"tryptyk row pl_PL\">\r\n\t\t<div class=\"col-12 col-md-4\">\r\n\t\t\t<div class=\"t-box\">\r\n\t\t\t\t<img src=\"\/wp-content\/themes\/newsite\/images\/t1.png\" \/>\r\n\t\t\t\t<div class=\"t-header\">Terminowo<\/div>\r\n\t\t\t\t<div class=\"t-content\">Pracujemy wg. Rygorystycznych re\u017cim\u00f3w czasowych, daj\u0105c Ci gwarancj\u0119 szybkiej i realizacji powierzonych zlece\u0144.<\/div>\r\n\t\t\t<\/div>\r\n\t\t<\/div>\r\n\t\t<div class=\"col-12 col-md-4\">\r\n\t\t\t<div class=\"t-box\">\r\n\t\t\t\t<img src=\"\/wp-content\/themes\/newsite\/images\/t2.png\" \/>\r\n\t\t\t\t<div class=\"t-header\">Bezpiecznie<\/div>\r\n\t\t\t\t<div class=\"t-content\">Atestowany sprz\u0119t, nowoczesne rozwi\u0105zania i wa\u017cna polisa OC w ramach zleconej pracy to dla nas standard!<\/div>\r\n\t\t\t<\/div>\r\n\t\t<\/div>\r\n\t\t<div class=\"col-12 col-md-4\">\r\n\t\t\t<div class=\"t-box\">\r\n\t\t\t\t<img src=\"\/wp-content\/themes\/newsite\/images\/t3.png\" \/>\r\n\t\t\t\t<div class=\"t-header\">Profesjonalnie<\/div>\r\n\t\t\t\t<div class=\"t-content\">Sprawdzone rozwi\u0105zania, wieloletnie do\u015bwiadczenie i nowoczesne podej\u015bcie do realizacji projekt\u00f3w.<\/div>\r\n\t\t\t<\/div>\r\n\t\t<\/div>\r\n\t<\/div>\n\n\n\n<div style=\"height:40px\" aria-hidden=\"true\" class=\"wp-block-spacer\"><\/div>\n\n\n\n<p class=\"has-medium-font-size\">Oferujemy pe\u0142ne spektrum us\u0142ug alpinistycznych i wysoko\u015bciowych w warunkach przemys\u0142owych. W pracach alpinistycznych wykorzystujemy rusztowania linowe, dzi\u0119ki czemu osi\u0105gamy przewag\u0119 nad konstrukcjami standardowymi (rusztowania) wsz\u0119dzie tam, gdzie proces rozstawienia standardowych zabezpiecze\u0144 jest utrudniony lub niemo\u017cliwy do zrealizowania ze wzgl\u0119du na uwarunkowania techniczne czy po prostu koszt instalacji.<\/p>\n\n\n\n<div style=\"height:20px\" aria-hidden=\"true\" class=\"wp-block-spacer\"><\/div>\n\n\n\n<p class=\"has-medium-font-size\">Korzystamy z wszelkich znanych\ntechnik alpinistycznych, stosuj\u0105c nie tylko rozwi\u0105zania z zakresu&nbsp; zjazdu i podchodzenie po linie (podstawy\nalpinizmu), ale tak\u017ce adaptuj\u0105c zdobycze alpinistyki do zastosowa\u0144 przemys\u0142owych\n\u2013 w kwestiach asekuracji i ochrony pracownik\u00f3w wykonuj\u0105cych czynno\u015bci\nserwisowe, rewizyjne lub naprawcze.<\/p>\n\n\n\n<div style=\"height:20px\" aria-hidden=\"true\" class=\"wp-block-spacer\"><\/div>\n\n\n\n<p class=\"has-medium-font-size\">Posiadamy wszelkie niezb\u0119dne\nuprawnienia w zakresie pozwalaj\u0105cym na prowadzenie proponowanych prac (IRTA,\nSPART, OTDL i inne), wszelkie prace na wysoko\u015bciach kierowane wykonujemy w\nobecno\u015bci niezb\u0119dnych zabezpiecze\u0144, jedynie z wykorzystaniem atestowanego i\nsprawnego technicznie Sprz\u0119tu Ochrony Indywidualnej z aktualnymi\ndopuszczeniami.<\/p>\n\n\n\n<div style=\"height:20px\" aria-hidden=\"true\" class=\"wp-block-spacer\"><\/div>\n\n\n<div class=\"row\"><br \/>\n<div class=\"col-12\"><div class=\"row\"><div class=\"col-12 col-md-4 offset-md-4\"><button data-target=\"1776771957\" class=\"reveal_button\">Zobacz co jeszcze proponujemy<\/button><\/div><\/div><\/div>\r\n\t\t\t<div id=\"1776771957\" class=\"hidden_boxes\"><div class=\"row\"><br \/>\n<div class=\"col-12 col-sm-6 col-md-4\">\r\n\t\t<div class=\"uslugi-box-kml smaller-box\">\r\n\t\t\t<div class=\"box-header\">Pomiary na <span>wysoko\u015bciach <\/span><\/span><\/div>\r\n\t\t\t<div class=\"box-subheader\"><\/div>\r\n\t\t\t<div class=\"box-content\"><\/div>\r\n\t\t<\/div>\r\n\t<\/div><br \/>\n<div class=\"col-12 col-sm-6 col-md-4\">\r\n\t\t<div class=\"uslugi-box-kml smaller-box\">\r\n\t\t\t<div class=\"box-header\">Transport <span>wysoko\u015bciowy <\/span><\/span><\/div>\r\n\t\t\t<div class=\"box-subheader\"><\/div>\r\n\t\t\t<div class=\"box-content\"><\/div>\r\n\t\t<\/div>\r\n\t<\/div><br \/>\n<div class=\"col-12 col-sm-6 col-md-4\">\r\n\t\t<div class=\"uslugi-box-kml smaller-box\">\r\n\t\t\t<div class=\"box-header\">Badania <span>nieniszcz\u0105ce <span>(NDT) <\/span><\/span><\/div>\r\n\t\t\t<div class=\"box-subheader\"><\/div>\r\n\t\t\t<div class=\"box-content\"><\/div>\r\n\t\t<\/div>\r\n\t<\/div><br \/>\n<div class=\"col-12 col-sm-6 col-md-4\">\r\n\t\t<div class=\"uslugi-box-kml smaller-box\">\r\n\t\t\t<div class=\"box-header\">Instalacje i <span>przegl\u0105dy <span>punkt\u00f3w <span>asekuracyjnych <\/span><\/span><\/div>\r\n\t\t\t<div class=\"box-subheader\"><\/div>\r\n\t\t\t<div class=\"box-content\"><\/div>\r\n\t\t<\/div>\r\n\t<\/div><br \/>\n<div class=\"col-12 col-sm-6 col-md-4\">\r\n\t\t<div class=\"uslugi-box-kml smaller-box\">\r\n\t\t\t<div class=\"box-header\">Docieplenia <span>trudnodost\u0119pnych <span>miejsc <\/span><\/span><\/div>\r\n\t\t\t<div class=\"box-subheader\"><\/div>\r\n\t\t\t<div class=\"box-content\"><\/div>\r\n\t\t<\/div>\r\n\t<\/div><br \/>\n<div class=\"col-12 col-sm-6 col-md-4\">\r\n\t\t<div class=\"uslugi-box-kml smaller-box\">\r\n\t\t\t<div class=\"box-header\">Instalacje <span>przeciwoblodzeniowe <\/span><\/span><\/div>\r\n\t\t\t<div class=\"box-subheader\"><\/div>\r\n\t\t\t<div class=\"box-content\"><\/div>\r\n\t\t<\/div>\r\n\t<\/div><br \/>\n<div class=\"col-12 col-sm-6 col-md-4\">\r\n\t\t<div class=\"uslugi-box-kml smaller-box\">\r\n\t\t\t<div class=\"box-header\">Od\u015bnie\u017canie <span>dach\u00f3w <\/span><\/span><\/div>\r\n\t\t\t<div class=\"box-subheader\"><\/div>\r\n\t\t\t<div class=\"box-content\"><\/div>\r\n\t\t<\/div>\r\n\t<\/div><br \/>\n<div class=\"col-12 col-sm-6 col-md-4\">\r\n\t\t<div class=\"uslugi-box-kml smaller-box\">\r\n\t\t\t<div class=\"box-header\">Instalacje <span>grzewcze <\/span><\/span><\/div>\r\n\t\t\t<div class=\"box-subheader\"><\/div>\r\n\t\t\t<div class=\"box-content\"><\/div>\r\n\t\t<\/div>\r\n\t<\/div><br \/>\n<div class=\"col-12 col-sm-6 col-md-4\">\r\n\t\t<div class=\"uslugi-box-kml smaller-box\">\r\n\t\t\t<div class=\"box-header\">Monta\u017c <span>reklam <\/span><\/span><\/div>\r\n\t\t\t<div class=\"box-subheader\"><\/div>\r\n\t\t\t<div class=\"box-content\"><\/div>\r\n\t\t<\/div>\r\n\t<\/div><br \/>\n<div class=\"col-12 col-sm-6 col-md-4\">\r\n\t\t<div class=\"uslugi-box-kml smaller-box\">\r\n\t\t\t<div class=\"box-header\">Monta\u017c i <span>wymiana <span>przemys\u0142owych <span>filtr\u00f3w <span>kominowych <\/span><\/span><\/div>\r\n\t\t\t<div class=\"box-subheader\"><\/div>\r\n\t\t\t<div class=\"box-content\"><\/div>\r\n\t\t<\/div>\r\n\t<\/div><br \/>\n<div class=\"col-12 col-sm-6 col-md-4\">\r\n\t\t<div class=\"uslugi-box-kml smaller-box\">\r\n\t\t\t<div class=\"box-header\">Monta\u017c i <span>konserwacja <span>kana\u0142\u00f3w <span>wentylacyjnych <\/span><\/span><\/div>\r\n\t\t\t<div class=\"box-subheader\"><\/div>\r\n\t\t\t<div class=\"box-content\"><\/div>\r\n\t\t<\/div>\r\n\t<\/div><br \/>\n<div class=\"col-12 col-sm-6 col-md-4\">\r\n\t\t<div class=\"uslugi-box-kml smaller-box\">\r\n\t\t\t<div class=\"box-header\">Wymiana, <span>monta\u017c, <span>uszczelnianie <span>fasad <\/span><\/span><\/div>\r\n\t\t\t<div class=\"box-subheader\"><\/div>\r\n\t\t\t<div class=\"box-content\"><\/div>\r\n\t\t<\/div>\r\n\t<\/div><br \/>\n<div class=\"col-12 col-sm-6 col-md-4\">\r\n\t\t<div class=\"uslugi-box-kml smaller-box\">\r\n\t\t\t<div class=\"box-header\">Monta\u017c <span>czujnik\u00f3w <span>wczesnego <span>ostrzegania <span>(spaliny, <span>gazy <span>itp.) <\/span><\/span><\/div>\r\n\t\t\t<div class=\"box-subheader\"><\/div>\r\n\t\t\t<div class=\"box-content\"><\/div>\r\n\t\t<\/div>\r\n\t<\/div><br \/>\n<div class=\"col-12 col-sm-6 col-md-4\">\r\n\t\t<div class=\"uslugi-box-kml smaller-box\">\r\n\t\t\t<div class=\"box-header\">Monta\u017c <span>reklam <\/span><\/span><\/div>\r\n\t\t\t<div class=\"box-subheader\"><\/div>\r\n\t\t\t<div class=\"box-content\"><\/div>\r\n\t\t<\/div>\r\n\t<\/div><br \/>\n<div class=\"col-12 col-sm-6 col-md-4\">\r\n\t\t<div class=\"uslugi-box-kml smaller-box\">\r\n\t\t\t<div class=\"box-header\">Monta\u017c <span>anten, <span>iglic, <span>maszt\u00f3w <span>itp. <\/span><\/span><\/div>\r\n\t\t\t<div class=\"box-subheader\"><\/div>\r\n\t\t\t<div class=\"box-content\"><\/div>\r\n\t\t<\/div>\r\n\t<\/div><br \/>\n<div class=\"col-12 col-sm-6 col-md-4\">\r\n\t\t<div class=\"uslugi-box-kml smaller-box\">\r\n\t\t\t<div class=\"box-header\">Konstrukcja <span>dost\u0119p\u00f3w <span>linowych i <span>zabezpieczaj\u0105cych <\/span><\/span><\/div>\r\n\t\t\t<div class=\"box-subheader\"><\/div>\r\n\t\t\t<div class=\"box-content\"><\/div>\r\n\t\t<\/div>\r\n\t<\/div><br \/>\n<div class=\"col-12 col-sm-6 col-md-4\">\r\n\t\t<div class=\"uslugi-box-kml smaller-box\">\r\n\t\t\t<div class=\"box-header\">Ekspertyzy, <span>inwentaryzacje, <span>pomiary <\/span><\/span><\/div>\r\n\t\t\t<div class=\"box-subheader\"><\/div>\r\n\t\t\t<div class=\"box-content\"><\/div>\r\n\t\t<\/div>\r\n\t<\/div><br \/>\n<div class=\"col-12 col-sm-6 col-md-4\">\r\n\t\t<div class=\"uslugi-box-kml smaller-box\">\r\n\t\t\t<div class=\"box-header\">Inne <span>prace na <span>wysoko\u015bciach <\/span><\/span><\/div>\r\n\t\t\t<div class=\"box-subheader\"><\/div>\r\n\t\t\t<div class=\"box-content\"><\/div>\r\n\t\t<\/div>\r\n\t<\/div><br \/>\n<\/div><\/div><br \/>\n<\/div>\n\n\n\n<p><\/p>\n\n\n<div class=\"header-kml\"><span>Jak pracujemy na wysoko\u015bciach?<\/span><\/div>\n\n\n<div class=\"gallery-kml\">\r\n\t\t<a id=\"gallery\">&nbsp;<\/a><div class=\"row\"><a href=\"https:\/\/dgkinstal.com.pl\/wp-content\/uploads\/2019\/06\/IMG_4203.jpg\" title=\"IMG_4203\" class=\"lightbox-kml\"><div class=\"normal\" style=\"background-image:url('\/wp-content\/themes\/newsite\/timthumb.php?src=https:\/\/dgkinstal.com.pl\/wp-content\/uploads\/2019\/06\/IMG_4203.jpg&h=400&f=2');\"><\/div><div class=\"hovered\" style=\"background-image:url('\/wp-content\/themes\/newsite\/timthumb.php?src=https:\/\/dgkinstal.com.pl\/wp-content\/uploads\/2019\/06\/IMG_4203.jpg&h=400');\"><\/div><\/a><a href=\"https:\/\/dgkinstal.com.pl\/wp-content\/uploads\/2019\/06\/IMG_4301.jpg\" title=\"IMG_4301\" class=\"lightbox-kml\"><div class=\"normal\" style=\"background-image:url('\/wp-content\/themes\/newsite\/timthumb.php?src=https:\/\/dgkinstal.com.pl\/wp-content\/uploads\/2019\/06\/IMG_4301.jpg&h=400&f=2');\"><\/div><div class=\"hovered\" style=\"background-image:url('\/wp-content\/themes\/newsite\/timthumb.php?src=https:\/\/dgkinstal.com.pl\/wp-content\/uploads\/2019\/06\/IMG_4301.jpg&h=400');\"><\/div><\/a><a href=\"https:\/\/dgkinstal.com.pl\/wp-content\/uploads\/2019\/06\/IMG_4329.jpg\" title=\"IMG_4329\" class=\"lightbox-kml\"><div class=\"normal\" style=\"background-image:url('\/wp-content\/themes\/newsite\/timthumb.php?src=https:\/\/dgkinstal.com.pl\/wp-content\/uploads\/2019\/06\/IMG_4329.jpg&h=400&f=2');\"><\/div><div class=\"hovered\" style=\"background-image:url('\/wp-content\/themes\/newsite\/timthumb.php?src=https:\/\/dgkinstal.com.pl\/wp-content\/uploads\/2019\/06\/IMG_4329.jpg&h=400');\"><\/div><\/a><a href=\"https:\/\/dgkinstal.com.pl\/wp-content\/uploads\/2019\/06\/IMG_4583.jpg\" title=\"IMG_4583\" class=\"lightbox-kml\"><div class=\"normal\" style=\"background-image:url('\/wp-content\/themes\/newsite\/timthumb.php?src=https:\/\/dgkinstal.com.pl\/wp-content\/uploads\/2019\/06\/IMG_4583.jpg&h=400&f=2');\"><\/div><div class=\"hovered\" style=\"background-image:url('\/wp-content\/themes\/newsite\/timthumb.php?src=https:\/\/dgkinstal.com.pl\/wp-content\/uploads\/2019\/06\/IMG_4583.jpg&h=400');\"><\/div><\/a><\/div><div class=\"row\"><a href=\"https:\/\/dgkinstal.com.pl\/wp-content\/uploads\/2019\/06\/IMG_4596.jpg\" title=\"IMG_4596\" class=\"lightbox-kml\"><div class=\"normal\" style=\"background-image:url('\/wp-content\/themes\/newsite\/timthumb.php?src=https:\/\/dgkinstal.com.pl\/wp-content\/uploads\/2019\/06\/IMG_4596.jpg&h=400&f=2');\"><\/div><div class=\"hovered\" style=\"background-image:url('\/wp-content\/themes\/newsite\/timthumb.php?src=https:\/\/dgkinstal.com.pl\/wp-content\/uploads\/2019\/06\/IMG_4596.jpg&h=400');\"><\/div><\/a><a href=\"https:\/\/dgkinstal.com.pl\/wp-content\/uploads\/2019\/06\/IMG_4670.jpg\" title=\"IMG_4670\" class=\"lightbox-kml\"><div class=\"normal\" style=\"background-image:url('\/wp-content\/themes\/newsite\/timthumb.php?src=https:\/\/dgkinstal.com.pl\/wp-content\/uploads\/2019\/06\/IMG_4670.jpg&h=400&f=2');\"><\/div><div class=\"hovered\" style=\"background-image:url('\/wp-content\/themes\/newsite\/timthumb.php?src=https:\/\/dgkinstal.com.pl\/wp-content\/uploads\/2019\/06\/IMG_4670.jpg&h=400');\"><\/div><\/a><a href=\"https:\/\/dgkinstal.com.pl\/wp-content\/uploads\/2019\/06\/IMG_4674.jpg\" title=\"IMG_4674\" class=\"lightbox-kml\"><div class=\"normal\" style=\"background-image:url('\/wp-content\/themes\/newsite\/timthumb.php?src=https:\/\/dgkinstal.com.pl\/wp-content\/uploads\/2019\/06\/IMG_4674.jpg&h=400&f=2');\"><\/div><div class=\"hovered\" style=\"background-image:url('\/wp-content\/themes\/newsite\/timthumb.php?src=https:\/\/dgkinstal.com.pl\/wp-content\/uploads\/2019\/06\/IMG_4674.jpg&h=400');\"><\/div><\/a><a href=\"https:\/\/dgkinstal.com.pl\/wp-content\/uploads\/2019\/06\/IMG_4706.jpg\" title=\"IMG_4706\" class=\"lightbox-kml\"><div class=\"normal\" style=\"background-image:url('\/wp-content\/themes\/newsite\/timthumb.php?src=https:\/\/dgkinstal.com.pl\/wp-content\/uploads\/2019\/06\/IMG_4706.jpg&h=400&f=2');\"><\/div><div class=\"hovered\" style=\"background-image:url('\/wp-content\/themes\/newsite\/timthumb.php?src=https:\/\/dgkinstal.com.pl\/wp-content\/uploads\/2019\/06\/IMG_4706.jpg&h=400');\"><\/div><\/a><\/div>\r\n\t\t\t\t\t\t<div class=\"row\">\r\n\t\t\t\t\t\t\t<a  href=\"\" class=\"show-more-gallery button-kml\">Poka\u017c wi\u0119cej<\/a>\r\n\t\t\t\t\t\t<\/div>\r\n\t\t\t\t\t<div class=\"row gallery-row hide-me\"><a href=\"https:\/\/dgkinstal.com.pl\/wp-content\/uploads\/2020\/04\/IMG_1948-2020-04-16-11_45_29.jpg\" title=\"Relokacja maszyn szybem windowym\" class=\"lightbox-kml\"><div class=\"normal\" style=\"background-image:url('\/wp-content\/themes\/newsite\/timthumb.php?src=https:\/\/dgkinstal.com.pl\/wp-content\/uploads\/2020\/04\/IMG_1948-2020-04-16-11_45_29.jpg&h=400&f=2');\"><\/div><div class=\"hovered\" style=\"background-image:url('\/wp-content\/themes\/newsite\/timthumb.php?src=https:\/\/dgkinstal.com.pl\/wp-content\/uploads\/2020\/04\/IMG_1948-2020-04-16-11_45_29.jpg&h=400');\"><\/div><\/a><a href=\"https:\/\/dgkinstal.com.pl\/wp-content\/uploads\/2020\/04\/c5c442d2-0ac1-416c-a741-ba31df9dd59d-2020-04-16-11_45_28.jpg\" title=\"pace alpinistyczne naprawa d\u017awigu\" class=\"lightbox-kml\"><div class=\"normal\" style=\"background-image:url('\/wp-content\/themes\/newsite\/timthumb.php?src=https:\/\/dgkinstal.com.pl\/wp-content\/uploads\/2020\/04\/c5c442d2-0ac1-416c-a741-ba31df9dd59d-2020-04-16-11_45_28.jpg&h=400&f=2');\"><\/div><div class=\"hovered\" style=\"background-image:url('\/wp-content\/themes\/newsite\/timthumb.php?src=https:\/\/dgkinstal.com.pl\/wp-content\/uploads\/2020\/04\/c5c442d2-0ac1-416c-a741-ba31df9dd59d-2020-04-16-11_45_28.jpg&h=400');\"><\/div><\/a><a href=\"https:\/\/dgkinstal.com.pl\/wp-content\/uploads\/2020\/04\/prace-alpinistyczne-naprawa-d\u017awigu-2.jpg\" title=\"prace alpinistyczne naprawa d\u017awigu 2\" class=\"lightbox-kml\"><div class=\"normal\" style=\"background-image:url('\/wp-content\/themes\/newsite\/timthumb.php?src=https:\/\/dgkinstal.com.pl\/wp-content\/uploads\/2020\/04\/prace-alpinistyczne-naprawa-d\u017awigu-2.jpg&h=400&f=2');\"><\/div><div class=\"hovered\" style=\"background-image:url('\/wp-content\/themes\/newsite\/timthumb.php?src=https:\/\/dgkinstal.com.pl\/wp-content\/uploads\/2020\/04\/prace-alpinistyczne-naprawa-d\u017awigu-2.jpg&h=400');\"><\/div><\/a><a href=\"https:\/\/dgkinstal.com.pl\/wp-content\/uploads\/2020\/04\/IMG_2232-2020-04-16-11_45_29.jpg\" title=\"z Demonta\u017c suwnicy\" class=\"lightbox-kml\"><div class=\"normal\" style=\"background-image:url('\/wp-content\/themes\/newsite\/timthumb.php?src=https:\/\/dgkinstal.com.pl\/wp-content\/uploads\/2020\/04\/IMG_2232-2020-04-16-11_45_29.jpg&h=400&f=2');\"><\/div><div class=\"hovered\" style=\"background-image:url('\/wp-content\/themes\/newsite\/timthumb.php?src=https:\/\/dgkinstal.com.pl\/wp-content\/uploads\/2020\/04\/IMG_2232-2020-04-16-11_45_29.jpg&h=400');\"><\/div><\/a><\/div><div class=\"row gallery-row hide-me\"><\/div><\/div>\r\n\t\t<div class=\"row\">\r\n\t\t\t<div class=\"col-6 col-md-4 \"><a href=\"https:\/\/dgkinstal.com.pl\/?post_type=page&p=14#gallery\" class=\"button-kml\">Galeria: Instalacje technologiczne<\/a><\/div>\r\n\t\t\t<div class=\"col-6 col-md-4 offset-md-4\"><a href=\"https:\/\/dgkinstal.com.pl\/?post_type=page&p=94#gallery\" class=\"button-kml\">Galeria: Obr\u00f3bka CNC<\/a><\/div>\r\n\t\t<\/div><div class=\"modal fade\" id=\"galleryModal\" tabindex=\"-1\" role=\"dialog\" aria-labelledby=\"exampleModalLabel\" aria-hidden=\"true\">\r\n\t\t<div class=\"modal-dialog  modal-xl modal-dialog-centered\" role=\"document\">\r\n\t\t\t<div class=\"modal-content\">\r\n\t\t\t\t<div class=\"modal-body\" style=\"background-position:center center;background-size:100px;background-repeat:no-repeat;background-image:url('\/wp-content\/themes\/newsite\/images\/loader.gif');\">\r\n\t\t\t\t\t<button type=\"button\" class=\"close\" data-dismiss=\"modal\" aria-label=\"Close\">\r\n\t\t\t\t\t\t<span aria-hidden=\"true\">&times;<\/span>\r\n\t\t\t\t\t<\/button>\r\n\t\t\t\t\t<img class=\"modal-image\" src=\"\" \/>\r\n\t\t\t\t<\/div>\r\n\t\t\t<\/div>\r\n\t\t<\/div>\r\n\t<\/div>\n\n\n\n<div style=\"height:20px\" aria-hidden=\"true\" class=\"wp-block-spacer\"><\/div>\n\n\n\n<pre class=\"wp-block-preformatted\"><strong>TAGI:<\/strong> <em>prace alpinistyczne, prace wysoko\u015bciowe, rusztowania linowe, bezpiecze\u0144stwo pracy, rewizje elewacji, rewizje zbiornik\u00f3w, prace konserwacyjne, konserwacja silos\u00f3w prace alpinistyczne, rusztowania linowe, bezpiecze\u0144stwo pracy, rewizje elewacji, rewizje zbiornik\u00f3w, prace konserwacyjne, konserwacja silos\u00f3w, bezpiecze\u0144stwo pracy, rewizje elewacji, rewizje zbiornik\u00f3w, prace konserwacyjne.<\/em><\/pre>\n\n\n\n<div style=\"height:20px\" aria-hidden=\"true\" class=\"wp-block-spacer\"><\/div>\n","protected":false},"excerpt":{"rendered":"Oferujemy pe\u0142ne spektrum us\u0142ug alpinistycznych i wysoko\u015bciowych w warunkach przemys\u0142owych. W pracach alpinistycznych wykorzystujemy rusztowania linowe, dzi\u0119ki czemu osi\u0105gamy przewag\u0119 nad konstrukcjami standardowymi (rusztowania) wsz\u0119dzie tam, gdzie proces rozstawienia standardowych zabezpiecze\u0144 jest utrudniony lub niemo\u017cliwy do zrealizowania ze wzgl\u0119du na uwarunkowania techniczne czy po prostu koszt instalacji. Korzystamy z wszelkich znanych technik alpinistycznych, stosuj\u0105c nie&#8230; <a class=\"view-article\" href=\"https:\/\/dgkinstal.com.pl\/index.php\/oferowane-uslugi\/prace-alpinistyczne\/\">View Article<\/a>","protected":false},"author":1,"featured_media":85,"parent":201,"menu_order":0,"comment_status":"closed","ping_status":"closed","template":"","meta":[],"_links":{"self":[{"href":"https:\/\/dgkinstal.com.pl\/index.php\/wp-json\/wp\/v2\/pages\/16"}],"collection":[{"href":"https:\/\/dgkinstal.com.pl\/index.php\/wp-json\/wp\/v2\/pages"}],"about":[{"href":"https:\/\/dgkinstal.com.pl\/index.php\/wp-json\/wp\/v2\/types\/page"}],"author":[{"embeddable":true,"href":"https:\/\/dgkinstal.com.pl\/index.php\/wp-json\/wp\/v2\/users\/1"}],"replies":[{"embeddable":true,"href":"https:\/\/dgkinstal.com.pl\/index.php\/wp-json\/wp\/v2\/comments?post=16"}],"version-history":[{"count":74,"href":"https:\/\/dgkinstal.com.pl\/index.php\/wp-json\/wp\/v2\/pages\/16\/revisions"}],"predecessor-version":[{"id":445,"href":"https:\/\/dgkinstal.com.pl\/index.php\/wp-json\/wp\/v2\/pages\/16\/revisions\/445"}],"up":[{"embeddable":true,"href":"https:\/\/dgkinstal.com.pl\/index.php\/wp-json\/wp\/v2\/pages\/201"}],"wp:featuredmedia":[{"embeddable":true,"href":"https:\/\/dgkinstal.com.pl\/index.php\/wp-json\/wp\/v2\/media\/85"}],"wp:attachment":[{"href":"https:\/\/dgkinstal.com.pl\/index.php\/wp-json\/wp\/v2\/media?parent=16"}],"curies":[{"name":"wp","href":"https:\/\/api.w.org\/{rel}","templated":true}]}}