{"id":1287,"date":"2021-06-16T12:31:24","date_gmt":"2021-06-16T10:31:24","guid":{"rendered":"http:\/\/dgkinstal.com.pl\/?page_id=1287"},"modified":"2021-06-22T14:49:27","modified_gmt":"2021-06-22T12:49:27","slug":"maschinen-und-geratebau","status":"publish","type":"page","link":"https:\/\/dgkinstal.com.pl\/index.php\/de\/maschinen-und-geratebau\/","title":{"rendered":"Maschinen- und Ger\u00e4tebau"},"content":{"rendered":"<div class=\"row page-introduction\">\r\n\t\t<div class=\"col-12 col-md-6 header-parent\">\r\n\t\t\t<div class=\"col-12 col-md-6 offset-md-6 introduction-title\">\r\n\t\t\t\tMaschinen- und Ger\u00e4tebau\r\n\t\t\t<\/div>\r\n\t\t<\/div>\r\n\t\t<div class=\"col-12 col-md-6 text-parent\">\r\n\t\t\t<div class=\"col-12 introduction-text\">\r\n\t\t\t\tWir sind eine Gruppe von kreativen und begabten Ingenieuren mit langj\u00e4hriger Erfahrung in der Industriebranche. Gerne \u00fcbernehmen wir schwere Aufgaben und Herausforderungen, die kreatives Denken verlangen. Jede Angelegenheit wird mit vollem Engagement erledigt, wir bieten Ihnen unser Wissen und Erfahrung an. Wir sind bekannt f\u00fcr bew\u00e4hrte, solide, flexible und kreative L\u00f6sungen im Bereich der Ger\u00e4temechanik. \r\n\t\t\t<\/div>\r\n\t\t<\/div>\r\n\t<\/div>\n\n\n<div class=\"header-kml\"><span>Wir k\u00f6nnen Ihnen Folgendes anbieten:<\/span><\/div>\n\n\n<p><div class=\"row\"><br \/>\n<div class=\"col-12 col-sm-6 col-md-4\">\r\n\t\t<div class=\"uslugi-box-kml smaller-box\">\r\n\t\t\t<div class=\"box-header\">Entwerfen <span>von <span>Maschinen <span>und <span>Ger\u00e4ten, <\/span><\/span><\/div>\r\n\t\t\t<div class=\"box-subheader\">die an die Bed\u00fcrfnisse des Kunden angepasst sind.<\/div>\r\n\t\t\t<div class=\"box-content\">Optimierung des Produktionsvolumens, Begrenzung von Ausfallzeiten w\u00e4hrend der Produktion. <\/div>\r\n\t\t<\/div>\r\n\t<\/div><br \/>\n<div class=\"col-12 col-sm-6 col-md-4\">\r\n\t\t<div class=\"uslugi-box-kml smaller-box\">\r\n\t\t\t<div class=\"box-header\">Anfertigung <span>von <span>Ersatzteilen. <\/span><\/span><\/div>\r\n\t\t\t<div class=\"box-subheader\">Sie k\u00f6nnen bei uns fertige Bauteile bestellen, sie werden in unserer Werkstadt hergestellt.<\/div>\r\n\t\t\t<div class=\"box-content\">Wartung von jeglichen Maschinen gem\u00e4\u00df der Anweisungen oder Pl\u00e4nen.  <\/div>\r\n\t\t<\/div>\r\n\t<\/div><br \/>\n<div class=\"col-12 col-sm-6 col-md-4\">\r\n\t\t<div class=\"uslugi-box-kml smaller-box\">\r\n\t\t\t<div class=\"box-header\">Strukturdynamische <span>Berechnungen: <span>MES- <span>und <span>FEM-Berechnungen. <\/span><\/span><\/div>\r\n\t\t\t<div class=\"box-subheader\">Kontrolle der angewendeten L\u00f6sungen.<\/div>\r\n\t\t\t<div class=\"box-content\">Dokumentation bez\u00fcglich der Ausf\u00fchrung und Zertifizierung.<\/div>\r\n\t\t<\/div>\r\n\t<\/div><br \/>\n<\/div><br \/>\n<div class=\"row\"><br \/>\n<div class=\"col-12 col-sm-6 col-md-4\">\r\n\t\t<div class=\"uslugi-box-kml smaller-box\">\r\n\t\t\t<div class=\"box-header\">Modernisierung <span>von <span>Konstruktionen. <\/span><\/span><\/div>\r\n\t\t\t<div class=\"box-subheader\">Anpassung der Maschinen an neue Aufgaben.<\/div>\r\n\t\t\t<div class=\"box-content\">Umbau von Maschinen sowie vom Spezialger\u00e4t.<\/div>\r\n\t\t<\/div>\r\n\t<\/div><br \/>\n<div class=\"col-12 col-sm-6 col-md-4\">\r\n\t\t<div class=\"uslugi-box-kml smaller-box\">\r\n\t\t\t<div class=\"box-header\">Technische <span>Projektdokumentation. <\/span><\/span><\/div>\r\n\t\t\t<div class=\"box-subheader\">Erstellen von technischen Zeichnungen, Dokumentation, Montagezeichnungen und Fertigungszeichnungen.<\/div>\r\n\t\t\t<div class=\"box-content\">Erg\u00e4nzung der Dokumentation im Zusammenhang mit der Sicherheitszertifizierung usw. <\/div>\r\n\t\t<\/div>\r\n\t<\/div><br \/>\n<div class=\"col-12 col-sm-6 col-md-4\">\r\n\t\t<div class=\"uslugi-box-kml smaller-box\">\r\n\t\t\t<div class=\"box-header\">Anfertigung <span>der <span>Dokumentation in <span>digitaler <span>Form. <\/span><\/span><\/div>\r\n\t\t\t<div class=\"box-subheader\">Erstellen von elektronischen Maschinenprojekten und Layouts.<\/div>\r\n\t\t\t<div class=\"box-content\">\u00c4nderung der Papierfassung, Erg\u00e4nzung von fehlenden Informationen. <\/div>\r\n\t\t<\/div>\r\n\t<\/div><br \/>\n<\/div><br \/>\n<div class=\"row\"><br \/>\n<div class=\"col-12 col-sm-6 col-md-4\">\r\n\t\t<div class=\"uslugi-box-kml smaller-box\">\r\n\t\t\t<div class=\"box-header\">Visualisierung <span>von <span>Projekten, <span>Erstellen <span>von <span>Animationen <span>und <span>Pr\u00e4sentationen <span>f\u00fcr <span>die <span>eingef\u00fchrten <span>Produkte <span>(Animationen <span>und <span>Grafiken). <\/span><\/span><\/div>\r\n\t\t\t<div class=\"box-subheader\">Visualisierung der Produktionsprozesse.<\/div>\r\n\t\t\t<div class=\"box-content\"><\/div>\r\n\t\t<\/div>\r\n\t<\/div><br \/>\n<div class=\"col-12 col-sm-6 col-md-4\">\r\n\t\t<div class=\"uslugi-box-kml smaller-box\">\r\n\t\t\t<div class=\"box-header\">Technische <span>Beratung. <\/span><\/span><\/div>\r\n\t\t\t<div class=\"box-subheader\">Ermittlung von Bed\u00fcrfnissen, Auswahl der bestm\u00f6glichen L\u00f6sung.<\/div>\r\n\t\t\t<div class=\"box-content\">Kostenanalyse und Analyse der Durchf\u00fchrbarkeit von Investitionen, Kostenoptimierung.<\/div>\r\n\t\t<\/div>\r\n\t<\/div><br \/>\n<div class=\"col-12 col-sm-6 col-md-4\">\r\n\t\t<div class=\"uslugi-box-kml smaller-box\">\r\n\t\t\t<div class=\"box-header\">Planung <span>von <span>Inspektionen <span>und <span>Wartung. <\/span><\/span><\/div>\r\n\t\t\t<div class=\"box-subheader\">Zyklische Wartung und Instandhaltung.<\/div>\r\n\t\t\t<div class=\"box-content\">Gew\u00e4hrleistung der Kontinuit\u00e4t der Produktionsabl\u00e4ufe \u2013 dank regelm\u00e4\u00dfiger Wartung. <\/div>\r\n\t\t<\/div>\r\n\t<\/div><br \/>\n<\/div><\/p>\n\n\n<div class=\"tryptyk row pl_PL\">\r\n\t\t<div class=\"col-12 col-md-4\">\r\n\t\t\t<div class=\"t-box\">\r\n\t\t\t\t<img src=\"\/wp-content\/themes\/newsite\/images\/t1.png\" \/>\r\n\t\t\t\t<div class=\"t-header\">Terminowo<\/div>\r\n\t\t\t\t<div class=\"t-content\">Pracujemy wg. Rygorystycznych re\u017cim\u00f3w czasowych, daj\u0105c Ci gwarancj\u0119 szybkiej i realizacji powierzonych zlece\u0144.<\/div>\r\n\t\t\t<\/div>\r\n\t\t<\/div>\r\n\t\t<div class=\"col-12 col-md-4\">\r\n\t\t\t<div class=\"t-box\">\r\n\t\t\t\t<img src=\"\/wp-content\/themes\/newsite\/images\/t2.png\" \/>\r\n\t\t\t\t<div class=\"t-header\">Bezpiecznie<\/div>\r\n\t\t\t\t<div class=\"t-content\">Atestowany sprz\u0119t, nowoczesne rozwi\u0105zania i wa\u017cna polisa OC w ramach zleconej pracy to dla nas standard!<\/div>\r\n\t\t\t<\/div>\r\n\t\t<\/div>\r\n\t\t<div class=\"col-12 col-md-4\">\r\n\t\t\t<div class=\"t-box\">\r\n\t\t\t\t<img src=\"\/wp-content\/themes\/newsite\/images\/t3.png\" \/>\r\n\t\t\t\t<div class=\"t-header\">Profesjonalnie<\/div>\r\n\t\t\t\t<div class=\"t-content\">Sprawdzone rozwi\u0105zania, wieloletnie do\u015bwiadczenie i nowoczesne podej\u015bcie do realizacji projekt\u00f3w.<\/div>\r\n\t\t\t<\/div>\r\n\t\t<\/div>\r\n\t<\/div>\n\n\n\n<div style=\"height:40px\" aria-hidden=\"true\" class=\"wp-block-spacer\"><\/div>\n\n\n\n<p>F\u00fcr jedes Projekt wird vollst\u00e4ndige technische Dokumentation erstellt und geliefert. Au\u00dferdem bieten wir Ersatzteilekatalog laut geltenden Normen an. <\/p>\n\n\n\n<p>Wir arbeiten unter Anwendung des Programms Solid Works Professional und erstellen f\u00fcr unsere Kunden Modele und Layouts unter Ber\u00fccksichtigung aller Details. Unsere technologischen L\u00f6sungen basieren auf unserer langj\u00e4hrigen Erfahrung mit Industriemaschinen. Unsere Abteilung f\u00fcr Konstruktionen und Projekte wendet L\u00f6sungen an, die mit dem heutigen Fachwissen \u00fcbereinstimmen. F\u00fcr unsere Projekte benutzen wir Bauteile renommierter Lieferanten. <\/p>\n\n\n\n<p>Wir garantieren Ihnen volle Zertifizierung vorgeschlagener L\u00f6sungen gem\u00e4\u00df globaler Normen und Richtlinien, je nach Land, Produktionslinie oder Maschine. Besteller kann sich an dem Zertifizierungsprozess beteiligen, um entsprechende gemeinsame L\u00f6sungen zur Sicherheit, Zuverl\u00e4ssigkeit, Benutzerfreundlichkeit zu erarbeiten. Ferner werden auch m\u00f6glichst niedrige Einf\u00fchrungskosten ber\u00fccksichtigt. <\/p>\n\n\n\n<p>Sollte Ihr Produktionsprozess ge\u00e4ndert, verbessert oder eingef\u00fchrt werden, k\u00f6nnen wir Sie gerne beraten. Wir sind davon \u00fcberzeugt, dass wir Ihre Probleme l\u00f6sen k\u00f6nnen! <\/p>\n\n\n\n<div style=\"height:40px\" aria-hidden=\"true\" class=\"wp-block-spacer\"><\/div>\n\n\n<div class=\"row\"><br \/>\n<div class=\"col-12\"><div class=\"row\"><div class=\"col-12 col-md-4 offset-md-4\"><button data-target=\"1777971544\" class=\"reveal_button\">Zobacz co jeszcze proponujemy<\/button><\/div><\/div><\/div>\r\n\t\t\t<div id=\"1777971544\" class=\"hidden_boxes\"><div class=\"row\"><br \/>\n<div class=\"col-12 col-sm-6 col-md-4\">\r\n\t\t<div class=\"uslugi-box-kml smaller-box\">\r\n\t\t\t<div class=\"box-header\">Modernisierung <span>der <span>Produktionslinien <\/span><\/span><\/div>\r\n\t\t\t<div class=\"box-subheader\"><\/div>\r\n\t\t\t<div class=\"box-content\"><\/div>\r\n\t\t<\/div>\r\n\t<\/div><br \/>\n<div class=\"col-12 col-sm-6 col-md-4\">\r\n\t\t<div class=\"uslugi-box-kml smaller-box\">\r\n\t\t\t<div class=\"box-header\">Programmieren <span>der <span>Produktionsprozesse  <\/span><\/span><\/div>\r\n\t\t\t<div class=\"box-subheader\"><\/div>\r\n\t\t\t<div class=\"box-content\"><\/div>\r\n\t\t<\/div>\r\n\t<\/div><br \/>\n<div class=\"col-12 col-sm-6 col-md-4\">\r\n\t\t<div class=\"uslugi-box-kml smaller-box\">\r\n\t\t\t<div class=\"box-header\">Verbesserung <span>von <span>Arbeitsparametern  <\/span><\/span><\/div>\r\n\t\t\t<div class=\"box-subheader\"><\/div>\r\n\t\t\t<div class=\"box-content\"><\/div>\r\n\t\t<\/div>\r\n\t<\/div><br \/>\n<div class=\"col-12 col-sm-6 col-md-4\">\r\n\t\t<div class=\"uslugi-box-kml smaller-box\">\r\n\t\t\t<div class=\"box-header\">Entwerfen <span>von <span>Ketten- <span>und <span>Bandf\u00f6rderern  <\/span><\/span><\/div>\r\n\t\t\t<div class=\"box-subheader\"><\/div>\r\n\t\t\t<div class=\"box-content\"><\/div>\r\n\t\t<\/div>\r\n\t<\/div><br \/>\n<div class=\"col-12 col-sm-6 col-md-4\">\r\n\t\t<div class=\"uslugi-box-kml smaller-box\">\r\n\t\t\t<div class=\"box-header\">Konstruktionen <span>f\u00fcr <span>Trockentunnel  <\/span><\/span><\/div>\r\n\t\t\t<div class=\"box-subheader\"><\/div>\r\n\t\t\t<div class=\"box-content\"><\/div>\r\n\t\t<\/div>\r\n\t<\/div><br \/>\n<div class=\"col-12 col-sm-6 col-md-4\">\r\n\t\t<div class=\"uslugi-box-kml smaller-box\">\r\n\t\t\t<div class=\"box-header\">Konstruktionen <span>f\u00fcr <span>Heiztunnel  <\/span><\/span><\/div>\r\n\t\t\t<div class=\"box-subheader\"><\/div>\r\n\t\t\t<div class=\"box-content\"><\/div>\r\n\t\t<\/div>\r\n\t<\/div><br \/>\n<div class=\"col-12 col-sm-6 col-md-4\">\r\n\t\t<div class=\"uslugi-box-kml smaller-box\">\r\n\t\t\t<div class=\"box-header\">Schwei\u00dfkammer   <\/span><\/div>\r\n\t\t\t<div class=\"box-subheader\"><\/div>\r\n\t\t\t<div class=\"box-content\"><\/div>\r\n\t\t<\/div>\r\n\t<\/div><br \/>\n<div class=\"col-12 col-sm-6 col-md-4\">\r\n\t\t<div class=\"uslugi-box-kml smaller-box\">\r\n\t\t\t<div class=\"box-header\">Analyse <span>von <span>Produktionsprozessen <\/span><\/span><\/div>\r\n\t\t\t<div class=\"box-subheader\"><\/div>\r\n\t\t\t<div class=\"box-content\"><\/div>\r\n\t\t<\/div>\r\n\t<\/div><br \/>\n<div class=\"col-12 col-sm-6 col-md-4\">\r\n\t\t<div class=\"uslugi-box-kml smaller-box\">\r\n\t\t\t<div class=\"box-header\">Entwicklung <span>und <span>Montage <span>von <span>Sicherheitssystemen  <\/span><\/span><\/div>\r\n\t\t\t<div class=\"box-subheader\"><\/div>\r\n\t\t\t<div class=\"box-content\"><\/div>\r\n\t\t<\/div>\r\n\t<\/div><br \/>\n<\/div><\/div><br \/>\n<\/div>\n\n\n<div class=\"header-kml\"><span>Wie arbeiten wir beim Maschinenbau? <\/span><\/div>\n\n\n<div class=\"gallery-kml\">\r\n\t\t<a id=\"gallery\">&nbsp;<\/a><div class=\"row\"><a href=\"https:\/\/dgkinstal.com.pl\/wp-content\/uploads\/2020\/04\/budowa-maszyn-3@05x.jpg\" title=\"01 budowa maszyn przeno\u015bnik \u0142a\u0144cuchowy\" class=\"lightbox-kml\"><div class=\"normal\" style=\"background-image:url('\/wp-content\/themes\/newsite\/timthumb.php?src=https:\/\/dgkinstal.com.pl\/wp-content\/uploads\/2020\/04\/budowa-maszyn-3@05x.jpg&h=400&f=2');\"><\/div><div class=\"hovered\" style=\"background-image:url('\/wp-content\/themes\/newsite\/timthumb.php?src=https:\/\/dgkinstal.com.pl\/wp-content\/uploads\/2020\/04\/budowa-maszyn-3@05x.jpg&h=400');\"><\/div><\/a><a href=\"https:\/\/dgkinstal.com.pl\/wp-content\/uploads\/2020\/04\/IMG_3169.jpeg\" title=\"02 Budowa maszyn napinacze \u0142a\u0144cucha IMG_3169\" class=\"lightbox-kml\"><div class=\"normal\" style=\"background-image:url('\/wp-content\/themes\/newsite\/timthumb.php?src=https:\/\/dgkinstal.com.pl\/wp-content\/uploads\/2020\/04\/IMG_3169.jpeg&h=400&f=2');\"><\/div><div class=\"hovered\" style=\"background-image:url('\/wp-content\/themes\/newsite\/timthumb.php?src=https:\/\/dgkinstal.com.pl\/wp-content\/uploads\/2020\/04\/IMG_3169.jpeg&h=400');\"><\/div><\/a><a href=\"https:\/\/dgkinstal.com.pl\/wp-content\/uploads\/2020\/04\/IMG_3331.jpeg\" title=\"03 budowa maszyn linia produkcyjna IMG_3331\" class=\"lightbox-kml\"><div class=\"normal\" style=\"background-image:url('\/wp-content\/themes\/newsite\/timthumb.php?src=https:\/\/dgkinstal.com.pl\/wp-content\/uploads\/2020\/04\/IMG_3331.jpeg&h=400&f=2');\"><\/div><div class=\"hovered\" style=\"background-image:url('\/wp-content\/themes\/newsite\/timthumb.php?src=https:\/\/dgkinstal.com.pl\/wp-content\/uploads\/2020\/04\/IMG_3331.jpeg&h=400');\"><\/div><\/a><a href=\"https:\/\/dgkinstal.com.pl\/wp-content\/uploads\/2020\/04\/monta\u017c-maszyn-3@05x.jpg\" title=\"04 monta\u017c maszyn \u0142\u0105czenie przeno\u015bnika \u0142a\u0144cuchowego z podajnikiem grawitacyjnym IMG_4112\" class=\"lightbox-kml\"><div class=\"normal\" style=\"background-image:url('\/wp-content\/themes\/newsite\/timthumb.php?src=https:\/\/dgkinstal.com.pl\/wp-content\/uploads\/2020\/04\/monta\u017c-maszyn-3@05x.jpg&h=400&f=2');\"><\/div><div class=\"hovered\" style=\"background-image:url('\/wp-content\/themes\/newsite\/timthumb.php?src=https:\/\/dgkinstal.com.pl\/wp-content\/uploads\/2020\/04\/monta\u017c-maszyn-3@05x.jpg&h=400');\"><\/div><\/a><\/div><div class=\"row\"><a href=\"https:\/\/dgkinstal.com.pl\/wp-content\/uploads\/2020\/04\/IMG_2784.jpeg\" title=\"08 Budowa maszyn elektryczna zwijarka kabli\" class=\"lightbox-kml\"><div class=\"normal\" style=\"background-image:url('\/wp-content\/themes\/newsite\/timthumb.php?src=https:\/\/dgkinstal.com.pl\/wp-content\/uploads\/2020\/04\/IMG_2784.jpeg&h=400&f=2');\"><\/div><div class=\"hovered\" style=\"background-image:url('\/wp-content\/themes\/newsite\/timthumb.php?src=https:\/\/dgkinstal.com.pl\/wp-content\/uploads\/2020\/04\/IMG_2784.jpeg&h=400');\"><\/div><\/a><a href=\"https:\/\/dgkinstal.com.pl\/wp-content\/uploads\/2020\/06\/IMG_3927.jpg\" title=\"IMG_3927\" class=\"lightbox-kml\"><div class=\"normal\" style=\"background-image:url('\/wp-content\/themes\/newsite\/timthumb.php?src=https:\/\/dgkinstal.com.pl\/wp-content\/uploads\/2020\/06\/IMG_3927.jpg&h=400&f=2');\"><\/div><div class=\"hovered\" style=\"background-image:url('\/wp-content\/themes\/newsite\/timthumb.php?src=https:\/\/dgkinstal.com.pl\/wp-content\/uploads\/2020\/06\/IMG_3927.jpg&h=400');\"><\/div><\/a><a href=\"https:\/\/dgkinstal.com.pl\/wp-content\/uploads\/2020\/06\/IMG_3935.jpg\" title=\"IMG_3935\" class=\"lightbox-kml\"><div class=\"normal\" style=\"background-image:url('\/wp-content\/themes\/newsite\/timthumb.php?src=https:\/\/dgkinstal.com.pl\/wp-content\/uploads\/2020\/06\/IMG_3935.jpg&h=400&f=2');\"><\/div><div class=\"hovered\" style=\"background-image:url('\/wp-content\/themes\/newsite\/timthumb.php?src=https:\/\/dgkinstal.com.pl\/wp-content\/uploads\/2020\/06\/IMG_3935.jpg&h=400');\"><\/div><\/a><a href=\"https:\/\/dgkinstal.com.pl\/wp-content\/uploads\/2020\/04\/budowa-maszyn-2@05x.jpg\" title=\"budowa maszyn 2@0,5x\" class=\"lightbox-kml\"><div class=\"normal\" style=\"background-image:url('\/wp-content\/themes\/newsite\/timthumb.php?src=https:\/\/dgkinstal.com.pl\/wp-content\/uploads\/2020\/04\/budowa-maszyn-2@05x.jpg&h=400&f=2');\"><\/div><div class=\"hovered\" style=\"background-image:url('\/wp-content\/themes\/newsite\/timthumb.php?src=https:\/\/dgkinstal.com.pl\/wp-content\/uploads\/2020\/04\/budowa-maszyn-2@05x.jpg&h=400');\"><\/div><\/a><\/div>\r\n\t\t\t\t\t\t<div class=\"row\">\r\n\t\t\t\t\t\t\t<a  href=\"\" class=\"show-more-gallery button-kml\">Poka\u017c wi\u0119cej<\/a>\r\n\t\t\t\t\t\t<\/div>\r\n\t\t\t\t\t<div class=\"row gallery-row hide-me\"><a href=\"https:\/\/dgkinstal.com.pl\/wp-content\/uploads\/2020\/04\/budowa-maszyn-4@05x.jpg\" title=\"budowa maszyn 4@0,5x\" class=\"lightbox-kml\"><div class=\"normal\" style=\"background-image:url('\/wp-content\/themes\/newsite\/timthumb.php?src=https:\/\/dgkinstal.com.pl\/wp-content\/uploads\/2020\/04\/budowa-maszyn-4@05x.jpg&h=400&f=2');\"><\/div><div class=\"hovered\" style=\"background-image:url('\/wp-content\/themes\/newsite\/timthumb.php?src=https:\/\/dgkinstal.com.pl\/wp-content\/uploads\/2020\/04\/budowa-maszyn-4@05x.jpg&h=400');\"><\/div><\/a><a href=\"https:\/\/dgkinstal.com.pl\/wp-content\/uploads\/2020\/04\/IMG_0579.jpeg\" title=\"budowa maszyn oklejarka\" class=\"lightbox-kml\"><div class=\"normal\" style=\"background-image:url('\/wp-content\/themes\/newsite\/timthumb.php?src=https:\/\/dgkinstal.com.pl\/wp-content\/uploads\/2020\/04\/IMG_0579.jpeg&h=400&f=2');\"><\/div><div class=\"hovered\" style=\"background-image:url('\/wp-content\/themes\/newsite\/timthumb.php?src=https:\/\/dgkinstal.com.pl\/wp-content\/uploads\/2020\/04\/IMG_0579.jpeg&h=400');\"><\/div><\/a><a href=\"https:\/\/dgkinstal.com.pl\/wp-content\/uploads\/2020\/04\/budowa-maszyn@05x.jpg\" title=\"budowa maszyn@0,5x\" class=\"lightbox-kml\"><div class=\"normal\" style=\"background-image:url('\/wp-content\/themes\/newsite\/timthumb.php?src=https:\/\/dgkinstal.com.pl\/wp-content\/uploads\/2020\/04\/budowa-maszyn@05x.jpg&h=400&f=2');\"><\/div><div class=\"hovered\" style=\"background-image:url('\/wp-content\/themes\/newsite\/timthumb.php?src=https:\/\/dgkinstal.com.pl\/wp-content\/uploads\/2020\/04\/budowa-maszyn@05x.jpg&h=400');\"><\/div><\/a><\/div><\/div>\r\n\t\t<div class=\"row\">\r\n\t\t\t<div class=\"col-6 col-md-4 \"><a href=\"https:\/\/dgkinstal.com.pl\/?post_type=page&p=1287#gallery\" class=\"button-kml\">Galeria: <\/a><\/div>\r\n\t\t\t<div class=\"col-6 col-md-4 offset-md-4\"><a href=\"https:\/\/dgkinstal.com.pl\/?post_type=page&p=1287#gallery\" class=\"button-kml\">Galeria: <\/a><\/div>\r\n\t\t<\/div><div class=\"modal fade\" id=\"galleryModal\" tabindex=\"-1\" role=\"dialog\" aria-labelledby=\"exampleModalLabel\" aria-hidden=\"true\">\r\n\t\t<div class=\"modal-dialog  modal-xl modal-dialog-centered\" role=\"document\">\r\n\t\t\t<div class=\"modal-content\">\r\n\t\t\t\t<div class=\"modal-body\" style=\"background-position:center center;background-size:100px;background-repeat:no-repeat;background-image:url('\/wp-content\/themes\/newsite\/images\/loader.gif');\">\r\n\t\t\t\t\t<button type=\"button\" class=\"close\" data-dismiss=\"modal\" aria-label=\"Close\">\r\n\t\t\t\t\t\t<span aria-hidden=\"true\">&times;<\/span>\r\n\t\t\t\t\t<\/button>\r\n\t\t\t\t\t<img class=\"modal-image\" src=\"\" \/>\r\n\t\t\t\t<\/div>\r\n\t\t\t<\/div>\r\n\t\t<\/div>\r\n\t<\/div>\n\n\n\n<div style=\"height:40px\" aria-hidden=\"true\" class=\"wp-block-spacer\"><\/div>\n","protected":false},"excerpt":{"rendered":"F\u00fcr jedes Projekt wird vollst\u00e4ndige technische Dokumentation erstellt und geliefert. Au\u00dferdem bieten wir Ersatzteilekatalog laut geltenden Normen an. Wir arbeiten unter Anwendung des Programms Solid Works Professional und erstellen f\u00fcr unsere Kunden Modele und Layouts unter Ber\u00fccksichtigung aller Details. Unsere technologischen L\u00f6sungen basieren auf unserer langj\u00e4hrigen Erfahrung mit Industriemaschinen. Unsere Abteilung f\u00fcr Konstruktionen und Projekte&#8230; <a class=\"view-article\" href=\"https:\/\/dgkinstal.com.pl\/index.php\/de\/maschinen-und-geratebau\/\">View Article<\/a>","protected":false},"author":3,"featured_media":170,"parent":0,"menu_order":0,"comment_status":"closed","ping_status":"closed","template":"","meta":[],"_links":{"self":[{"href":"https:\/\/dgkinstal.com.pl\/index.php\/wp-json\/wp\/v2\/pages\/1287"}],"collection":[{"href":"https:\/\/dgkinstal.com.pl\/index.php\/wp-json\/wp\/v2\/pages"}],"about":[{"href":"https:\/\/dgkinstal.com.pl\/index.php\/wp-json\/wp\/v2\/types\/page"}],"author":[{"embeddable":true,"href":"https:\/\/dgkinstal.com.pl\/index.php\/wp-json\/wp\/v2\/users\/3"}],"replies":[{"embeddable":true,"href":"https:\/\/dgkinstal.com.pl\/index.php\/wp-json\/wp\/v2\/comments?post=1287"}],"version-history":[{"count":5,"href":"https:\/\/dgkinstal.com.pl\/index.php\/wp-json\/wp\/v2\/pages\/1287\/revisions"}],"predecessor-version":[{"id":1386,"href":"https:\/\/dgkinstal.com.pl\/index.php\/wp-json\/wp\/v2\/pages\/1287\/revisions\/1386"}],"wp:featuredmedia":[{"embeddable":true,"href":"https:\/\/dgkinstal.com.pl\/index.php\/wp-json\/wp\/v2\/media\/170"}],"wp:attachment":[{"href":"https:\/\/dgkinstal.com.pl\/index.php\/wp-json\/wp\/v2\/media?parent=1287"}],"curies":[{"name":"wp","href":"https:\/\/api.w.org\/{rel}","templated":true}]}}