{"id":1282,"date":"2021-06-16T12:02:26","date_gmt":"2021-06-16T10:02:26","guid":{"rendered":"http:\/\/dgkinstal.com.pl\/?page_id=1282"},"modified":"2021-06-23T14:43:50","modified_gmt":"2021-06-23T12:43:50","slug":"montage-und-reparatur-von-geraten","status":"publish","type":"page","link":"https:\/\/dgkinstal.com.pl\/index.php\/de\/montage-und-reparatur-von-geraten\/","title":{"rendered":"Montage und Reparatur von Ger\u00e4ten"},"content":{"rendered":"<div class=\"row page-introduction\">\r\n\t\t<div class=\"col-12 col-md-6 header-parent\">\r\n\t\t\t<div class=\"col-12 col-md-6 offset-md-6 introduction-title\">\r\n\t\t\t\tMontage und Reparatur von Ger\u00e4ten\r\n\t\t\t<\/div>\r\n\t\t<\/div>\r\n\t\t<div class=\"col-12 col-md-6 text-parent\">\r\n\t\t\t<div class=\"col-12 introduction-text\">\r\n\t\t\t\tWir f\u00fchren Montagen von jeglichen Industriemaschinen und Produktionslinien durch. Wir nehmen laufende Wartungen und regelm\u00e4\u00dfige Kontrollen von Maschinen und Industrieanlagen vor. Das sorgt f\u00fcr einen langen st\u00f6rungsfreien Betrieb. Wir sind f\u00fcr die Instandhaltung aller Anlagen in Ihrem Betrieb verantwortlich. \r\n\t\t\t<\/div>\r\n\t\t<\/div>\r\n\t<\/div>\n\n\n<div class=\"header-kml\"><span>Wir k\u00f6nnen Ihnen Folgendes anbieten:<\/span><\/div>\n\n\n<p><div class=\"row\"><br \/>\n<div class=\"col-12 col-sm-6 col-md-4\">\r\n\t\t<div class=\"uslugi-box-kml smaller-box\">\r\n\t\t\t<div class=\"box-header\">\u00dcberwachung <span>des <span>technischen <span>Zustands. <\/span><\/span><\/div>\r\n\t\t\t<div class=\"box-subheader\">Laufende und zyklische Wartung von Anlagen.<\/div>\r\n\t\t\t<div class=\"box-content\">Pr\u00e4ventive und vorbeugende Wartung. <\/div>\r\n\t\t<\/div>\r\n\t<\/div><br \/>\n<div class=\"col-12 col-sm-6 col-md-4\">\r\n\t\t<div class=\"uslugi-box-kml smaller-box\">\r\n\t\t\t<div class=\"box-header\">Wartungsunterlagen. <\/span><\/div>\r\n\t\t\t<div class=\"box-subheader\">F\u00fchren von Wartungsheften.<\/div>\r\n\t\t\t<div class=\"box-content\">Vervollst\u00e4ndigung der Dokumentation und ihre Digitalisierung.<\/div>\r\n\t\t<\/div>\r\n\t<\/div><br \/>\n<div class=\"col-12 col-sm-6 col-md-4\">\r\n\t\t<div class=\"uslugi-box-kml smaller-box\">\r\n\t\t\t<div class=\"box-header\">Planung <span>des <span>Maschinenbetriebes. <\/span><\/span><\/div>\r\n\t\t\t<div class=\"box-subheader\">Spezielle Kontrollen des technischen Zustandes.<\/div>\r\n\t\t\t<div class=\"box-content\">Berechnung des Verschlei\u00dfes anhand der Belastungskapazit\u00e4t der Maschinen.<\/div>\r\n\t\t<\/div>\r\n\t<\/div><br \/>\n<\/div><br \/>\n<div class=\"row\"><br \/>\n<div class=\"col-12 col-sm-6 col-md-4\">\r\n\t\t<div class=\"uslugi-box-kml smaller-box\">\r\n\t\t\t<div class=\"box-header\">Anlagenwartung. <\/span><\/div>\r\n\t\t\t<div class=\"box-subheader\">Wartung von pneumatischen und mechanischen Anlagen.<\/div>\r\n\t\t\t<div class=\"box-content\">Wiederherstellung der Stromversorgung und der Einsatzf\u00e4higkeit von Maschinen. <\/div>\r\n\t\t<\/div>\r\n\t<\/div><br \/>\n<div class=\"col-12 col-sm-6 col-md-4\">\r\n\t\t<div class=\"uslugi-box-kml smaller-box\">\r\n\t\t\t<div class=\"box-header\">\u00dcberpr\u00fcfung <span>von <span>automatischen <span>Systemen. <\/span><\/span><\/div>\r\n\t\t\t<div class=\"box-subheader\">Analyse der Effizienz von Robotern, Programmieren, Verbesserungen, Konstruktions\u00e4nderungen.<\/div>\r\n\t\t\t<div class=\"box-content\"><\/div>\r\n\t\t<\/div>\r\n\t<\/div><br \/>\n<div class=\"col-12 col-sm-6 col-md-4\">\r\n\t\t<div class=\"uslugi-box-kml smaller-box\">\r\n\t\t\t<div class=\"box-header\">Montage <span>von <span>Schutzeinrichtungen. <\/span><\/span><\/div>\r\n\t\t\t<div class=\"box-subheader\">Planung, Ausr\u00fcstung, Erneuerung.<\/div>\r\n\t\t\t<div class=\"box-content\">Automatisierter Schutz Ihres Arbeitsplatzes.<\/div>\r\n\t\t<\/div>\r\n\t<\/div><br \/>\n<\/div><\/p>\n\n\n<div class=\"tryptyk row pl_PL\">\r\n\t\t<div class=\"col-12 col-md-4\">\r\n\t\t\t<div class=\"t-box\">\r\n\t\t\t\t<img src=\"\/wp-content\/themes\/newsite\/images\/t1.png\" \/>\r\n\t\t\t\t<div class=\"t-header\">Terminowo<\/div>\r\n\t\t\t\t<div class=\"t-content\">Pracujemy wg. Rygorystycznych re\u017cim\u00f3w czasowych, daj\u0105c Ci gwarancj\u0119 szybkiej i realizacji powierzonych zlece\u0144.<\/div>\r\n\t\t\t<\/div>\r\n\t\t<\/div>\r\n\t\t<div class=\"col-12 col-md-4\">\r\n\t\t\t<div class=\"t-box\">\r\n\t\t\t\t<img src=\"\/wp-content\/themes\/newsite\/images\/t2.png\" \/>\r\n\t\t\t\t<div class=\"t-header\">Bezpiecznie<\/div>\r\n\t\t\t\t<div class=\"t-content\">Atestowany sprz\u0119t, nowoczesne rozwi\u0105zania i wa\u017cna polisa OC w ramach zleconej pracy to dla nas standard!<\/div>\r\n\t\t\t<\/div>\r\n\t\t<\/div>\r\n\t\t<div class=\"col-12 col-md-4\">\r\n\t\t\t<div class=\"t-box\">\r\n\t\t\t\t<img src=\"\/wp-content\/themes\/newsite\/images\/t3.png\" \/>\r\n\t\t\t\t<div class=\"t-header\">Profesjonalnie<\/div>\r\n\t\t\t\t<div class=\"t-content\">Sprawdzone rozwi\u0105zania, wieloletnie do\u015bwiadczenie i nowoczesne podej\u015bcie do realizacji projekt\u00f3w.<\/div>\r\n\t\t\t<\/div>\r\n\t\t<\/div>\r\n\t<\/div>\n\n\n\n<div style=\"height:40px\" aria-hidden=\"true\" class=\"wp-block-spacer\"><\/div>\n\n\n\n<p>Wir f\u00fchren Inspektionen und \u00dcberholungen von Maschinen und Industrieanlagen und gew\u00e4hrleisten ihren problemlosen und st\u00f6rungsfreien Betrieb. Wir sorgen daf\u00fcr, dass Ihre Maschinen einwandfrei laufen. Wir garantieren keine Ausf\u00e4lle w\u00e4hrend der Produktion und nichtinvasive Wartungs- und \u00dcberholungsarbeiten, die wir an alle in Ihrem Unternehmen geltenden Vorschriften und uns gestellten Anforderungen anpassen.<\/p>\n\n\n\n<div style=\"height:20px\" aria-hidden=\"true\" class=\"wp-block-spacer\"><\/div>\n\n\n\n<p>Unsere F\u00e4higkeiten erm\u00f6glichen uns eine komplexe Ausf\u00fchrung eines uns anvertrauten Antrags. Au\u00dfer Montage und Reparatur von Industrieanlagen f\u00fchren wir Ingenieursarbeiten aus, die Konstruktions\u00e4nderungen oder Umbau von Maschinen zum Ziel haben, um sie an neue Aufgaben anzupassen. <\/p>\n\n\n\n<p><\/p>\n\n\n\n<p>Wir modernisieren und bauen jegliche Arten von Konstruktionen und Industrieanlagen um. Au\u00dferdem k\u00f6nnen wir verschiedene Maschinen um neue Komponente erweitern oder wieder instandsetzen, so dass durch die \u00c4nderungen eine solche Maschine anders oder besser funktioniert. <\/p>\n\n\n\n<div style=\"height:20px\" aria-hidden=\"true\" class=\"wp-block-spacer\"><\/div>\n\n\n\n<div style=\"height:20px\" aria-hidden=\"true\" class=\"wp-block-spacer\"><\/div>\n\n\n<div class=\"row\"><br \/>\n<div class=\"col-12\"><div class=\"row\"><div class=\"col-12 col-md-4 offset-md-4\"><button data-target=\"1777971566\" class=\"reveal_button\">Zobacz co jeszcze proponujemy<\/button><\/div><\/div><\/div>\r\n\t\t\t<div id=\"1777971566\" class=\"hidden_boxes\"><div class=\"row\"><br \/>\n<div class=\"col-12 col-sm-6 col-md-4\">\r\n\t\t<div class=\"uslugi-box-kml smaller-box\">\r\n\t\t\t<div class=\"box-header\">Instandhaltung  <\/span><\/div>\r\n\t\t\t<div class=\"box-subheader\"><\/div>\r\n\t\t\t<div class=\"box-content\"><\/div>\r\n\t\t<\/div>\r\n\t<\/div><br \/>\n<div class=\"col-12 col-sm-6 col-md-4\">\r\n\t\t<div class=\"uslugi-box-kml smaller-box\">\r\n\t\t\t<div class=\"box-header\">Laufende <span>und <span>zyklische <span>Inspektionen <span>von <span>Maschinen  <\/span><\/span><\/div>\r\n\t\t\t<div class=\"box-subheader\"><\/div>\r\n\t\t\t<div class=\"box-content\"><\/div>\r\n\t\t<\/div>\r\n\t<\/div><br \/>\n<div class=\"col-12 col-sm-6 col-md-4\">\r\n\t\t<div class=\"uslugi-box-kml smaller-box\">\r\n\t\t\t<div class=\"box-header\">Modernisierung <span>und <span>Anpassung <\/span><\/span><\/div>\r\n\t\t\t<div class=\"box-subheader\"><\/div>\r\n\t\t\t<div class=\"box-content\"><\/div>\r\n\t\t<\/div>\r\n\t<\/div><br \/>\n<div class=\"col-12 col-sm-6 col-md-4\">\r\n\t\t<div class=\"uslugi-box-kml smaller-box\">\r\n\t\t\t<div class=\"box-header\">Modernisierung <span>zur <span>Leistungssteigerung <\/span><\/span><\/div>\r\n\t\t\t<div class=\"box-subheader\"><\/div>\r\n\t\t\t<div class=\"box-content\"><\/div>\r\n\t\t<\/div>\r\n\t<\/div><br \/>\n<div class=\"col-12 col-sm-6 col-md-4\">\r\n\t\t<div class=\"uslugi-box-kml smaller-box\">\r\n\t\t\t<div class=\"box-header\">Messung <span>der <span>Widerstandsf\u00e4higkeit <span>und <span>Abnutzung <\/span><\/span><\/div>\r\n\t\t\t<div class=\"box-subheader\"><\/div>\r\n\t\t\t<div class=\"box-content\"><\/div>\r\n\t\t<\/div>\r\n\t<\/div><br \/>\n<div class=\"col-12 col-sm-6 col-md-4\">\r\n\t\t<div class=\"uslugi-box-kml smaller-box\">\r\n\t\t\t<div class=\"box-header\">Montage <span>von <span>neuen <span>und <span>gebrauchten <span>Maschinen <\/span><\/span><\/div>\r\n\t\t\t<div class=\"box-subheader\"><\/div>\r\n\t\t\t<div class=\"box-content\"><\/div>\r\n\t\t<\/div>\r\n\t<\/div><br \/>\n<div class=\"col-12 col-sm-6 col-md-4\">\r\n\t\t<div class=\"uslugi-box-kml smaller-box\">\r\n\t\t\t<div class=\"box-header\">Komplexe <span>Installationsarbeiten <\/span><\/span><\/div>\r\n\t\t\t<div class=\"box-subheader\">|<\/div>\r\n\t\t\t<div class=\"box-content\"><\/div>\r\n\t\t<\/div>\r\n\t<\/div><br \/>\n<div class=\"col-12 col-sm-6 col-md-4\">\r\n\t\t<div class=\"uslugi-box-kml smaller-box\">\r\n\t\t\t<div class=\"box-header\">Zertifizierung <span>von <span>Maschinen <span>und <span>Produktionslinien <\/span><\/span><\/div>\r\n\t\t\t<div class=\"box-subheader\"><\/div>\r\n\t\t\t<div class=\"box-content\"><\/div>\r\n\t\t<\/div>\r\n\t<\/div><br \/>\n<div class=\"col-12 col-sm-6 col-md-4\">\r\n\t\t<div class=\"uslugi-box-kml smaller-box\">\r\n\t\t\t<div class=\"box-header\">Rekonstruktion <span>technischer <span>Dokumentation <\/span><\/span><\/div>\r\n\t\t\t<div class=\"box-subheader\"><\/div>\r\n\t\t\t<div class=\"box-content\"><\/div>\r\n\t\t<\/div>\r\n\t<\/div><br \/>\n<\/div><\/div><br \/>\n<\/div>\n\n\n<div class=\"header-kml\"><span>Wie arbeiten wir, wenn wir Maschinen warten? <\/span><\/div>\n\n\n<div class=\"gallery-kml\">\r\n\t\t<a id=\"gallery\">&nbsp;<\/a><div class=\"row\"><a href=\"https:\/\/dgkinstal.com.pl\/wp-content\/uploads\/2020\/04\/monta\u017c-mazyn.jpg\" title=\"01 Monta\u017c maszyn - monta\u017c silnik\u00f3w, przek\u0142adni i reduktor\u00f3w\" class=\"lightbox-kml\"><div class=\"normal\" style=\"background-image:url('\/wp-content\/themes\/newsite\/timthumb.php?src=https:\/\/dgkinstal.com.pl\/wp-content\/uploads\/2020\/04\/monta\u017c-mazyn.jpg&h=400&f=2');\"><\/div><div class=\"hovered\" style=\"background-image:url('\/wp-content\/themes\/newsite\/timthumb.php?src=https:\/\/dgkinstal.com.pl\/wp-content\/uploads\/2020\/04\/monta\u017c-mazyn.jpg&h=400');\"><\/div><\/a><a href=\"https:\/\/dgkinstal.com.pl\/wp-content\/uploads\/2020\/04\/monta\u017c-maszyn-2@05x.jpg\" title=\"02 monta\u017c maszyn - instalacja przeno\u015bnika \u0142a\u0144cuchowego\" class=\"lightbox-kml\"><div class=\"normal\" style=\"background-image:url('\/wp-content\/themes\/newsite\/timthumb.php?src=https:\/\/dgkinstal.com.pl\/wp-content\/uploads\/2020\/04\/monta\u017c-maszyn-2@05x.jpg&h=400&f=2');\"><\/div><div class=\"hovered\" style=\"background-image:url('\/wp-content\/themes\/newsite\/timthumb.php?src=https:\/\/dgkinstal.com.pl\/wp-content\/uploads\/2020\/04\/monta\u017c-maszyn-2@05x.jpg&h=400');\"><\/div><\/a><a href=\"https:\/\/dgkinstal.com.pl\/wp-content\/uploads\/2020\/07\/2020-06-18_18-27-16_1.jpg\" title=\"2020-06-18_18-27-16_1\" class=\"lightbox-kml\"><div class=\"normal\" style=\"background-image:url('\/wp-content\/themes\/newsite\/timthumb.php?src=https:\/\/dgkinstal.com.pl\/wp-content\/uploads\/2020\/07\/2020-06-18_18-27-16_1.jpg&h=400&f=2');\"><\/div><div class=\"hovered\" style=\"background-image:url('\/wp-content\/themes\/newsite\/timthumb.php?src=https:\/\/dgkinstal.com.pl\/wp-content\/uploads\/2020\/07\/2020-06-18_18-27-16_1.jpg&h=400');\"><\/div><\/a><a href=\"https:\/\/dgkinstal.com.pl\/wp-content\/uploads\/2020\/04\/IMG_0239.jpeg\" title=\"IMG_0239\" class=\"lightbox-kml\"><div class=\"normal\" style=\"background-image:url('\/wp-content\/themes\/newsite\/timthumb.php?src=https:\/\/dgkinstal.com.pl\/wp-content\/uploads\/2020\/04\/IMG_0239.jpeg&h=400&f=2');\"><\/div><div class=\"hovered\" style=\"background-image:url('\/wp-content\/themes\/newsite\/timthumb.php?src=https:\/\/dgkinstal.com.pl\/wp-content\/uploads\/2020\/04\/IMG_0239.jpeg&h=400');\"><\/div><\/a><\/div><div class=\"row\"><a href=\"https:\/\/dgkinstal.com.pl\/wp-content\/uploads\/2020\/04\/IMG_1089.jpeg\" title=\"IMG_1089\" class=\"lightbox-kml\"><div class=\"normal\" style=\"background-image:url('\/wp-content\/themes\/newsite\/timthumb.php?src=https:\/\/dgkinstal.com.pl\/wp-content\/uploads\/2020\/04\/IMG_1089.jpeg&h=400&f=2');\"><\/div><div class=\"hovered\" style=\"background-image:url('\/wp-content\/themes\/newsite\/timthumb.php?src=https:\/\/dgkinstal.com.pl\/wp-content\/uploads\/2020\/04\/IMG_1089.jpeg&h=400');\"><\/div><\/a><a href=\"https:\/\/dgkinstal.com.pl\/wp-content\/uploads\/2020\/04\/IMG_1092.jpeg\" title=\"IMG_1092\" class=\"lightbox-kml\"><div class=\"normal\" style=\"background-image:url('\/wp-content\/themes\/newsite\/timthumb.php?src=https:\/\/dgkinstal.com.pl\/wp-content\/uploads\/2020\/04\/IMG_1092.jpeg&h=400&f=2');\"><\/div><div class=\"hovered\" style=\"background-image:url('\/wp-content\/themes\/newsite\/timthumb.php?src=https:\/\/dgkinstal.com.pl\/wp-content\/uploads\/2020\/04\/IMG_1092.jpeg&h=400');\"><\/div><\/a><a href=\"https:\/\/dgkinstal.com.pl\/wp-content\/uploads\/2020\/04\/IMG_1103.jpeg\" title=\"IMG_1103\" class=\"lightbox-kml\"><div class=\"normal\" style=\"background-image:url('\/wp-content\/themes\/newsite\/timthumb.php?src=https:\/\/dgkinstal.com.pl\/wp-content\/uploads\/2020\/04\/IMG_1103.jpeg&h=400&f=2');\"><\/div><div class=\"hovered\" style=\"background-image:url('\/wp-content\/themes\/newsite\/timthumb.php?src=https:\/\/dgkinstal.com.pl\/wp-content\/uploads\/2020\/04\/IMG_1103.jpeg&h=400');\"><\/div><\/a><a href=\"https:\/\/dgkinstal.com.pl\/wp-content\/uploads\/2020\/04\/monta\u017c-maszyn-1@05x.jpg\" title=\"monta\u017c maszyn 1@0,5x\" class=\"lightbox-kml\"><div class=\"normal\" style=\"background-image:url('\/wp-content\/themes\/newsite\/timthumb.php?src=https:\/\/dgkinstal.com.pl\/wp-content\/uploads\/2020\/04\/monta\u017c-maszyn-1@05x.jpg&h=400&f=2');\"><\/div><div class=\"hovered\" style=\"background-image:url('\/wp-content\/themes\/newsite\/timthumb.php?src=https:\/\/dgkinstal.com.pl\/wp-content\/uploads\/2020\/04\/monta\u017c-maszyn-1@05x.jpg&h=400');\"><\/div><\/a><\/div>\r\n\t\t\t\t\t\t<div class=\"row\">\r\n\t\t\t\t\t\t\t<a  href=\"\" class=\"show-more-gallery button-kml\">Poka\u017c wi\u0119cej<\/a>\r\n\t\t\t\t\t\t<\/div>\r\n\t\t\t\t\t<div class=\"row gallery-row hide-me\"><a href=\"https:\/\/dgkinstal.com.pl\/wp-content\/uploads\/2020\/04\/safety-certyfikacja-budowa-maszyn@05x.jpg\" title=\"safety, certyfikacja, budowa maszyn@0,5x\" class=\"lightbox-kml\"><div class=\"normal\" style=\"background-image:url('\/wp-content\/themes\/newsite\/timthumb.php?src=https:\/\/dgkinstal.com.pl\/wp-content\/uploads\/2020\/04\/safety-certyfikacja-budowa-maszyn@05x.jpg&h=400&f=2');\"><\/div><div class=\"hovered\" style=\"background-image:url('\/wp-content\/themes\/newsite\/timthumb.php?src=https:\/\/dgkinstal.com.pl\/wp-content\/uploads\/2020\/04\/safety-certyfikacja-budowa-maszyn@05x.jpg&h=400');\"><\/div><\/a><\/div><\/div>\r\n\t\t<div class=\"row\">\r\n\t\t\t<div class=\"col-6 col-md-4 \"><a href=\"https:\/\/dgkinstal.com.pl\/?post_type=page&p=1282#gallery\" class=\"button-kml\">Galeria: <\/a><\/div>\r\n\t\t\t<div class=\"col-6 col-md-4 offset-md-4\"><a href=\"https:\/\/dgkinstal.com.pl\/?post_type=page&p=1282#gallery\" class=\"button-kml\">Galeria: <\/a><\/div>\r\n\t\t<\/div><div class=\"modal fade\" id=\"galleryModal\" tabindex=\"-1\" role=\"dialog\" aria-labelledby=\"exampleModalLabel\" aria-hidden=\"true\">\r\n\t\t<div class=\"modal-dialog  modal-xl modal-dialog-centered\" role=\"document\">\r\n\t\t\t<div class=\"modal-content\">\r\n\t\t\t\t<div class=\"modal-body\" style=\"background-position:center center;background-size:100px;background-repeat:no-repeat;background-image:url('\/wp-content\/themes\/newsite\/images\/loader.gif');\">\r\n\t\t\t\t\t<button type=\"button\" class=\"close\" data-dismiss=\"modal\" aria-label=\"Close\">\r\n\t\t\t\t\t\t<span aria-hidden=\"true\">&times;<\/span>\r\n\t\t\t\t\t<\/button>\r\n\t\t\t\t\t<img class=\"modal-image\" src=\"\" \/>\r\n\t\t\t\t<\/div>\r\n\t\t\t<\/div>\r\n\t\t<\/div>\r\n\t<\/div>\n\n\n\n<div style=\"height:20px\" aria-hidden=\"true\" class=\"wp-block-spacer\"><\/div>\n","protected":false},"excerpt":{"rendered":"Wir f\u00fchren Inspektionen und \u00dcberholungen von Maschinen und Industrieanlagen und gew\u00e4hrleisten ihren problemlosen und st\u00f6rungsfreien Betrieb. Wir sorgen daf\u00fcr, dass Ihre Maschinen einwandfrei laufen. Wir garantieren keine Ausf\u00e4lle w\u00e4hrend der Produktion und nichtinvasive Wartungs- und \u00dcberholungsarbeiten, die wir an alle in Ihrem Unternehmen geltenden Vorschriften und uns gestellten Anforderungen anpassen. Unsere F\u00e4higkeiten erm\u00f6glichen uns eine&#8230; <a class=\"view-article\" href=\"https:\/\/dgkinstal.com.pl\/index.php\/de\/montage-und-reparatur-von-geraten\/\">View Article<\/a>","protected":false},"author":3,"featured_media":81,"parent":0,"menu_order":0,"comment_status":"closed","ping_status":"closed","template":"","meta":[],"_links":{"self":[{"href":"https:\/\/dgkinstal.com.pl\/index.php\/wp-json\/wp\/v2\/pages\/1282"}],"collection":[{"href":"https:\/\/dgkinstal.com.pl\/index.php\/wp-json\/wp\/v2\/pages"}],"about":[{"href":"https:\/\/dgkinstal.com.pl\/index.php\/wp-json\/wp\/v2\/types\/page"}],"author":[{"embeddable":true,"href":"https:\/\/dgkinstal.com.pl\/index.php\/wp-json\/wp\/v2\/users\/3"}],"replies":[{"embeddable":true,"href":"https:\/\/dgkinstal.com.pl\/index.php\/wp-json\/wp\/v2\/comments?post=1282"}],"version-history":[{"count":4,"href":"https:\/\/dgkinstal.com.pl\/index.php\/wp-json\/wp\/v2\/pages\/1282\/revisions"}],"predecessor-version":[{"id":1385,"href":"https:\/\/dgkinstal.com.pl\/index.php\/wp-json\/wp\/v2\/pages\/1282\/revisions\/1385"}],"wp:featuredmedia":[{"embeddable":true,"href":"https:\/\/dgkinstal.com.pl\/index.php\/wp-json\/wp\/v2\/media\/81"}],"wp:attachment":[{"href":"https:\/\/dgkinstal.com.pl\/index.php\/wp-json\/wp\/v2\/media?parent=1282"}],"curies":[{"name":"wp","href":"https:\/\/api.w.org\/{rel}","templated":true}]}}