{"id":1272,"date":"2021-06-15T14:27:30","date_gmt":"2021-06-15T12:27:30","guid":{"rendered":"http:\/\/dgkinstal.com.pl\/?page_id=1272"},"modified":"2021-06-22T15:29:21","modified_gmt":"2021-06-22T13:29:21","slug":"instandhaltung","status":"publish","type":"page","link":"https:\/\/dgkinstal.com.pl\/index.php\/de\/instandhaltung\/","title":{"rendered":"Instandhaltung"},"content":{"rendered":"\n<div class=\"row page-introduction\">\r\n\t\t<div class=\"col-12 col-md-6 header-parent\">\r\n\t\t\t<div class=\"col-12 col-md-6 offset-md-6 introduction-title\">\r\n\t\t\t\tInstandhaltung\r\n\t\t\t<\/div>\r\n\t\t<\/div>\r\n\t\t<div class=\"col-12 col-md-6 text-parent\">\r\n\t\t\t<div class=\"col-12 introduction-text\">\r\n\t\t\t\t Wir f\u00fchren Servicedienstleistungen und regelm\u00e4\u00dfige Wartungen von Maschinen und Industrieger\u00e4ten aus und sorgen damit f\u00fcr langen st\u00f6rungsfreien Betrieb. Wir arbeiten bei der Instandhaltung im Rahmen von Outsourcing und \u00fcberlassen Ihnen ein Team von unseren Experten. Sie arbeiten vor allem pr\u00e4ventiv und verringern das Risiko einer Besch\u00e4digung des Maschinenparks und tragen zur Vermeidung kostspieliger Ausfallzeiten bei.  \r\n\t\t\t<\/div>\r\n\t\t<\/div>\r\n\t<\/div>\n\n\n\n<div class=\"header-kml\"><span>Als Teil des Service bieten wir:<\/span><\/div>\n\n\n<div class=\"row\"><br \/>\n<div class=\"col-12 col-sm-6 col-md-4\">\r\n\t\t<div class=\"uslugi-box-kml smaller-box\">\r\n\t\t\t<div class=\"box-header\">Pr\u00e4ventive <span>Ma\u00dfnahmen.  <\/span><\/span><\/div>\r\n\t\t\t<div class=\"box-subheader\">\u00dcberwachung des technischen Zustandes der Maschinen. <\/div>\r\n\t\t\t<div class=\"box-content\">Planung von \u00dcberpr\u00fcfungen, Wartungen, kleinen und gro\u00dfen Inspektionen.<\/div>\r\n\t\t<\/div>\r\n\t<\/div><br \/>\n<div class=\"col-12 col-sm-6 col-md-4\">\r\n\t\t<div class=\"uslugi-box-kml smaller-box\">\r\n\t\t\t<div class=\"box-header\">Dokumentation <span>bez\u00fcglich <span>der <span>Modernisierungen.  <\/span><\/span><\/div>\r\n\t\t\t<div class=\"box-subheader\">Komplette technische Dokumentation der vorgenommenen Arbeiten und Ma\u00dfnahmen. <\/div>\r\n\t\t\t<div class=\"box-content\">Berichte, fotografische Dokumentation und Servicedokumentation, Zeichnungen, Schemas, Zertifizierung.<\/div>\r\n\t\t<\/div>\r\n\t<\/div><br \/>\n<div class=\"col-12 col-sm-6 col-md-4\">\r\n\t\t<div class=\"uslugi-box-kml smaller-box\">\r\n\t\t\t<div class=\"box-header\">Modernisierung <span>der <span>Dokumentation. <\/span><\/span><\/div>\r\n\t\t\t<div class=\"box-subheader\">TIhre Dokumentation in Papierform und in digitaler Form.<\/div>\r\n\t\t\t<div class=\"box-content\">Wiederherstellung der Dokumentation bez\u00fcglich \u00e4lterer Ger\u00e4te, Aktualisierung von mechanischer, elektrischer, pneumatischer Schemas usw. <\/div>\r\n\t\t<\/div>\r\n\t<\/div><br \/>\n<\/div>\n<div class=\"row\"><br \/>\n<div class=\"col-12 col-sm-6 col-md-4\">\r\n\t\t<div class=\"uslugi-box-kml smaller-box\">\r\n\t\t\t<div class=\"box-header\">Maschinen-Audits. <\/span><\/div>\r\n\t\t\t<div class=\"box-subheader\">\u00dcberwachung der Funktionalit\u00e4t und Dokumentation der Maschinen.<\/div>\r\n\t\t\t<div class=\"box-content\">Anpassungsarbeiten im Bereich der \u00dcbereinstimmung der Ger\u00e4te mit Richtlinien.<\/div>\r\n\t\t<\/div>\r\n\t<\/div><br \/>\n<div class=\"col-12 col-sm-6 col-md-4\">\r\n\t\t<div class=\"uslugi-box-kml smaller-box\">\r\n\t\t\t<div class=\"box-header\">Vorbeugende <span>Instandhaltung. <\/span><\/span><\/div>\r\n\t\t\t<div class=\"box-subheader\">Unser Team kann nach 2 Stunden ihre Arbeit aufnehmen<\/div>\r\n\t\t\t<div class=\"box-content\">Je nach gew\u00e4hltem Service- oder Wartungsplan.<\/div>\r\n\t\t<\/div>\r\n\t<\/div><br \/>\n<div class=\"col-12 col-sm-6 col-md-4\">\r\n\t\t<div class=\"uslugi-box-kml smaller-box\">\r\n\t\t\t<div class=\"box-header\">Messungen <span>und <span>Legalisierung  <\/span><\/span><\/div>\r\n\t\t\t<div class=\"box-subheader\">Ganze Bandbreite von zus\u00e4tzlichen Dienstleistungen <\/div>\r\n\t\t\t<div class=\"box-content\">Komplexe Abwicklung der Auftr\u00e4ge im Rahmen der anderen von uns angebotenen Dienstleistungen <\/div>\r\n\t\t<\/div>\r\n\t<\/div><br \/>\n<\/div>\n\n\n<div class=\"tryptyk row pl_PL\">\r\n\t\t<div class=\"col-12 col-md-4\">\r\n\t\t\t<div class=\"t-box\">\r\n\t\t\t\t<img src=\"\/wp-content\/themes\/newsite\/images\/t1.png\" \/>\r\n\t\t\t\t<div class=\"t-header\">Terminowo<\/div>\r\n\t\t\t\t<div class=\"t-content\">Pracujemy wg. Rygorystycznych re\u017cim\u00f3w czasowych, daj\u0105c Ci gwarancj\u0119 szybkiej i realizacji powierzonych zlece\u0144.<\/div>\r\n\t\t\t<\/div>\r\n\t\t<\/div>\r\n\t\t<div class=\"col-12 col-md-4\">\r\n\t\t\t<div class=\"t-box\">\r\n\t\t\t\t<img src=\"\/wp-content\/themes\/newsite\/images\/t2.png\" \/>\r\n\t\t\t\t<div class=\"t-header\">Bezpiecznie<\/div>\r\n\t\t\t\t<div class=\"t-content\">Atestowany sprz\u0119t, nowoczesne rozwi\u0105zania i wa\u017cna polisa OC w ramach zleconej pracy to dla nas standard!<\/div>\r\n\t\t\t<\/div>\r\n\t\t<\/div>\r\n\t\t<div class=\"col-12 col-md-4\">\r\n\t\t\t<div class=\"t-box\">\r\n\t\t\t\t<img src=\"\/wp-content\/themes\/newsite\/images\/t3.png\" \/>\r\n\t\t\t\t<div class=\"t-header\">Profesjonalnie<\/div>\r\n\t\t\t\t<div class=\"t-content\">Sprawdzone rozwi\u0105zania, wieloletnie do\u015bwiadczenie i nowoczesne podej\u015bcie do realizacji projekt\u00f3w.<\/div>\r\n\t\t\t<\/div>\r\n\t\t<\/div>\r\n\t<\/div>\n\n\n\n<div style=\"height:40px\" aria-hidden=\"true\" class=\"wp-block-spacer\"><\/div>\n\n\n\n<p>Wir garantieren Ihnen, dass Ihre Ger\u00e4te einwandfrei laufen und die Produktion ohne Ausfallzeiten fortgesetzt wird. Unsere Mitarbeiter wenden nicht-invasive Arbeitsmethoden bei Wartungs- und Servicearbeiten an und passen ihre Vorgehensweise den Vorschriften und gestellten Anforderungen an. Ihr Auftrag wird von uns komplex abgewickelt. <\/p>\n\n\n\n<div style=\"height:20px\" aria-hidden=\"true\" class=\"wp-block-spacer\"><\/div>\n\n\n\n<p>Wir f\u00fchren Inspektionen und periodische Wartungen sowie kleine und gro\u00dfe Reparaturen durch. Alle Arbeiten werden gem\u00e4\u00df der angegebenen und festgestellten Lebensdauer einer Maschine durchgef\u00fchrt. Wir passen Ihre Maschinen den neuen Produktionsaufgaben an. Bei den durchgef\u00fchrten Arbeiten haben wir immer Unterst\u00fctzung unserer Mechaniker, Ingenieure und Logistiker, dank dieser L\u00f6sung k\u00f6nnen wir Ihnen die bestm\u00f6glichen Dienstleistungen anbieten. <\/p>\n\n\n\n<div style=\"height:20px\" aria-hidden=\"true\" class=\"wp-block-spacer\"><\/div>\n\n\n\n<p>Wir f\u00fchren Reparaturen und Modernisierungen im Bereich: Automatik, Robotik, Pneumatik, Krafthydraulik durch, montieren alle notwendigen Anschl\u00fcsse und legalisieren die Anlagen. <\/p>\n\n\n\n<div style=\"height:20px\" aria-hidden=\"true\" class=\"wp-block-spacer\"><\/div>\n\n\n<div class=\"header-kml\"><span>Wie arbeiten wir bei der Instandhaltung? <\/span><\/div>\n\n\n<div class=\"gallery-kml\">\r\n\t\t<a id=\"gallery\">&nbsp;<\/a><div class=\"row\"><a href=\"https:\/\/dgkinstal.com.pl\/wp-content\/uploads\/2020\/06\/01-Utrzymanie-ruchu-naprawa-\u0142o\u017cyska-wrzeciona-CNC.jpg\" title=\"01 Utrzymanie ruchu - naprawa \u0142o\u017cyska wrzeciona CNC\" class=\"lightbox-kml\"><div class=\"normal\" style=\"background-image:url('\/wp-content\/themes\/newsite\/timthumb.php?src=https:\/\/dgkinstal.com.pl\/wp-content\/uploads\/2020\/06\/01-Utrzymanie-ruchu-naprawa-\u0142o\u017cyska-wrzeciona-CNC.jpg&h=400&f=2');\"><\/div><div class=\"hovered\" style=\"background-image:url('\/wp-content\/themes\/newsite\/timthumb.php?src=https:\/\/dgkinstal.com.pl\/wp-content\/uploads\/2020\/06\/01-Utrzymanie-ruchu-naprawa-\u0142o\u017cyska-wrzeciona-CNC.jpg&h=400');\"><\/div><\/a><a href=\"https:\/\/dgkinstal.com.pl\/wp-content\/uploads\/2020\/06\/IMG_3495.jpeg\" title=\"04 Utrzymanie ruchu\" class=\"lightbox-kml\"><div class=\"normal\" style=\"background-image:url('\/wp-content\/themes\/newsite\/timthumb.php?src=https:\/\/dgkinstal.com.pl\/wp-content\/uploads\/2020\/06\/IMG_3495.jpeg&h=400&f=2');\"><\/div><div class=\"hovered\" style=\"background-image:url('\/wp-content\/themes\/newsite\/timthumb.php?src=https:\/\/dgkinstal.com.pl\/wp-content\/uploads\/2020\/06\/IMG_3495.jpeg&h=400');\"><\/div><\/a><a href=\"https:\/\/dgkinstal.com.pl\/wp-content\/uploads\/2020\/06\/Utrzymanie-ruchu-naprawa-wycieku-pompy.jpg\" title=\"Utrzymanie ruchu - naprawa wycieku pompy\" class=\"lightbox-kml\"><div class=\"normal\" style=\"background-image:url('\/wp-content\/themes\/newsite\/timthumb.php?src=https:\/\/dgkinstal.com.pl\/wp-content\/uploads\/2020\/06\/Utrzymanie-ruchu-naprawa-wycieku-pompy.jpg&h=400&f=2');\"><\/div><div class=\"hovered\" style=\"background-image:url('\/wp-content\/themes\/newsite\/timthumb.php?src=https:\/\/dgkinstal.com.pl\/wp-content\/uploads\/2020\/06\/Utrzymanie-ruchu-naprawa-wycieku-pompy.jpg&h=400');\"><\/div><\/a><a href=\"https:\/\/dgkinstal.com.pl\/wp-content\/uploads\/2020\/06\/Utrzymanie-ruchu-planowanie-korpusu-wrzeciona.jpg\" title=\"Utrzymanie ruchu - planowanie korpusu wrzeciona\" class=\"lightbox-kml\"><div class=\"normal\" style=\"background-image:url('\/wp-content\/themes\/newsite\/timthumb.php?src=https:\/\/dgkinstal.com.pl\/wp-content\/uploads\/2020\/06\/Utrzymanie-ruchu-planowanie-korpusu-wrzeciona.jpg&h=400&f=2');\"><\/div><div class=\"hovered\" style=\"background-image:url('\/wp-content\/themes\/newsite\/timthumb.php?src=https:\/\/dgkinstal.com.pl\/wp-content\/uploads\/2020\/06\/Utrzymanie-ruchu-planowanie-korpusu-wrzeciona.jpg&h=400');\"><\/div><\/a><\/div><div class=\"row\"><\/div><\/div>\r\n\t\t<div class=\"row\">\r\n\t\t\t<div class=\"col-6 col-md-4 \"><a href=\"https:\/\/dgkinstal.com.pl\/?post_type=page&p=1272#gallery\" class=\"button-kml\">Galeria: <\/a><\/div>\r\n\t\t\t<div class=\"col-6 col-md-4 offset-md-4\"><a href=\"https:\/\/dgkinstal.com.pl\/?post_type=page&p=1272#gallery\" class=\"button-kml\">Galeria: <\/a><\/div>\r\n\t\t<\/div><div class=\"modal fade\" id=\"galleryModal\" tabindex=\"-1\" role=\"dialog\" aria-labelledby=\"exampleModalLabel\" aria-hidden=\"true\">\r\n\t\t<div class=\"modal-dialog  modal-xl modal-dialog-centered\" role=\"document\">\r\n\t\t\t<div class=\"modal-content\">\r\n\t\t\t\t<div class=\"modal-body\" style=\"background-position:center center;background-size:100px;background-repeat:no-repeat;background-image:url('\/wp-content\/themes\/newsite\/images\/loader.gif');\">\r\n\t\t\t\t\t<button type=\"button\" class=\"close\" data-dismiss=\"modal\" aria-label=\"Close\">\r\n\t\t\t\t\t\t<span aria-hidden=\"true\">&times;<\/span>\r\n\t\t\t\t\t<\/button>\r\n\t\t\t\t\t<img class=\"modal-image\" src=\"\" \/>\r\n\t\t\t\t<\/div>\r\n\t\t\t<\/div>\r\n\t\t<\/div>\r\n\t<\/div>\n\n\n\n<div style=\"height:20px\" aria-hidden=\"true\" class=\"wp-block-spacer\"><\/div>\n\n\n\n<p>\nTAGS:\nInstandhaltung, pr\u00e4ventive Instandhaltung, IoT, vorausschauende\nInstandhaltung, st\u00f6rungsfreier Betrieb von Ger\u00e4ten, \u00dcberwachung\ndes Zustandes von Maschinen, Fortf\u00fchrung der Produktionsprozesse,\nAbschaffung von Ausf\u00e4llen, Outsourcing von\nInstandhaltungsleistungen, Wartung von Maschinen, Reparaturen von\nMaschinen, laufende Reparaturen, Planung von Wartungen, Planung von\nInspektionen, kleine Inspektion, gro\u00dfe Inspektion, Zertifizierung\nvon Maschinen, Anpassung von Maschinen. \n<\/p>\n","protected":false},"excerpt":{"rendered":"Wir garantieren Ihnen, dass Ihre Ger\u00e4te einwandfrei laufen und die Produktion ohne Ausfallzeiten fortgesetzt wird. Unsere Mitarbeiter wenden nicht-invasive Arbeitsmethoden bei Wartungs- und Servicearbeiten an und passen ihre Vorgehensweise den Vorschriften und gestellten Anforderungen an. Ihr Auftrag wird von uns komplex abgewickelt. Wir f\u00fchren Inspektionen und periodische Wartungen sowie kleine und gro\u00dfe Reparaturen durch. Alle&#8230; <a class=\"view-article\" href=\"https:\/\/dgkinstal.com.pl\/index.php\/de\/instandhaltung\/\">View Article<\/a>","protected":false},"author":3,"featured_media":199,"parent":0,"menu_order":0,"comment_status":"closed","ping_status":"closed","template":"","meta":[],"_links":{"self":[{"href":"https:\/\/dgkinstal.com.pl\/index.php\/wp-json\/wp\/v2\/pages\/1272"}],"collection":[{"href":"https:\/\/dgkinstal.com.pl\/index.php\/wp-json\/wp\/v2\/pages"}],"about":[{"href":"https:\/\/dgkinstal.com.pl\/index.php\/wp-json\/wp\/v2\/types\/page"}],"author":[{"embeddable":true,"href":"https:\/\/dgkinstal.com.pl\/index.php\/wp-json\/wp\/v2\/users\/3"}],"replies":[{"embeddable":true,"href":"https:\/\/dgkinstal.com.pl\/index.php\/wp-json\/wp\/v2\/comments?post=1272"}],"version-history":[{"count":3,"href":"https:\/\/dgkinstal.com.pl\/index.php\/wp-json\/wp\/v2\/pages\/1272\/revisions"}],"predecessor-version":[{"id":1388,"href":"https:\/\/dgkinstal.com.pl\/index.php\/wp-json\/wp\/v2\/pages\/1272\/revisions\/1388"}],"wp:featuredmedia":[{"embeddable":true,"href":"https:\/\/dgkinstal.com.pl\/index.php\/wp-json\/wp\/v2\/media\/199"}],"wp:attachment":[{"href":"https:\/\/dgkinstal.com.pl\/index.php\/wp-json\/wp\/v2\/media?parent=1272"}],"curies":[{"name":"wp","href":"https:\/\/api.w.org\/{rel}","templated":true}]}}