{"id":1247,"date":"2021-06-15T11:05:23","date_gmt":"2021-06-15T09:05:23","guid":{"rendered":"http:\/\/dgkinstal.com.pl\/?page_id=1247"},"modified":"2021-06-23T14:46:10","modified_gmt":"2021-06-23T12:46:10","slug":"elektroinstallationen","status":"publish","type":"page","link":"https:\/\/dgkinstal.com.pl\/index.php\/de\/elektroinstallationen\/","title":{"rendered":"Elektroinstallationen"},"content":{"rendered":"<div class=\"row page-introduction\">\r\n\t\t<div class=\"col-12 col-md-6 header-parent\">\r\n\t\t\t<div class=\"col-12 col-md-6 offset-md-6 introduction-title\">\r\n\t\t\t\tElektroinstallationen\r\n\t\t\t<\/div>\r\n\t\t<\/div>\r\n\t\t<div class=\"col-12 col-md-6 text-parent\">\r\n\t\t\t<div class=\"col-12 introduction-text\">\r\n\t\t\t\tWir sind auf komplexe Wartung der Nieder- und Hochspannungsnetze unter Ber\u00fccksichtigung der W\u00e4rmestrahlung spezialisiert. Unsere Messungen gew\u00e4hrleisten gute Arbeitscharakteristik angewandter Ger\u00e4te und erlauben gewisse Stellen mit besonderer Empfindlichkeit auszugleichen. Wir bieten Ihnen fachkundige Beratung bez\u00fcglich des Projekts, der Installation, Instandhaltung und Wartung von Elektroinstallationen.\r\n\t\t\t<\/div>\r\n\t\t<\/div>\r\n\t<\/div>\n\n\n<div class=\"header-kml\"><span>Was k\u00f6nnen wir Ihnen vorschlagen?<\/span><\/div>\n\n\n<p><div class=\"row\"><br \/>\n<div class=\"col-12 col-sm-6 col-md-4\">\r\n\t\t<div class=\"uslugi-box-kml smaller-box\">\r\n\t\t\t<div class=\"box-header\">Entwurfe <span>von <span>Elektroinstallationen. <\/span><\/span><\/div>\r\n\t\t\t<div class=\"box-subheader\">Professionelle Entwurfe im modernen Programm \u2013 Eplan.<\/div>\r\n\t\t\t<div class=\"box-content\"><\/div>\r\n\t\t<\/div>\r\n\t<\/div><br \/>\n<div class=\"col-12 col-sm-6 col-md-4\">\r\n\t\t<div class=\"uslugi-box-kml smaller-box\">\r\n\t\t\t<div class=\"box-header\">Energieberatungen. <\/span><\/div>\r\n\t\t\t<div class=\"box-subheader\">Besprechungen bez\u00fcglich der laufenden und zuk\u00fcnftigen Projekte. L\u00f6sungsvorschl\u00e4ge, Kostenoptimierung usw.<\/div>\r\n\t\t\t<div class=\"box-content\"><\/div>\r\n\t\t<\/div>\r\n\t<\/div><br \/>\n<div class=\"col-12 col-sm-6 col-md-4\">\r\n\t\t<div class=\"uslugi-box-kml smaller-box\">\r\n\t\t\t<div class=\"box-header\">Modernisierung <span>von <span>Installationen, <\/span><\/span><\/div>\r\n\t\t\t<div class=\"box-subheader\">Austausch der Verkabelung, Anschl\u00fcsse, Schaltanlagen, elektrischer Ger\u00e4te usw.<\/div>\r\n\t\t\t<div class=\"box-content\"><\/div>\r\n\t\t<\/div>\r\n\t<\/div><br \/>\n<\/div><br \/>\n<div class=\"row\"><br \/>\n<div class=\"col-12 col-sm-6 col-md-4\">\r\n\t\t<div class=\"uslugi-box-kml smaller-box\">\r\n\t\t\t<div class=\"box-header\">Pirometrische <span>Messungen <\/span><\/span><\/div>\r\n\t\t\t<div class=\"box-subheader\">W\u00e4rmebildmessungen mit W\u00e4rmesensoren und Kameras.<\/div>\r\n\t\t\t<div class=\"box-content\">Ermittlung von sensiblen Stellen in der Installation.<\/div>\r\n\t\t<\/div>\r\n\t<\/div><br \/>\n<div class=\"col-12 col-sm-6 col-md-4\">\r\n\t\t<div class=\"uslugi-box-kml smaller-box\">\r\n\t\t\t<div class=\"box-header\">Zulassungsmessungen <\/span><\/div>\r\n\t\t\t<div class=\"box-subheader\">Zulassung von Maschinen und Ger\u00e4ten, Zulassung und Zertifizierung, Dokumentation usw.<\/div>\r\n\t\t\t<div class=\"box-content\"><\/div>\r\n\t\t<\/div>\r\n\t<\/div><br \/>\n<div class=\"col-12 col-sm-6 col-md-4\">\r\n\t\t<div class=\"uslugi-box-kml smaller-box\">\r\n\t\t\t<div class=\"box-header\">Regelm\u00e4\u00dfige <span>Wartung <span>von <span>Installationen. <\/span><\/span><\/div>\r\n\t\t\t<div class=\"box-subheader\">Bescheinigungen wegen Zulassung einer Installation, \u00dcberpr\u00fcfung der Leistungsf\u00e4higkeit, laufende Kontrolle der gemessenen Werte. <\/div>\r\n\t\t\t<div class=\"box-content\"><\/div>\r\n\t\t<\/div>\r\n\t<\/div><br \/>\n<\/div><br \/>\n<div class=\"row\"><br \/>\n<div class=\"col-12 col-sm-6 col-md-4\">\r\n\t\t<div class=\"uslugi-box-kml smaller-box\">\r\n\t\t\t<div class=\"box-header\">Messung <span>der <span>Wirksamkeit <span>des <span>\u00dcberspannungsschutzes. <\/span><\/span><\/div>\r\n\t\t\t<div class=\"box-subheader\">Messung der Wirksamkeit der Nullung, Messung der Impedanz der Kurzschlussschleife.<\/div>\r\n\t\t\t<div class=\"box-content\"><\/div>\r\n\t\t<\/div>\r\n\t<\/div><br \/>\n<div class=\"col-12 col-sm-6 col-md-4\">\r\n\t\t<div class=\"uslugi-box-kml smaller-box\">\r\n\t\t\t<div class=\"box-header\">Messung <span>des <span>Wirkwiderstandes <span>von <span>Isolationen. <\/span><\/span><\/div>\r\n\t\t\t<div class=\"box-subheader\">Messungen der Installationen mit einer Phase, zwei oder drei Phasen.<\/div>\r\n\t\t\t<div class=\"box-content\"><\/div>\r\n\t\t<\/div>\r\n\t<\/div><br \/>\n<div class=\"col-12 col-sm-6 col-md-4\">\r\n\t\t<div class=\"uslugi-box-kml smaller-box\">\r\n\t\t\t<div class=\"box-header\">Messungen <span>der <span>Fehlerstromschutzschalter. <\/span><\/span><\/div>\r\n\t\t\t<div class=\"box-subheader\">Messungen des Wirkwiderstandes des Blitzschutzes, visuelle Pr\u00fcfung der Installation.<\/div>\r\n\t\t\t<div class=\"box-content\"><\/div>\r\n\t\t<\/div>\r\n\t<\/div><br \/>\n<\/div><\/p>\n\n\n<div class=\"tryptyk row pl_PL\">\r\n\t\t<div class=\"col-12 col-md-4\">\r\n\t\t\t<div class=\"t-box\">\r\n\t\t\t\t<img src=\"\/wp-content\/themes\/newsite\/images\/t1.png\" \/>\r\n\t\t\t\t<div class=\"t-header\">Terminowo<\/div>\r\n\t\t\t\t<div class=\"t-content\">Pracujemy wg. Rygorystycznych re\u017cim\u00f3w czasowych, daj\u0105c Ci gwarancj\u0119 szybkiej i realizacji powierzonych zlece\u0144.<\/div>\r\n\t\t\t<\/div>\r\n\t\t<\/div>\r\n\t\t<div class=\"col-12 col-md-4\">\r\n\t\t\t<div class=\"t-box\">\r\n\t\t\t\t<img src=\"\/wp-content\/themes\/newsite\/images\/t2.png\" \/>\r\n\t\t\t\t<div class=\"t-header\">Bezpiecznie<\/div>\r\n\t\t\t\t<div class=\"t-content\">Atestowany sprz\u0119t, nowoczesne rozwi\u0105zania i wa\u017cna polisa OC w ramach zleconej pracy to dla nas standard!<\/div>\r\n\t\t\t<\/div>\r\n\t\t<\/div>\r\n\t\t<div class=\"col-12 col-md-4\">\r\n\t\t\t<div class=\"t-box\">\r\n\t\t\t\t<img src=\"\/wp-content\/themes\/newsite\/images\/t3.png\" \/>\r\n\t\t\t\t<div class=\"t-header\">Profesjonalnie<\/div>\r\n\t\t\t\t<div class=\"t-content\">Sprawdzone rozwi\u0105zania, wieloletnie do\u015bwiadczenie i nowoczesne podej\u015bcie do realizacji projekt\u00f3w.<\/div>\r\n\t\t\t<\/div>\r\n\t\t<\/div>\r\n\t<\/div>\n\n\n\n<div style=\"height:40px\" aria-hidden=\"true\" class=\"wp-block-spacer\"><\/div>\n\n\n\n<p> Wir verf\u00fcgen \u00fcber notwendige Berechtigungen (SEP) bez\u00fcglich der Arbeiten im Niederspannungs- und Hochspannungsnetz.<\/p>\n\n\n\n<p>Wir bereiten Projekte vor, f\u00fchren die Arbeiten aus und warten jegliche Stromversorgungssysteme in der Industrie. Wir verlegen Kabelkan\u00e4le, w\u00e4hlen entsprechende Ausr\u00fcstung, entwerfen und installieren Schaltanlagen sowie jegliche Stromschutzanlagen. Wir garantieren, dass alle Arbeiten gem\u00e4\u00df der Handwerkskunst durchgef\u00fchrt werden. Ausgestattet mit pirometrischer Ausr\u00fcstung und W\u00e4rmekameras der Firma Sonel k\u00f6nnen wir unseren Kunden zeigen, worauf Sie aufpassen m\u00fcssen, f\u00fcr welche Ger\u00e4te die Umgebungsvariablen nicht entsprechend angepasst wurden. Dank unserer Analyse k\u00f6nnen wir den Energiebedarf Ihres Unternehmens senken, denn wir zeigen Ihnen, wo W\u00e4rme verloren geht oder wo undichte Stellen auftreten.  <\/p>\n\n\n<div class=\"header-kml\"><span>Unsere Installationsarbeiten<\/span><\/div>\n\n\n<div class=\"gallery-kml\">\r\n\t\t<a id=\"gallery\">&nbsp;<\/a><div class=\"row\"><a href=\"https:\/\/dgkinstal.com.pl\/wp-content\/uploads\/2020\/06\/IMG_3793.jpg\" title=\"01 Instalacje elektryczne IMG_3793\" class=\"lightbox-kml\"><div class=\"normal\" style=\"background-image:url('\/wp-content\/themes\/newsite\/timthumb.php?src=https:\/\/dgkinstal.com.pl\/wp-content\/uploads\/2020\/06\/IMG_3793.jpg&h=400&f=2');\"><\/div><div class=\"hovered\" style=\"background-image:url('\/wp-content\/themes\/newsite\/timthumb.php?src=https:\/\/dgkinstal.com.pl\/wp-content\/uploads\/2020\/06\/IMG_3793.jpg&h=400');\"><\/div><\/a><a href=\"https:\/\/dgkinstal.com.pl\/wp-content\/uploads\/2020\/04\/Elektryka-i-termowizja-IMG_20190509_124717.jpg\" title=\"Elektryka i termowizja IMG_20190509_124717\" class=\"lightbox-kml\"><div class=\"normal\" style=\"background-image:url('\/wp-content\/themes\/newsite\/timthumb.php?src=https:\/\/dgkinstal.com.pl\/wp-content\/uploads\/2020\/04\/Elektryka-i-termowizja-IMG_20190509_124717.jpg&h=400&f=2');\"><\/div><div class=\"hovered\" style=\"background-image:url('\/wp-content\/themes\/newsite\/timthumb.php?src=https:\/\/dgkinstal.com.pl\/wp-content\/uploads\/2020\/04\/Elektryka-i-termowizja-IMG_20190509_124717.jpg&h=400');\"><\/div><\/a><a href=\"https:\/\/dgkinstal.com.pl\/wp-content\/uploads\/2020\/04\/IMG_3159.jpeg\" title=\"IMG_3159\" class=\"lightbox-kml\"><div class=\"normal\" style=\"background-image:url('\/wp-content\/themes\/newsite\/timthumb.php?src=https:\/\/dgkinstal.com.pl\/wp-content\/uploads\/2020\/04\/IMG_3159.jpeg&h=400&f=2');\"><\/div><div class=\"hovered\" style=\"background-image:url('\/wp-content\/themes\/newsite\/timthumb.php?src=https:\/\/dgkinstal.com.pl\/wp-content\/uploads\/2020\/04\/IMG_3159.jpeg&h=400');\"><\/div><\/a><a href=\"https:\/\/dgkinstal.com.pl\/wp-content\/uploads\/2020\/04\/IMG_3165.jpeg\" title=\"IMG_3165\" class=\"lightbox-kml\"><div class=\"normal\" style=\"background-image:url('\/wp-content\/themes\/newsite\/timthumb.php?src=https:\/\/dgkinstal.com.pl\/wp-content\/uploads\/2020\/04\/IMG_3165.jpeg&h=400&f=2');\"><\/div><div class=\"hovered\" style=\"background-image:url('\/wp-content\/themes\/newsite\/timthumb.php?src=https:\/\/dgkinstal.com.pl\/wp-content\/uploads\/2020\/04\/IMG_3165.jpeg&h=400');\"><\/div><\/a><\/div><div class=\"row\"><a href=\"https:\/\/dgkinstal.com.pl\/wp-content\/uploads\/2020\/06\/IMG_3788.jpg\" title=\"IMG_3788\" class=\"lightbox-kml\"><div class=\"normal\" style=\"background-image:url('\/wp-content\/themes\/newsite\/timthumb.php?src=https:\/\/dgkinstal.com.pl\/wp-content\/uploads\/2020\/06\/IMG_3788.jpg&h=400&f=2');\"><\/div><div class=\"hovered\" style=\"background-image:url('\/wp-content\/themes\/newsite\/timthumb.php?src=https:\/\/dgkinstal.com.pl\/wp-content\/uploads\/2020\/06\/IMG_3788.jpg&h=400');\"><\/div><\/a><a href=\"https:\/\/dgkinstal.com.pl\/wp-content\/uploads\/2020\/06\/IMG_3791.jpg\" title=\"IMG_3791\" class=\"lightbox-kml\"><div class=\"normal\" style=\"background-image:url('\/wp-content\/themes\/newsite\/timthumb.php?src=https:\/\/dgkinstal.com.pl\/wp-content\/uploads\/2020\/06\/IMG_3791.jpg&h=400&f=2');\"><\/div><div class=\"hovered\" style=\"background-image:url('\/wp-content\/themes\/newsite\/timthumb.php?src=https:\/\/dgkinstal.com.pl\/wp-content\/uploads\/2020\/06\/IMG_3791.jpg&h=400');\"><\/div><\/a><a href=\"https:\/\/dgkinstal.com.pl\/wp-content\/uploads\/2020\/06\/IMG_3792.jpg\" title=\"IMG_3792\" class=\"lightbox-kml\"><div class=\"normal\" style=\"background-image:url('\/wp-content\/themes\/newsite\/timthumb.php?src=https:\/\/dgkinstal.com.pl\/wp-content\/uploads\/2020\/06\/IMG_3792.jpg&h=400&f=2');\"><\/div><div class=\"hovered\" style=\"background-image:url('\/wp-content\/themes\/newsite\/timthumb.php?src=https:\/\/dgkinstal.com.pl\/wp-content\/uploads\/2020\/06\/IMG_3792.jpg&h=400');\"><\/div><\/a><a href=\"https:\/\/dgkinstal.com.pl\/wp-content\/uploads\/2020\/06\/IMG_3794.jpg\" title=\"IMG_3794\" class=\"lightbox-kml\"><div class=\"normal\" style=\"background-image:url('\/wp-content\/themes\/newsite\/timthumb.php?src=https:\/\/dgkinstal.com.pl\/wp-content\/uploads\/2020\/06\/IMG_3794.jpg&h=400&f=2');\"><\/div><div class=\"hovered\" style=\"background-image:url('\/wp-content\/themes\/newsite\/timthumb.php?src=https:\/\/dgkinstal.com.pl\/wp-content\/uploads\/2020\/06\/IMG_3794.jpg&h=400');\"><\/div><\/a><\/div>\r\n\t\t\t\t\t\t<div class=\"row\">\r\n\t\t\t\t\t\t\t<a  href=\"\" class=\"show-more-gallery button-kml\">Poka\u017c wi\u0119cej<\/a>\r\n\t\t\t\t\t\t<\/div>\r\n\t\t\t\t\t<div class=\"row gallery-row hide-me\"><a href=\"https:\/\/dgkinstal.com.pl\/wp-content\/uploads\/2020\/06\/IMG_3795.jpg\" title=\"IMG_3795\" class=\"lightbox-kml\"><div class=\"normal\" style=\"background-image:url('\/wp-content\/themes\/newsite\/timthumb.php?src=https:\/\/dgkinstal.com.pl\/wp-content\/uploads\/2020\/06\/IMG_3795.jpg&h=400&f=2');\"><\/div><div class=\"hovered\" style=\"background-image:url('\/wp-content\/themes\/newsite\/timthumb.php?src=https:\/\/dgkinstal.com.pl\/wp-content\/uploads\/2020\/06\/IMG_3795.jpg&h=400');\"><\/div><\/a><a href=\"https:\/\/dgkinstal.com.pl\/wp-content\/uploads\/2020\/06\/IMG_3796.jpg\" title=\"IMG_3796\" class=\"lightbox-kml\"><div class=\"normal\" style=\"background-image:url('\/wp-content\/themes\/newsite\/timthumb.php?src=https:\/\/dgkinstal.com.pl\/wp-content\/uploads\/2020\/06\/IMG_3796.jpg&h=400&f=2');\"><\/div><div class=\"hovered\" style=\"background-image:url('\/wp-content\/themes\/newsite\/timthumb.php?src=https:\/\/dgkinstal.com.pl\/wp-content\/uploads\/2020\/06\/IMG_3796.jpg&h=400');\"><\/div><\/a><a href=\"https:\/\/dgkinstal.com.pl\/wp-content\/uploads\/2020\/04\/Instalacje-i-pomiary-elektryczne-IMG_3496.jpg\" title=\"Instalacje i pomiary elektryczne IMG_3496\" class=\"lightbox-kml\"><div class=\"normal\" style=\"background-image:url('\/wp-content\/themes\/newsite\/timthumb.php?src=https:\/\/dgkinstal.com.pl\/wp-content\/uploads\/2020\/04\/Instalacje-i-pomiary-elektryczne-IMG_3496.jpg&h=400&f=2');\"><\/div><div class=\"hovered\" style=\"background-image:url('\/wp-content\/themes\/newsite\/timthumb.php?src=https:\/\/dgkinstal.com.pl\/wp-content\/uploads\/2020\/04\/Instalacje-i-pomiary-elektryczne-IMG_3496.jpg&h=400');\"><\/div><\/a><a href=\"https:\/\/dgkinstal.com.pl\/wp-content\/uploads\/2020\/04\/prace-elektryczne-2@05x.jpg\" title=\"prace elektryczne 2@0,5x\" class=\"lightbox-kml\"><div class=\"normal\" style=\"background-image:url('\/wp-content\/themes\/newsite\/timthumb.php?src=https:\/\/dgkinstal.com.pl\/wp-content\/uploads\/2020\/04\/prace-elektryczne-2@05x.jpg&h=400&f=2');\"><\/div><div class=\"hovered\" style=\"background-image:url('\/wp-content\/themes\/newsite\/timthumb.php?src=https:\/\/dgkinstal.com.pl\/wp-content\/uploads\/2020\/04\/prace-elektryczne-2@05x.jpg&h=400');\"><\/div><\/a><\/div><div class=\"row gallery-row hide-me\"><a href=\"https:\/\/dgkinstal.com.pl\/wp-content\/uploads\/2020\/04\/prace-elektryczne-3@05x.jpg\" title=\"prace elektryczne 3@0,5x\" class=\"lightbox-kml\"><div class=\"normal\" style=\"background-image:url('\/wp-content\/themes\/newsite\/timthumb.php?src=https:\/\/dgkinstal.com.pl\/wp-content\/uploads\/2020\/04\/prace-elektryczne-3@05x.jpg&h=400&f=2');\"><\/div><div class=\"hovered\" style=\"background-image:url('\/wp-content\/themes\/newsite\/timthumb.php?src=https:\/\/dgkinstal.com.pl\/wp-content\/uploads\/2020\/04\/prace-elektryczne-3@05x.jpg&h=400');\"><\/div><\/a><a href=\"https:\/\/dgkinstal.com.pl\/wp-content\/uploads\/2020\/04\/prace-elektryuczne@05x.jpg\" title=\"prace elektryuczne@0,5x\" class=\"lightbox-kml\"><div class=\"normal\" style=\"background-image:url('\/wp-content\/themes\/newsite\/timthumb.php?src=https:\/\/dgkinstal.com.pl\/wp-content\/uploads\/2020\/04\/prace-elektryuczne@05x.jpg&h=400&f=2');\"><\/div><div class=\"hovered\" style=\"background-image:url('\/wp-content\/themes\/newsite\/timthumb.php?src=https:\/\/dgkinstal.com.pl\/wp-content\/uploads\/2020\/04\/prace-elektryuczne@05x.jpg&h=400');\"><\/div><\/a><\/div><\/div>\r\n\t\t<div class=\"row\">\r\n\t\t\t<div class=\"col-6 col-md-4 \"><a href=\"https:\/\/dgkinstal.com.pl\/?post_type=page&p=1247#gallery\" class=\"button-kml\">Galeria: <\/a><\/div>\r\n\t\t\t<div class=\"col-6 col-md-4 offset-md-4\"><a href=\"https:\/\/dgkinstal.com.pl\/?post_type=page&p=1247#gallery\" class=\"button-kml\">Galeria: <\/a><\/div>\r\n\t\t<\/div><div class=\"modal fade\" id=\"galleryModal\" tabindex=\"-1\" role=\"dialog\" aria-labelledby=\"exampleModalLabel\" aria-hidden=\"true\">\r\n\t\t<div class=\"modal-dialog  modal-xl modal-dialog-centered\" role=\"document\">\r\n\t\t\t<div class=\"modal-content\">\r\n\t\t\t\t<div class=\"modal-body\" style=\"background-position:center center;background-size:100px;background-repeat:no-repeat;background-image:url('\/wp-content\/themes\/newsite\/images\/loader.gif');\">\r\n\t\t\t\t\t<button type=\"button\" class=\"close\" data-dismiss=\"modal\" aria-label=\"Close\">\r\n\t\t\t\t\t\t<span aria-hidden=\"true\">&times;<\/span>\r\n\t\t\t\t\t<\/button>\r\n\t\t\t\t\t<img class=\"modal-image\" src=\"\" \/>\r\n\t\t\t\t<\/div>\r\n\t\t\t<\/div>\r\n\t\t<\/div>\r\n\t<\/div>\n\n\n\n<div style=\"height:20px\" aria-hidden=\"true\" class=\"wp-block-spacer\"><\/div>\n","protected":false},"excerpt":{"rendered":"Wir verf\u00fcgen \u00fcber notwendige Berechtigungen (SEP) bez\u00fcglich der Arbeiten im Niederspannungs- und Hochspannungsnetz. Wir bereiten Projekte vor, f\u00fchren die Arbeiten aus und warten jegliche Stromversorgungssysteme in der Industrie. Wir verlegen Kabelkan\u00e4le, w\u00e4hlen entsprechende Ausr\u00fcstung, entwerfen und installieren Schaltanlagen sowie jegliche Stromschutzanlagen. Wir garantieren, dass alle Arbeiten gem\u00e4\u00df der Handwerkskunst durchgef\u00fchrt werden. Ausgestattet mit pirometrischer Ausr\u00fcstung&#8230; <a class=\"view-article\" href=\"https:\/\/dgkinstal.com.pl\/index.php\/de\/elektroinstallationen\/\">View Article<\/a>","protected":false},"author":3,"featured_media":84,"parent":0,"menu_order":0,"comment_status":"closed","ping_status":"closed","template":"","meta":[],"_links":{"self":[{"href":"https:\/\/dgkinstal.com.pl\/index.php\/wp-json\/wp\/v2\/pages\/1247"}],"collection":[{"href":"https:\/\/dgkinstal.com.pl\/index.php\/wp-json\/wp\/v2\/pages"}],"about":[{"href":"https:\/\/dgkinstal.com.pl\/index.php\/wp-json\/wp\/v2\/types\/page"}],"author":[{"embeddable":true,"href":"https:\/\/dgkinstal.com.pl\/index.php\/wp-json\/wp\/v2\/users\/3"}],"replies":[{"embeddable":true,"href":"https:\/\/dgkinstal.com.pl\/index.php\/wp-json\/wp\/v2\/comments?post=1247"}],"version-history":[{"count":7,"href":"https:\/\/dgkinstal.com.pl\/index.php\/wp-json\/wp\/v2\/pages\/1247\/revisions"}],"predecessor-version":[{"id":1370,"href":"https:\/\/dgkinstal.com.pl\/index.php\/wp-json\/wp\/v2\/pages\/1247\/revisions\/1370"}],"wp:featuredmedia":[{"embeddable":true,"href":"https:\/\/dgkinstal.com.pl\/index.php\/wp-json\/wp\/v2\/media\/84"}],"wp:attachment":[{"href":"https:\/\/dgkinstal.com.pl\/index.php\/wp-json\/wp\/v2\/media?parent=1247"}],"curies":[{"name":"wp","href":"https:\/\/api.w.org\/{rel}","templated":true}]}}