{"id":1187,"date":"2020-08-31T10:03:42","date_gmt":"2020-08-31T08:03:42","guid":{"rendered":"http:\/\/dgkinstal.com.pl\/?page_id=1187"},"modified":"2020-08-31T10:04:10","modified_gmt":"2020-08-31T08:04:10","slug":"services","status":"publish","type":"page","link":"https:\/\/dgkinstal.com.pl\/index.php\/en\/services\/","title":{"rendered":"SERVICES"},"content":{"rendered":"<div class=\"row\"><br \/>\n<div class=\"col-12 col-sm-6 col-md-4\">\r\n\t\t<div class=\"uslugi-box-kml\">\r\n\t\t\t<div class=\"box-header\">Monta\u017c i <span>naprawa <span>maszyn <\/span><\/span><\/div>\r\n\t\t\t<div class=\"box-subheader\">Kompleksowa obs\u0142uga urz\u0105dze\u0144 i linii produkcyjnych<\/div>\r\n\t\t\t<div class=\"box-content\">Monta\u017c, demonta\u017c, serwis bie\u017c\u0105cy, utrzymanie ruchu, przegl\u0105dy prewencyjne, projektowanie nowych urz\u0105dze\u0144, cz\u0119\u015bci zamienne.<\/div>\r\n\t\t\t<a href=\"https:\/\/dgkinstal.com.pl\/index.php\/oferowane-uslugi\/montaz-i-naprawa-maszyn\/\">Wi\u0119cej<\/a>\r\n\t\t\t<img src=\"https:\/\/dgkinstal.com.pl\/wp-content\/uploads\/2019\/05\/montaz_naprawa_maszyn.png\" class=\"attachment-full size-full wp-post-image\" alt=\"\" loading=\"lazy\" \/>\r\n\t\t<\/div>\r\n\t<\/div><br \/>\n<div class=\"col-12 col-sm-6 col-md-4\">\r\n\t\t<div class=\"uslugi-box-kml\">\r\n\t\t\t<div class=\"box-header\">Relokacje <span>przemys\u0142owe <\/span><\/span><\/div>\r\n\t\t\t<div class=\"box-subheader\">Przemieszczanie hal i urz\u0105dze\u0144<\/div>\r\n\t\t\t<div class=\"box-content\">Prace z wykorzystaniem sprz\u0119tu do zada\u0144 specjalnych: suwnic, przeno\u015bnik\u00f3w, podno\u015bnik\u00f3w, d\u017awig\u00f3w itp. Obs\u0142ugujemy prace do 65ton.<\/div>\r\n\t\t\t<a href=\"https:\/\/dgkinstal.com.pl\/index.php\/oferowane-uslugi\/relokacje-przemyslowe\/\">Wi\u0119cej<\/a>\r\n\t\t\t<img src=\"https:\/\/dgkinstal.com.pl\/wp-content\/uploads\/2019\/05\/relokacje_przemyslowe.png\" class=\"attachment-full size-full wp-post-image\" alt=\"\" loading=\"lazy\" \/>\r\n\t\t<\/div>\r\n\t<\/div><br \/>\n<div class=\"col-12 col-sm-6 col-md-4\">\r\n\t\t<div class=\"uslugi-box-kml\">\r\n\t\t\t<div class=\"box-header\">Budowa <span>maszyn i <span>urz\u0105dze\u0144 <\/span><\/span><\/div>\r\n\t\t\t<div class=\"box-subheader\">Projektowanie maszyn na zam\u00f3wienie, dostosowanych do Twojego projektu<\/div>\r\n\t\t\t<div class=\"box-content\">Sprawdzone, solidne, elastyczne i kreatywne rozwi\u0105zania z zakresu mechaniki maszynowej.\r\n<\/div>\r\n\t\t\t<a href=\"https:\/\/dgkinstal.com.pl\/index.php\/oferowane-uslugi\/budowa-maszyn-i-urzadzen\/\">Wi\u0119cej<\/a>\r\n\t\t\t<img src=\"https:\/\/dgkinstal.com.pl\/wp-content\/uploads\/2019\/05\/ekierka.png\" class=\"attachment-full size-full wp-post-image\" alt=\"budowa maszyn i urz\u0105dze\u0144\" loading=\"lazy\" \/>\r\n\t\t<\/div>\r\n\t<\/div><\/p>\n<p><div class=\"col-12 col-sm-6 col-md-4\">\r\n\t\t<div class=\"uslugi-box-kml\">\r\n\t\t\t<div class=\"box-header\">Automatyka i <span>robotyka <span>przemys\u0142owa <\/span><\/span><\/div>\r\n\t\t\t<div class=\"box-subheader\">Twoje wsparcie technologiczne<\/div>\r\n\t\t\t<div class=\"box-content\">Kompleksowa obs\u0142uga automatyki w Twoim  przedsi\u0119biorstwie. Projekty, wdro\u017cenia, modernizacja i utrzymanie. Wyznaczanie stref bezpiecze\u0144stwa.<\/div>\r\n\t\t\t<a href=\"https:\/\/dgkinstal.com.pl\/index.php\/oferowane-uslugi\/automatyka-przemyslowa\/\">Wi\u0119cej<\/a>\r\n\t\t\t<img src=\"https:\/\/dgkinstal.com.pl\/wp-content\/uploads\/2019\/05\/automatyka_robotyka.png\" class=\"attachment-full size-full wp-post-image\" alt=\"\" loading=\"lazy\" \/>\r\n\t\t<\/div>\r\n\t<\/div><br \/>\n<div class=\"col-12 col-sm-6 col-md-4\">\r\n\t\t<div class=\"uslugi-box-kml\">\r\n\t\t\t<div class=\"box-header\">Obr\u00f3bka <span>CNC <\/span><\/span><\/div>\r\n\t\t\t<div class=\"box-subheader\">Produkty tworzone na miar\u0119<\/div>\r\n\t\t\t<div class=\"box-content\">Us\u0142ugi frezowania, toczenia, ci\u0119cia i spawania. Obr\u00f3bka stali, produkcja konstrukcji i cz\u0119\u015bci zamiennych. Dorabianie cz\u0119\u015bci.<\/div>\r\n\t\t\t<a href=\"https:\/\/dgkinstal.com.pl\/index.php\/oferowane-uslugi\/obrobka-cnc\/\">Wi\u0119cej<\/a>\r\n\t\t\t<img src=\"https:\/\/dgkinstal.com.pl\/wp-content\/uploads\/2019\/05\/obrobka_cnc.png\" class=\"attachment-full size-full wp-post-image\" alt=\"\" loading=\"lazy\" \/>\r\n\t\t<\/div>\r\n\t<\/div><br \/>\n<div class=\"col-12 col-sm-6 col-md-4\">\r\n\t\t<div class=\"uslugi-box-kml\">\r\n\t\t\t<div class=\"box-header\">Instalacje <span>elektryczne <\/span><\/span><\/div>\r\n\t\t\t<div class=\"box-subheader\">Sprawno\u015b\u0107 i bezpiecze\u0144stwo instalacji.<\/div>\r\n\t\t\t<div class=\"box-content\">Badanie, legalizacja i certyfikacja rozdzielnic elektrycznych budowa i modernizacja instalacji, dokumentacja odbiorowa (termowizja, RTG).<\/div>\r\n\t\t\t<a href=\"https:\/\/dgkinstal.com.pl\/index.php\/oferowane-uslugi\/pomiary-elektryczne\/\">Wi\u0119cej<\/a>\r\n\t\t\t<img src=\"https:\/\/dgkinstal.com.pl\/wp-content\/uploads\/2019\/05\/pomiary_elektryczne.png\" class=\"attachment-full size-full wp-post-image\" alt=\"\" loading=\"lazy\" \/>\r\n\t\t<\/div>\r\n\t<\/div><\/p>\n<p><div class=\"col-12 col-sm-6 col-md-4\">\r\n\t\t<div class=\"uslugi-box-kml\">\r\n\t\t\t<div class=\"box-header\">Hydraulika i <span>pneumatyka <span>si\u0142owa <\/span><\/span><\/div>\r\n\t\t\t<div class=\"box-subheader\">Wsparcie w energi\u0119<\/div>\r\n\t\t\t<div class=\"box-content\">Obs\u0142uga instalacji hydraulicznych w zak\u0142adach produkcyjnych. Projekty instalacja, serwis i modernizacja.<\/div>\r\n\t\t\t<a href=\"https:\/\/dgkinstal.com.pl\/index.php\/oferowane-uslugi\/hydraulika-silowa\/\">Wi\u0119cej<\/a>\r\n\t\t\t<img src=\"https:\/\/dgkinstal.com.pl\/wp-content\/uploads\/2019\/05\/hydraulika_silowa.png\" class=\"attachment-full size-full wp-post-image\" alt=\"\" loading=\"lazy\" \/>\r\n\t\t<\/div>\r\n\t<\/div><br \/>\n<div class=\"col-12 col-sm-6 col-md-4\">\r\n\t\t<div class=\"uslugi-box-kml\">\r\n\t\t\t<div class=\"box-header\">Instalacje <span>technologiczne <\/span><\/span><\/div>\r\n\t\t\t<div class=\"box-subheader\">Jako\u015b\u0107 i niezawodno\u015b\u0107<\/div>\r\n\t\t\t<div class=\"box-content\">Elektryka, pneumatyka, hydraulika, wentylacja i ch\u0142odzenie. Pomiary, projekty i wykonanie.<\/div>\r\n\t\t\t<a href=\"https:\/\/dgkinstal.com.pl\/index.php\/oferowane-uslugi\/instalacje-technologiczne\/\">Wi\u0119cej<\/a>\r\n\t\t\t<img src=\"https:\/\/dgkinstal.com.pl\/wp-content\/uploads\/2019\/05\/instalacje_technologiczne.png\" class=\"attachment-full size-full wp-post-image\" alt=\"\" loading=\"lazy\" \/>\r\n\t\t<\/div>\r\n\t<\/div><br \/>\n<div class=\"col-12 col-sm-6 col-md-4\">\r\n\t\t<div class=\"uslugi-box-kml\">\r\n\t\t\t<div class=\"box-header\">Prace <span>alpinistyczne <\/span><\/span><\/div>\r\n\t\t\t<div class=\"box-subheader\">Bezpiecze\u0144stwo wsparte do\u015bwiadczeniem<\/div>\r\n\t\t\t<div class=\"box-content\">Prace na wysoko\u015bciach z zaanga\u017cowaniem uprawnionego personelu i wykorzystaniem certyfikowanego sprz\u0119tu.<\/div>\r\n\t\t\t<a href=\"https:\/\/dgkinstal.com.pl\/index.php\/oferowane-uslugi\/prace-alpinistyczne\/\">Wi\u0119cej<\/a>\r\n\t\t\t<img src=\"https:\/\/dgkinstal.com.pl\/wp-content\/uploads\/2019\/05\/prace_alpinistyczne.png\" class=\"attachment-full size-full wp-post-image\" alt=\"\" loading=\"lazy\" \/>\r\n\t\t<\/div>\r\n\t<\/div><\/p>\n<p><div class=\"col-12 col-sm-6 col-md-4\">\r\n\t\t<div class=\"uslugi-box-kml\">\r\n\t\t\t<div class=\"box-header\">Modernizacja <span>maszyn <span>przemys\u0142owych <\/span><\/span><\/div>\r\n\t\t\t<div class=\"box-subheader\">Rozbudowa, usprawnienie dzia\u0142ania, naprawa, <\/div>\r\n\t\t\t<div class=\"box-content\">Modernizacja i przebudowy wszelkiego typu konstrukcji i maszyn przemys\u0142owych.<\/div>\r\n\t\t\t<a href=\"https:\/\/dgkinstal.com.pl\/index.php\/oferowane-uslugi\/modernizacja-maszyn-przemyslowych\/\">Wi\u0119cej<\/a>\r\n\t\t\t<img src=\"https:\/\/dgkinstal.com.pl\/wp-content\/uploads\/2019\/05\/modernization-grey1.png\" class=\"attachment-full size-full wp-post-image\" alt=\"Modernizacja maszyn\" loading=\"lazy\" \/>\r\n\t\t<\/div>\r\n\t<\/div><br \/>\n<div class=\"col-12 col-sm-6 col-md-4\">\r\n\t\t<div class=\"uslugi-box-kml\">\r\n\t\t\t<div class=\"box-header\">Utrzymanie <span>ruchu <\/span><\/span><\/div>\r\n\t\t\t<div class=\"box-subheader\">Serwisy i przegl\u0105dy okresowe maszyn i urz\u0105dze\u0144.<\/div>\r\n\t\t\t<div class=\"box-content\">Zapewniamy warunki do bezproblemowej i bezawaryjnej pracy.<\/div>\r\n\t\t\t<a href=\"https:\/\/dgkinstal.com.pl\/index.php\/oferowane-uslugi\/serwis-maszyn-przemyslowych-utrzymanie-ruchu\/\">Wi\u0119cej<\/a>\r\n\t\t\t<img src=\"https:\/\/dgkinstal.com.pl\/wp-content\/uploads\/2019\/05\/maintenance-grey.png\" class=\"attachment-full size-full wp-post-image\" alt=\"Utrzymanie ruchu\" loading=\"lazy\" \/>\r\n\t\t<\/div>\r\n\t<\/div><br \/>\n<div class=\"col-12 col-sm-6 col-md-4\">\r\n\t\t<div class=\"uslugi-box-kml\">\r\n\t\t\t<div class=\"box-header\">Dostosowanie i <span>certyfikacja <span>maszyn <span>(CE) <\/span><\/span><\/div>\r\n\t\t\t<div class=\"box-subheader\">Certyfikacja maszyn i urz\u0105dze\u0144 zgodnie z dyrektywami unijnymi (Deklaracja Zgodno\u015bci).<\/div>\r\n\t\t\t<div class=\"box-content\">Tworzenie i odtwarzanie dokumentacji, porady prawne.<\/div>\r\n\t\t\t<a href=\"https:\/\/dgkinstal.com.pl\/index.php\/oferowane-uslugi\/dokumentacje-techniczne-projektow\/\">Wi\u0119cej<\/a>\r\n\t\t\t<img src=\"https:\/\/dgkinstal.com.pl\/wp-content\/uploads\/2019\/05\/tech-documentation.png\" class=\"attachment-full size-full wp-post-image\" alt=\"Dokumentacja techniczna projekt\u00f3w\" loading=\"lazy\" \/>\r\n\t\t<\/div>\r\n\t<\/div><\/p>\n<p><\/div>\n","protected":false},"excerpt":{"rendered":"","protected":false},"author":1,"featured_media":0,"parent":0,"menu_order":0,"comment_status":"closed","ping_status":"closed","template":"","meta":[],"_links":{"self":[{"href":"https:\/\/dgkinstal.com.pl\/index.php\/wp-json\/wp\/v2\/pages\/1187"}],"collection":[{"href":"https:\/\/dgkinstal.com.pl\/index.php\/wp-json\/wp\/v2\/pages"}],"about":[{"href":"https:\/\/dgkinstal.com.pl\/index.php\/wp-json\/wp\/v2\/types\/page"}],"author":[{"embeddable":true,"href":"https:\/\/dgkinstal.com.pl\/index.php\/wp-json\/wp\/v2\/users\/1"}],"replies":[{"embeddable":true,"href":"https:\/\/dgkinstal.com.pl\/index.php\/wp-json\/wp\/v2\/comments?post=1187"}],"version-history":[{"count":2,"href":"https:\/\/dgkinstal.com.pl\/index.php\/wp-json\/wp\/v2\/pages\/1187\/revisions"}],"predecessor-version":[{"id":1189,"href":"https:\/\/dgkinstal.com.pl\/index.php\/wp-json\/wp\/v2\/pages\/1187\/revisions\/1189"}],"wp:attachment":[{"href":"https:\/\/dgkinstal.com.pl\/index.php\/wp-json\/wp\/v2\/media?parent=1187"}],"curies":[{"name":"wp","href":"https:\/\/api.w.org\/{rel}","templated":true}]}}