{"id":112,"date":"2019-05-23T13:00:14","date_gmt":"2019-05-23T11:00:14","guid":{"rendered":"http:\/\/newsite.dgkinstal.com.pl\/?page_id=112"},"modified":"2020-07-15T09:16:19","modified_gmt":"2020-07-15T07:16:19","slug":"modernizacja-maszyn-przemyslowych","status":"publish","type":"page","link":"https:\/\/dgkinstal.com.pl\/index.php\/oferowane-uslugi\/modernizacja-maszyn-przemyslowych\/","title":{"rendered":"Modernizacja maszyn przemys\u0142owych"},"content":{"rendered":"\n<p><\/p>\n\n\n\n<div class=\"row page-introduction\">\r\n\t\t<div class=\"col-12 col-md-6 header-parent\">\r\n\t\t\t<div class=\"col-12 col-md-6 offset-md-6 introduction-title\">\r\n\t\t\t\tModernizacja maszyn przemys\u0142owych\r\n\t\t\t<\/div>\r\n\t\t<\/div>\r\n\t\t<div class=\"col-12 col-md-6 text-parent\">\r\n\t\t\t<div class=\"col-12 introduction-text\">\r\n\t\t\t\tOferujemy us\u0142ugi modernizacji i dostosowania maszyn i urz\u0105dze\u0144, b\u0119d\u0105cych na wyposa\u017ceniu przedsi\u0119biorstw. Dbamy o zgodno\u015b\u0107 z bie\u017c\u0105cymi przepisami, gwarantuj\u0105c d\u0142ug\u0105 \u017cywotno\u015b\u0107 i pe\u0142ne bezpiecze\u0144stwo rozwi\u0105za\u0144. Dzi\u0119ki pracom modernizacyjnym Twoje maszyny osi\u0105gn\u0105 wi\u0119ksz\u0105 wydajno\u015b\u0107, a dotychczasowe problemy w funkcjonowaniu pozostan\u0105 jedynie wspomnieniem.\r\n\t\t\t<\/div>\r\n\t\t<\/div>\r\n\t<\/div>\n\n\n<div class=\"header-kml\"><span>W ramach us\u0142ugi proponujemy<\/span><\/div>\n\n\n\n\n<p><div class=\"row\"><br \/>\n<div class=\"col-12 col-sm-6 col-md-4\">\r\n\t\t<div class=\"uslugi-box-kml smaller-box\">\r\n\t\t\t<div class=\"box-header\">Modernizacja <span>uk\u0142ad\u00f3w <span>mechanicznych <\/span><\/span><\/div>\r\n\t\t\t<div class=\"box-subheader\">Wymiana silnik\u00f3w, przek\u0142adni, przeniesienia nap\u0119du, ta\u015bm, \u0142a\u0144cuch\u00f3w transmisyjnych itp.<\/div>\r\n\t\t\t<div class=\"box-content\">Centralne sterowanie procesami.<\/div>\r\n\t\t<\/div>\r\n\t<\/div><br \/>\n<div class=\"col-12 col-sm-6 col-md-4\">\r\n\t\t<div class=\"uslugi-box-kml smaller-box\">\r\n\t\t\t<div class=\"box-header\">Modernizacja <span>uk\u0142ad\u00f3w <span>elektrycznych <\/span><\/span><\/div>\r\n\t\t\t<div class=\"box-subheader\">Szafy sterownicze, panele sterowania<\/div>\r\n\t\t\t<div class=\"box-content\">Wdra\u017canie nowoczesnych rozwi\u0105za\u0144 sterowniczo- transmisyjnych, obs\u0142uguj\u0105cych maszyny.<\/div>\r\n\t\t<\/div>\r\n\t<\/div><br \/>\n<div class=\"col-12 col-sm-6 col-md-4\">\r\n\t\t<div class=\"uslugi-box-kml smaller-box\">\r\n\t\t\t<div class=\"box-header\">Modernizacja <span>uk\u0142ad\u00f3w <span>automatyki <\/span><\/span><\/div>\r\n\t\t\t<div class=\"box-subheader\">Wykorzystanie nowoczesnych rozwi\u0105za\u0144<\/div>\r\n\t\t\t<div class=\"box-content\">Pe\u0142na automatyzacja linii, poprawa jako\u015bci proces\u00f3w, przyspieszanie cyklu produkcyjnego.<\/div>\r\n\t\t<\/div>\r\n\t<\/div><br \/>\n<\/div><br \/>\n<div class=\"row\"><br \/>\n<div class=\"col-12 col-sm-6 col-md-4\">\r\n\t\t<div class=\"uslugi-box-kml smaller-box\">\r\n\t\t\t<div class=\"box-header\">Zwi\u0119kszanie <span>poziomu <span>bezpiecze\u0144stwa <\/span><\/span><\/div>\r\n\t\t\t<div class=\"box-subheader\">Wydzielanie stref bezpiecze\u0144stwa, grodzenie i os\u0142anianie stref niebezpiecznych<\/div>\r\n\t\t\t<div class=\"box-content\">Analiza urz\u0105dze\u0144 sk\u0142adowych pod k\u0105tem SIL i PL.<\/div>\r\n\t\t<\/div>\r\n\t<\/div><br \/>\n<div class=\"col-12 col-sm-6 col-md-4\">\r\n\t\t<div class=\"uslugi-box-kml smaller-box\">\r\n\t\t\t<div class=\"box-header\">Zmiany <span>konstrukcyjne <span>maszyn <\/span><\/span><\/div>\r\n\t\t\t<div class=\"box-subheader\">Przebudowa dostosowawcza, budowa fundament\u00f3w<\/div>\r\n\t\t\t<div class=\"box-content\">Projekty zabudowy wewn\u0119trznej hali produkcyjnej, konstrukcje stalowe, por\u0119cze itp.<\/div>\r\n\t\t<\/div>\r\n\t<\/div><br \/>\n<div class=\"col-12 col-sm-6 col-md-4\">\r\n\t\t<div class=\"uslugi-box-kml smaller-box\">\r\n\t\t\t<div class=\"box-header\">Dostosowanie do <span>norm <\/span><\/span><\/div>\r\n\t\t\t<div class=\"box-subheader\">Zmiany projektowe urz\u0105dze\u0144, kompletacja dokumentacji<\/div>\r\n\t\t\t<div class=\"box-content\">celem dostosowania ich do obecnie obowi\u0105zuj\u0105cych norm prawnych (np. Dytektywa Maszynowa &#8211; tzw. &#8222;CE&#8221;)<\/div>\r\n\t\t<\/div>\r\n\t<\/div><br \/>\n<\/div><\/p>\n\n\n<div class=\"tryptyk row pl_PL\">\r\n\t\t<div class=\"col-12 col-md-4\">\r\n\t\t\t<div class=\"t-box\">\r\n\t\t\t\t<img src=\"\/wp-content\/themes\/newsite\/images\/t1.png\" \/>\r\n\t\t\t\t<div class=\"t-header\">Terminowo<\/div>\r\n\t\t\t\t<div class=\"t-content\">Pracujemy wg. Rygorystycznych re\u017cim\u00f3w czasowych, daj\u0105c Ci gwarancj\u0119 szybkiej i realizacji powierzonych zlece\u0144.<\/div>\r\n\t\t\t<\/div>\r\n\t\t<\/div>\r\n\t\t<div class=\"col-12 col-md-4\">\r\n\t\t\t<div class=\"t-box\">\r\n\t\t\t\t<img src=\"\/wp-content\/themes\/newsite\/images\/t2.png\" \/>\r\n\t\t\t\t<div class=\"t-header\">Bezpiecznie<\/div>\r\n\t\t\t\t<div class=\"t-content\">Atestowany sprz\u0119t, nowoczesne rozwi\u0105zania i wa\u017cna polisa OC w ramach zleconej pracy to dla nas standard!<\/div>\r\n\t\t\t<\/div>\r\n\t\t<\/div>\r\n\t\t<div class=\"col-12 col-md-4\">\r\n\t\t\t<div class=\"t-box\">\r\n\t\t\t\t<img src=\"\/wp-content\/themes\/newsite\/images\/t3.png\" \/>\r\n\t\t\t\t<div class=\"t-header\">Profesjonalnie<\/div>\r\n\t\t\t\t<div class=\"t-content\">Sprawdzone rozwi\u0105zania, wieloletnie do\u015bwiadczenie i nowoczesne podej\u015bcie do realizacji projekt\u00f3w.<\/div>\r\n\t\t\t<\/div>\r\n\t\t<\/div>\r\n\t<\/div>\n\n\n\n<div style=\"height:40px\" aria-hidden=\"true\" class=\"wp-block-spacer\"><\/div>\n\n\n\n<p class=\"has-medium-font-size\">Zajmujemy si\u0119 napraw\u0105 i modernizacj\u0105 maszyn. Nasze dzia\u0142ania w bezpo\u015bredni spos\u00f3b wp\u0142ywaj\u0105 na efektywno\u015b\u0107 i trwa\u0142o\u015b\u0107 rozwi\u0105za\u0144. Naszym klientom proponujemy nieodp\u0142atne us\u0142ugi audytowe w celu okre\u015blenia potrzeb i mo\u017cliwo\u015bci modernizacyjnych. Dzi\u0119ki temu dzia\u0142aniu ju\u017c na etapie planowania jeste\u015bmy w stanie przedstawi\u0107 zar\u00f3wno koszt wdro\u017cenia jak i p\u0142yn\u0105ce z niego korzy\u015bci. <\/p>\n\n\n\n<div style=\"height:20px\" aria-hidden=\"true\" class=\"wp-block-spacer\"><\/div>\n\n\n\n<p class=\"has-medium-font-size\">W trosce o interes naszych klient\u00f3w oddajemy do ich dyspozycji sztab in\u017cynier\u00f3w, kt\u00f3rzy przez swoje do\u015bwiadczenie, a tak\u017ce wszechstronne umiej\u0119tno\u015bci, s\u0142u\u017c\u0105 fachow\u0105 wiedz\u0105 i pomoc\u0105 w obliczu wszystkich, nawet najtrudniejszych wyzwa\u0144.  Wszelkie etapy realizacji wykonywane s\u0105 przez naszych pracownik\u00f3w, gwarantuj\u0105c pe\u0142n\u0105 kontrol\u0119 wewn\u0119trzn\u0105 wszelkich proces\u00f3w. <\/p>\n\n\n\n<div style=\"height:20px\" aria-hidden=\"true\" class=\"wp-block-spacer\"><\/div>\n\n\n\n<p class=\"has-medium-font-size\">Oferujemy us\u0142ugi z zakresu projektowania, wykonania, a tak\u017ce obs\u0142ugi powykonawczej. Gwarantujemy r\u00f3wnie\u017c sprawne zarz\u0105dzanie \u0142a\u0144cuchem dostaw, aby zam\u00f3wione cz\u0119\u015bci zamienne dotar\u0142y na czas, pozwalaj\u0105c terminowo wykona\u0107 powierzone zadania.<\/p>\n\n\n\n<div style=\"height:20px\" aria-hidden=\"true\" class=\"wp-block-spacer\"><\/div>\n\n\n\n<p class=\"has-medium-font-size\">Us\u0142ugi modernizacji proponujemy przede wszystkim w przypadkach:<\/p>\n\n\n\n<ul><li>konieczno\u015bci dostosowania urz\u0105dze\u0144 do znowelizowanych ustaw,<\/li><li>niewystarczaj\u0105cej komunikacji procesowej (wyprowadzenie sygna\u0142\u00f3w z maszyn),<\/li><li>konieczno\u015bci podniesienia bezpiecze\u0144stwa maszyn,<\/li><li>niewystarczaj\u0105cej wydajno\u015bci procesu produkcyjnego,<\/li><li>zbyt wielkiej ilo\u015bci b\u0142\u0119d\u00f3w produkcyjnych,<\/li><li>ch\u0119ci automatyzacji proces\u00f3w wykonywanych r\u0119cznie (maszyny i linie  p\u00f3\u0142automatyczne),<\/li><li>wdra\u017cania nowej produkcji, do kt\u00f3rej urz\u0105dzenia musz\u0105 zosta\u0107 przystosowane.<\/li><\/ul>\n\n\n\n<div style=\"height:20px\" aria-hidden=\"true\" class=\"wp-block-spacer\"><\/div>\n\n\n\n<p class=\"has-medium-font-size\">Gwarantujemy pe\u0142en wachlarz us\u0142ug projektowych, wykonawstwo mechaniczne (w tym tak\u017ce zaopatrzenie w niezb\u0119dne media), logistyk\u0119 gotowych urz\u0105dze\u0144, a tak\u017ce ich certyfikacj\u0119 w zgodzie z obowi\u0105zuj\u0105cymi przepisami oraz pe\u0142n\u0105 obs\u0142ug\u0119 serwisow\u0105 proponowanych rozwi\u0105za\u0144. Gwarantujemy szybkie czasy reakcji, nowoczesny sprz\u0119t wykonawczy, solidn\u0105 wiedz\u0119 techniczn\u0105 naszych pracownik\u00f3w, a tak\u017ce w pe\u0142ni profesjonaln\u0105 obs\u0142ug\u0119 Twojego zlecenia, zgodnie z najwy\u017cszymi, \u015bwiatowymi standardami.<\/p>\n\n\n\n<div style=\"height:20px\" aria-hidden=\"true\" class=\"wp-block-spacer\"><\/div>\n\n\n<div class=\"header-kml\"><span>Jak pracujemy przy modernizacji maszyn?<\/span><\/div>\n\n\n<div class=\"gallery-kml\">\r\n\t\t<a id=\"gallery\">&nbsp;<\/a><div class=\"row\"><a href=\"https:\/\/dgkinstal.com.pl\/wp-content\/uploads\/2020\/07\/IMG_4444.jpg\" title=\"IMG_4444\" class=\"lightbox-kml\"><div class=\"normal\" style=\"background-image:url('\/wp-content\/themes\/newsite\/timthumb.php?src=https:\/\/dgkinstal.com.pl\/wp-content\/uploads\/2020\/07\/IMG_4444.jpg&h=400&f=2');\"><\/div><div class=\"hovered\" style=\"background-image:url('\/wp-content\/themes\/newsite\/timthumb.php?src=https:\/\/dgkinstal.com.pl\/wp-content\/uploads\/2020\/07\/IMG_4444.jpg&h=400');\"><\/div><\/a><a href=\"https:\/\/dgkinstal.com.pl\/wp-content\/uploads\/2020\/06\/IMG_3164.jpeg\" title=\"Modernizacja maszyn 02\" class=\"lightbox-kml\"><div class=\"normal\" style=\"background-image:url('\/wp-content\/themes\/newsite\/timthumb.php?src=https:\/\/dgkinstal.com.pl\/wp-content\/uploads\/2020\/06\/IMG_3164.jpeg&h=400&f=2');\"><\/div><div class=\"hovered\" style=\"background-image:url('\/wp-content\/themes\/newsite\/timthumb.php?src=https:\/\/dgkinstal.com.pl\/wp-content\/uploads\/2020\/06\/IMG_3164.jpeg&h=400');\"><\/div><\/a><a href=\"https:\/\/dgkinstal.com.pl\/wp-content\/uploads\/2020\/06\/Modernizacja-maszyn-04.jpeg\" title=\"Modernizacja maszyn 04\" class=\"lightbox-kml\"><div class=\"normal\" style=\"background-image:url('\/wp-content\/themes\/newsite\/timthumb.php?src=https:\/\/dgkinstal.com.pl\/wp-content\/uploads\/2020\/06\/Modernizacja-maszyn-04.jpeg&h=400&f=2');\"><\/div><div class=\"hovered\" style=\"background-image:url('\/wp-content\/themes\/newsite\/timthumb.php?src=https:\/\/dgkinstal.com.pl\/wp-content\/uploads\/2020\/06\/Modernizacja-maszyn-04.jpeg&h=400');\"><\/div><\/a><a href=\"https:\/\/dgkinstal.com.pl\/wp-content\/uploads\/2020\/06\/modernizacja-maszyn.jpg\" title=\"modernizacja maszyn\" class=\"lightbox-kml\"><div class=\"normal\" style=\"background-image:url('\/wp-content\/themes\/newsite\/timthumb.php?src=https:\/\/dgkinstal.com.pl\/wp-content\/uploads\/2020\/06\/modernizacja-maszyn.jpg&h=400&f=2');\"><\/div><div class=\"hovered\" style=\"background-image:url('\/wp-content\/themes\/newsite\/timthumb.php?src=https:\/\/dgkinstal.com.pl\/wp-content\/uploads\/2020\/06\/modernizacja-maszyn.jpg&h=400');\"><\/div><\/a><\/div><div class=\"row\"><a href=\"https:\/\/dgkinstal.com.pl\/wp-content\/uploads\/2020\/06\/modernizacja-maszyn-03.jpeg\" title=\"modernizacja maszyn 03\" class=\"lightbox-kml\"><div class=\"normal\" style=\"background-image:url('\/wp-content\/themes\/newsite\/timthumb.php?src=https:\/\/dgkinstal.com.pl\/wp-content\/uploads\/2020\/06\/modernizacja-maszyn-03.jpeg&h=400&f=2');\"><\/div><div class=\"hovered\" style=\"background-image:url('\/wp-content\/themes\/newsite\/timthumb.php?src=https:\/\/dgkinstal.com.pl\/wp-content\/uploads\/2020\/06\/modernizacja-maszyn-03.jpeg&h=400');\"><\/div><\/a><\/div><\/div>\r\n\t\t<div class=\"row\">\r\n\t\t\t<div class=\"col-6 col-md-4 \"><a href=\"https:\/\/dgkinstal.com.pl\/?post_type=page&p=109#gallery\" class=\"button-kml\">Galeria: Budowa maszyn i urz\u0105dze\u0144<\/a><\/div>\r\n\t\t\t<div class=\"col-6 col-md-4 offset-md-4\"><a href=\"https:\/\/dgkinstal.com.pl\/?post_type=page&p=114#gallery\" class=\"button-kml\">Galeria: Utrzymanie ruchu<\/a><\/div>\r\n\t\t<\/div><div class=\"modal fade\" id=\"galleryModal\" tabindex=\"-1\" role=\"dialog\" aria-labelledby=\"exampleModalLabel\" aria-hidden=\"true\">\r\n\t\t<div class=\"modal-dialog  modal-xl modal-dialog-centered\" role=\"document\">\r\n\t\t\t<div class=\"modal-content\">\r\n\t\t\t\t<div class=\"modal-body\" style=\"background-position:center center;background-size:100px;background-repeat:no-repeat;background-image:url('\/wp-content\/themes\/newsite\/images\/loader.gif');\">\r\n\t\t\t\t\t<button type=\"button\" class=\"close\" data-dismiss=\"modal\" aria-label=\"Close\">\r\n\t\t\t\t\t\t<span aria-hidden=\"true\">&times;<\/span>\r\n\t\t\t\t\t<\/button>\r\n\t\t\t\t\t<img class=\"modal-image\" src=\"\" \/>\r\n\t\t\t\t<\/div>\r\n\t\t\t<\/div>\r\n\t\t<\/div>\r\n\t<\/div>\n\n\n\n<div style=\"height:20px\" aria-hidden=\"true\" class=\"wp-block-spacer\"><\/div>\n\n\n\n<pre class=\"wp-block-preformatted\"><strong>TAGI:<\/strong> <em>modernizacja maszyn, dostosowanie maszyn, przystosowanie maszyn, PL, Performance Lever, SIL, Safety Integrity Level, EMC, Dyrektywa Maszynowa, bezpiecze\u0144stwo maszyn, modernizacja mechaniczna urz\u0105dze\u0144, modernizacja szaf elektrycznych, modernizacja sterowania, sieci logiczne, ProfiNet, ProfiSafe, ProfiBus, zmiany sterowania, integracja maszyn, zmiana charakterystyki pracy urz\u0105dze\u0144, ulepszanie proces\u00f3w produkcyjnych, podnoszenie wydajno\u015bci pracy.<\/em><\/pre>\n\n\n\n<p><\/p>\n","protected":false},"excerpt":{"rendered":"Zajmujemy si\u0119 napraw\u0105 i modernizacj\u0105 maszyn. Nasze dzia\u0142ania w bezpo\u015bredni spos\u00f3b wp\u0142ywaj\u0105 na efektywno\u015b\u0107 i trwa\u0142o\u015b\u0107 rozwi\u0105za\u0144. Naszym klientom proponujemy nieodp\u0142atne us\u0142ugi audytowe w celu okre\u015blenia potrzeb i mo\u017cliwo\u015bci modernizacyjnych. Dzi\u0119ki temu dzia\u0142aniu ju\u017c na etapie planowania jeste\u015bmy w stanie przedstawi\u0107 zar\u00f3wno koszt wdro\u017cenia jak i p\u0142yn\u0105ce z niego korzy\u015bci. W trosce o interes naszych&#8230; <a class=\"view-article\" href=\"https:\/\/dgkinstal.com.pl\/index.php\/oferowane-uslugi\/modernizacja-maszyn-przemyslowych\/\">View Article<\/a>","protected":false},"author":1,"featured_media":198,"parent":201,"menu_order":0,"comment_status":"closed","ping_status":"closed","template":"","meta":[],"_links":{"self":[{"href":"https:\/\/dgkinstal.com.pl\/index.php\/wp-json\/wp\/v2\/pages\/112"}],"collection":[{"href":"https:\/\/dgkinstal.com.pl\/index.php\/wp-json\/wp\/v2\/pages"}],"about":[{"href":"https:\/\/dgkinstal.com.pl\/index.php\/wp-json\/wp\/v2\/types\/page"}],"author":[{"embeddable":true,"href":"https:\/\/dgkinstal.com.pl\/index.php\/wp-json\/wp\/v2\/users\/1"}],"replies":[{"embeddable":true,"href":"https:\/\/dgkinstal.com.pl\/index.php\/wp-json\/wp\/v2\/comments?post=112"}],"version-history":[{"count":20,"href":"https:\/\/dgkinstal.com.pl\/index.php\/wp-json\/wp\/v2\/pages\/112\/revisions"}],"predecessor-version":[{"id":847,"href":"https:\/\/dgkinstal.com.pl\/index.php\/wp-json\/wp\/v2\/pages\/112\/revisions\/847"}],"up":[{"embeddable":true,"href":"https:\/\/dgkinstal.com.pl\/index.php\/wp-json\/wp\/v2\/pages\/201"}],"wp:featuredmedia":[{"embeddable":true,"href":"https:\/\/dgkinstal.com.pl\/index.php\/wp-json\/wp\/v2\/media\/198"}],"wp:attachment":[{"href":"https:\/\/dgkinstal.com.pl\/index.php\/wp-json\/wp\/v2\/media?parent=112"}],"curies":[{"name":"wp","href":"https:\/\/api.w.org\/{rel}","templated":true}]}}