{"id":109,"date":"2019-05-23T12:59:23","date_gmt":"2019-05-23T10:59:23","guid":{"rendered":"http:\/\/newsite.dgkinstal.com.pl\/?page_id=109"},"modified":"2020-07-27T11:39:37","modified_gmt":"2020-07-27T09:39:37","slug":"budowa-maszyn-i-urzadzen","status":"publish","type":"page","link":"https:\/\/dgkinstal.com.pl\/index.php\/oferowane-uslugi\/budowa-maszyn-i-urzadzen\/","title":{"rendered":"Budowa maszyn i urz\u0105dze\u0144"},"content":{"rendered":"<div class=\"row page-introduction\">\r\n\t\t<div class=\"col-12 col-md-6 header-parent\">\r\n\t\t\t<div class=\"col-12 col-md-6 offset-md-6 introduction-title\">\r\n\t\t\t\tBudowa maszyn i urz\u0105dze\u0144\r\n\t\t\t<\/div>\r\n\t\t<\/div>\r\n\t\t<div class=\"col-12 col-md-6 text-parent\">\r\n\t\t\t<div class=\"col-12 introduction-text\">\r\n\t\t\t\tJeste\u015bmy grup\u0105 kreatywnych i zdolnych in\u017cynier\u00f3w z wieloletnim do\u015bwiadczeniem w bran\u017cy przemys\u0142owej. Ch\u0119tnie podejmujemy si\u0119 trudnych zada\u0144 i wyzwa\u0144 wymagaj\u0105cych kreatywnego my\u015blenia. Do ka\u017cdego zagadnienia podchodzimy z pe\u0142nym zaanga\u017cowaniem, oferuj\u0105c Ci swoj\u0105 wiedz\u0119 i do\u015bwiadczenie. Cechuj\u0105 nas sprawdzone, solidne, elastyczne i kreatywne rozwi\u0105zania z zakresu mechaniki sprz\u0119towej.\r\n\t\t\t<\/div>\r\n\t\t<\/div>\r\n\t<\/div>\n\n\n<div class=\"header-kml\"><span>W ramach us\u0142ugi proponujemy<\/span><\/div>\n\n\n<p><div class=\"row\"><br \/>\n<div class=\"col-12 col-sm-6 col-md-4\">\r\n\t\t<div class=\"uslugi-box-kml smaller-box\">\r\n\t\t\t<div class=\"box-header\">Projektowanie <span>maszyn i <span>urz\u0105dze\u0144 <\/span><\/span><\/div>\r\n\t\t\t<div class=\"box-subheader\">Dostosowanie urz\u0105dze\u0144 do potrzeb klienta.<\/div>\r\n\t\t\t<div class=\"box-content\">Optymalizacja wolumenu produkcji, likwidacja przestoj\u00f3w produkcji.<\/div>\r\n\t\t<\/div>\r\n\t<\/div><br \/>\n<div class=\"col-12 col-sm-6 col-md-4\">\r\n\t\t<div class=\"uslugi-box-kml smaller-box\">\r\n\t\t\t<div class=\"box-header\">Dorabianie <span>cz\u0119\u015bci <span>zamiennych <\/span><\/span><\/div>\r\n\t\t\t<div class=\"box-subheader\">Zam\u00f3wienia podzespo\u0142\u00f3w gotowych, produkcja warsztatowa<\/div>\r\n\t\t\t<div class=\"box-content\">Serwis dowolnego typu maszyn na podstawie instrukcji z\u0142o\u017ceniowych lub opracowanych plan\u00f3w.<\/div>\r\n\t\t<\/div>\r\n\t<\/div><br \/>\n<div class=\"col-12 col-sm-6 col-md-4\">\r\n\t\t<div class=\"uslugi-box-kml smaller-box\">\r\n\t\t\t<div class=\"box-header\">Obliczenia <span>wytrzyma\u0142o\u015bciowe <span>MES <span>(FEM). <\/span><\/span><\/div>\r\n\t\t\t<div class=\"box-subheader\">Kontrola specjalistyczna wytrzyma\u0142o\u015bci zastosowanych rozwi\u0105za\u0144.<\/div>\r\n\t\t\t<div class=\"box-content\">Dokumentacja wykonawcza i certyfikacyjna.<\/div>\r\n\t\t<\/div>\r\n\t<\/div><br \/>\n<\/div><br \/>\n<div class=\"row\"><br \/>\n<div class=\"col-12 col-sm-6 col-md-4\">\r\n\t\t<div class=\"uslugi-box-kml smaller-box\">\r\n\t\t\t<div class=\"box-header\">Modernizacja <span>konstrukcji <\/span><\/span><\/div>\r\n\t\t\t<div class=\"box-subheader\">Dostosowanie maszyn do nowych zada\u0144.<\/div>\r\n\t\t\t<div class=\"box-content\">Przebudowa maszyn produkcyjnych oraz sprz\u0119tu specjalnego zastosowania.<\/div>\r\n\t\t<\/div>\r\n\t<\/div><br \/>\n<div class=\"col-12 col-sm-6 col-md-4\">\r\n\t\t<div class=\"uslugi-box-kml smaller-box\">\r\n\t\t\t<div class=\"box-header\">Dokumentacja <span>techniczna <span>projekt\u00f3w <\/span><\/span><\/div>\r\n\t\t\t<div class=\"box-subheader\">Wykonywanie rysunk\u00f3w technicznych, dokumentacji, rysunk\u00f3w z\u0142o\u017ceniowych i wykonawczych.<\/div>\r\n\t\t\t<div class=\"box-content\">Uzupe\u0142nianie dokumentacji w zwi\u0105zku z certyfikacj\u0105 bezpiecze\u0144stwa itp.<\/div>\r\n\t\t<\/div>\r\n\t<\/div><br \/>\n<div class=\"col-12 col-sm-6 col-md-4\">\r\n\t\t<div class=\"uslugi-box-kml smaller-box\">\r\n\t\t\t<div class=\"box-header\">Opracowywanie <span>dokumentacji w <span>wersji <span>elektronicznej <\/span><\/span><\/div>\r\n\t\t\t<div class=\"box-subheader\">Tworzenie elektronicznych projekt\u00f3w maszyn i layout\u00f3w.<\/div>\r\n\t\t\t<div class=\"box-content\">Zmiana wersji papierowej dokumentacji, uzupe\u0142nianie brak\u00f3w.<\/div>\r\n\t\t<\/div>\r\n\t<\/div><br \/>\n<\/div><br \/>\n<div class=\"row\"><br \/>\n<div class=\"col-12 col-sm-6 col-md-4\">\r\n\t\t<div class=\"uslugi-box-kml smaller-box\">\r\n\t\t\t<div class=\"box-header\">Przygotowanie <span>animacji i <span>wizualizacji <span>projekt\u00f3w <\/span><\/span><\/div>\r\n\t\t\t<div class=\"box-subheader\">Prezentacje wdro\u017ceniowe wybranych produkt\u00f3w w formie animacji i grafik.<\/div>\r\n\t\t\t<div class=\"box-content\">Wizualizacja proces\u00f3w produkcji.<\/div>\r\n\t\t<\/div>\r\n\t<\/div><br \/>\n<div class=\"col-12 col-sm-6 col-md-4\">\r\n\t\t<div class=\"uslugi-box-kml smaller-box\">\r\n\t\t\t<div class=\"box-header\">Doradztwo <span>techniczne <\/span><\/span><\/div>\r\n\t\t\t<div class=\"box-subheader\">Ustalenie potrzeb, wyb\u00f3r najbardziej optymalnego rozwi\u0105zania.<\/div>\r\n\t\t\t<div class=\"box-content\">Analiza koszt\u00f3w i zasadno\u015bci inwestycji, optymalizacja koszt\u00f3w.<\/div>\r\n\t\t<\/div>\r\n\t<\/div><br \/>\n<div class=\"col-12 col-sm-6 col-md-4\">\r\n\t\t<div class=\"uslugi-box-kml smaller-box\">\r\n\t\t\t<div class=\"box-header\">Planowanie <span>serwisu i <span>konserwacji <\/span><\/span><\/div>\r\n\t\t\t<div class=\"box-subheader\">Cykliczne przegl\u0105dy utrzymaniowe.<\/div>\r\n\t\t\t<div class=\"box-content\">Zapewnienie ci\u0105g\u0142o\u015bci pracy maszyn i urz\u0105dze\u0144 dzi\u0119ki przegl\u0105dom okresowym.<\/div>\r\n\t\t<\/div>\r\n\t<\/div><br \/>\n<\/div><\/p>\n\n\n<div class=\"tryptyk row pl_PL\">\r\n\t\t<div class=\"col-12 col-md-4\">\r\n\t\t\t<div class=\"t-box\">\r\n\t\t\t\t<img src=\"\/wp-content\/themes\/newsite\/images\/t1.png\" \/>\r\n\t\t\t\t<div class=\"t-header\">Terminowo<\/div>\r\n\t\t\t\t<div class=\"t-content\">Pracujemy wg. Rygorystycznych re\u017cim\u00f3w czasowych, daj\u0105c Ci gwarancj\u0119 szybkiej i realizacji powierzonych zlece\u0144.<\/div>\r\n\t\t\t<\/div>\r\n\t\t<\/div>\r\n\t\t<div class=\"col-12 col-md-4\">\r\n\t\t\t<div class=\"t-box\">\r\n\t\t\t\t<img src=\"\/wp-content\/themes\/newsite\/images\/t2.png\" \/>\r\n\t\t\t\t<div class=\"t-header\">Bezpiecznie<\/div>\r\n\t\t\t\t<div class=\"t-content\">Atestowany sprz\u0119t, nowoczesne rozwi\u0105zania i wa\u017cna polisa OC w ramach zleconej pracy to dla nas standard!<\/div>\r\n\t\t\t<\/div>\r\n\t\t<\/div>\r\n\t\t<div class=\"col-12 col-md-4\">\r\n\t\t\t<div class=\"t-box\">\r\n\t\t\t\t<img src=\"\/wp-content\/themes\/newsite\/images\/t3.png\" \/>\r\n\t\t\t\t<div class=\"t-header\">Profesjonalnie<\/div>\r\n\t\t\t\t<div class=\"t-content\">Sprawdzone rozwi\u0105zania, wieloletnie do\u015bwiadczenie i nowoczesne podej\u015bcie do realizacji projekt\u00f3w.<\/div>\r\n\t\t\t<\/div>\r\n\t\t<\/div>\r\n\t<\/div>\n\n\n\n<div style=\"height:40px\" aria-hidden=\"true\" class=\"wp-block-spacer\"><\/div>\n\n\n\n<p class=\"has-medium-font-size\">Do ka\u017cdego projektu do\u0142\u0105czamy\npe\u0142n\u0105 dokumentacj\u0119 techniczn\u0105, a tak\u017ce katalog cz\u0119\u015bci zamiennych, zgodny z normami.<\/p>\n\n\n\n<p class=\"has-medium-font-size\">Pracujemy z wykorzystaniem oprogramowania projektowego Solid Works Professional, oddaj\u0105c klientom modele i layouty prezentuj\u0105ce prace z zachowaniem wszelkich detali. Rozwi\u0105zania technologiczne opieramy o wieloletnie do\u015bwiadczenie w pracy z maszynami przemys\u0142owymi. Dzia\u0142 konstrukcyjno &#8211; projektowy rozwi\u0105zania zgodne z aktualn\u0105 wiedz\u0105 techniczn\u0105, bazuj\u0105c na komponentach renomowanych dostawc\u00f3w. <\/p>\n\n\n\n<p><\/p>\n\n\n\n<p class=\"has-medium-font-size\">Gwarantujemy pe\u0142n\u0105 certyfikacj\u0119 proponowanych rozwi\u0105za\u0144, zgodn\u0105 z \u015bwiatowymi normami i dyrektywami, zale\u017cn\u0105 od kraju przeznaczenia urz\u0105dzenia, linii czy maszyn produkcyjnych. Umo\u017cliwiamy pe\u0142ne zaanga\u017cowanie strony zamawiaj\u0105cej w proces certyfikacji, aby wsp\u00f3lnie wypracowa\u0107 zgodne z przepisami rozwi\u0105zania gwarantuj\u0105ce bezpiecze\u0144stwo, niezawodno\u015b\u0107 i wygod\u0119 u\u017cytkowania oraz relatywnie niski koszt wdro\u017cenia.<\/p>\n\n\n\n<p class=\"has-medium-font-size\">Je\u015bli Tw\u00f3j proces produkcyjny wymiana zmiany, poprawy lub uruchomienia, skonsultuj z nami swoje potrzeby. Jeste\u015bmy przekonani, \u017ce posiadamy rozwi\u0105zania Twoich problem\u00f3w!<\/p>\n\n\n\n<p><\/p>\n\n\n\n<div style=\"height:40px\" aria-hidden=\"true\" class=\"wp-block-spacer\"><\/div>\n\n\n<div class=\"row\"><br \/>\n<div class=\"col-12\"><div class=\"row\"><div class=\"col-12 col-md-4 offset-md-4\"><button data-target=\"1776379977\" class=\"reveal_button\">Zobacz co jeszcze proponujemy<\/button><\/div><\/div><\/div>\r\n\t\t\t<div id=\"1776379977\" class=\"hidden_boxes\"><div class=\"row\"><br \/>\n<div class=\"col-12 col-sm-6 col-md-4\">\r\n\t\t<div class=\"uslugi-box-kml smaller-box\">\r\n\t\t\t<div class=\"box-header\">Modernizacja <span>linii <span>produkcyjnych <\/span><\/span><\/div>\r\n\t\t\t<div class=\"box-subheader\"><\/div>\r\n\t\t\t<div class=\"box-content\"><\/div>\r\n\t\t<\/div>\r\n\t<\/div><br \/>\n<div class=\"col-12 col-sm-6 col-md-4\">\r\n\t\t<div class=\"uslugi-box-kml smaller-box\">\r\n\t\t\t<div class=\"box-header\">Programowanie <span>proces\u00f3w <span>produkcyjnych <\/span><\/span><\/div>\r\n\t\t\t<div class=\"box-subheader\"><\/div>\r\n\t\t\t<div class=\"box-content\"><\/div>\r\n\t\t<\/div>\r\n\t<\/div><br \/>\n<div class=\"col-12 col-sm-6 col-md-4\">\r\n\t\t<div class=\"uslugi-box-kml smaller-box\">\r\n\t\t\t<div class=\"box-header\">Poprawa <span>produkcyjnych <span>parametr\u00f3w <span>pracy <\/span><\/span><\/div>\r\n\t\t\t<div class=\"box-subheader\"><\/div>\r\n\t\t\t<div class=\"box-content\"><\/div>\r\n\t\t<\/div>\r\n\t<\/div><br \/>\n<div class=\"col-12 col-sm-6 col-md-4\">\r\n\t\t<div class=\"uslugi-box-kml smaller-box\">\r\n\t\t\t<div class=\"box-header\">Projektowanie <span>przeno\u015bnik\u00f3w <span>\u0142a\u0144cuchowych i <span>ta\u015bmowych <\/span><\/span><\/div>\r\n\t\t\t<div class=\"box-subheader\"><\/div>\r\n\t\t\t<div class=\"box-content\"><\/div>\r\n\t\t<\/div>\r\n\t<\/div><br \/>\n<div class=\"col-12 col-sm-6 col-md-4\">\r\n\t\t<div class=\"uslugi-box-kml smaller-box\">\r\n\t\t\t<div class=\"box-header\">Konstrukcje <span>tuneli <span>susz\u0105cych <\/span><\/span><\/div>\r\n\t\t\t<div class=\"box-subheader\"><\/div>\r\n\t\t\t<div class=\"box-content\"><\/div>\r\n\t\t<\/div>\r\n\t<\/div><br \/>\n<div class=\"col-12 col-sm-6 col-md-4\">\r\n\t\t<div class=\"uslugi-box-kml smaller-box\">\r\n\t\t\t<div class=\"box-header\">Konstrukcje <span>tuneli <span>grzewczych <\/span><\/span><\/div>\r\n\t\t\t<div class=\"box-subheader\"><\/div>\r\n\t\t\t<div class=\"box-content\"><\/div>\r\n\t\t<\/div>\r\n\t<\/div><br \/>\n<div class=\"col-12 col-sm-6 col-md-4\">\r\n\t\t<div class=\"uslugi-box-kml smaller-box\">\r\n\t\t\t<div class=\"box-header\">Komory <span>spawalnicze <\/span><\/span><\/div>\r\n\t\t\t<div class=\"box-subheader\"><\/div>\r\n\t\t\t<div class=\"box-content\"><\/div>\r\n\t\t<\/div>\r\n\t<\/div><br \/>\n<div class=\"col-12 col-sm-6 col-md-4\">\r\n\t\t<div class=\"uslugi-box-kml smaller-box\">\r\n\t\t\t<div class=\"box-header\">Analiza <span>proces\u00f3w <span>produkcyjnych <\/span><\/span><\/div>\r\n\t\t\t<div class=\"box-subheader\"><\/div>\r\n\t\t\t<div class=\"box-content\"><\/div>\r\n\t\t<\/div>\r\n\t<\/div><br \/>\n<div class=\"col-12 col-sm-6 col-md-4\">\r\n\t\t<div class=\"uslugi-box-kml smaller-box\">\r\n\t\t\t<div class=\"box-header\">Projekt i <span>monta\u017c <span>system\u00f3w <span>bezpiecze\u0144stwa <\/span><\/span><\/div>\r\n\t\t\t<div class=\"box-subheader\"><\/div>\r\n\t\t\t<div class=\"box-content\"><\/div>\r\n\t\t<\/div>\r\n\t<\/div><br \/>\n<\/div><\/div><br \/>\n<\/div>\n\n\n<div class=\"header-kml\"><span>Jak pracujemy przy budowie maszyn?<\/span><\/div>\n\n\n<div class=\"gallery-kml\">\r\n\t\t<a id=\"gallery\">&nbsp;<\/a><div class=\"row\"><a href=\"https:\/\/dgkinstal.com.pl\/wp-content\/uploads\/2020\/04\/budowa-maszyn-3@05x.jpg\" title=\"01 budowa maszyn przeno\u015bnik \u0142a\u0144cuchowy\" class=\"lightbox-kml\"><div class=\"normal\" style=\"background-image:url('\/wp-content\/themes\/newsite\/timthumb.php?src=https:\/\/dgkinstal.com.pl\/wp-content\/uploads\/2020\/04\/budowa-maszyn-3@05x.jpg&h=400&f=2');\"><\/div><div class=\"hovered\" style=\"background-image:url('\/wp-content\/themes\/newsite\/timthumb.php?src=https:\/\/dgkinstal.com.pl\/wp-content\/uploads\/2020\/04\/budowa-maszyn-3@05x.jpg&h=400');\"><\/div><\/a><a href=\"https:\/\/dgkinstal.com.pl\/wp-content\/uploads\/2020\/04\/IMG_3169.jpeg\" title=\"02 Budowa maszyn napinacze \u0142a\u0144cucha IMG_3169\" class=\"lightbox-kml\"><div class=\"normal\" style=\"background-image:url('\/wp-content\/themes\/newsite\/timthumb.php?src=https:\/\/dgkinstal.com.pl\/wp-content\/uploads\/2020\/04\/IMG_3169.jpeg&h=400&f=2');\"><\/div><div class=\"hovered\" style=\"background-image:url('\/wp-content\/themes\/newsite\/timthumb.php?src=https:\/\/dgkinstal.com.pl\/wp-content\/uploads\/2020\/04\/IMG_3169.jpeg&h=400');\"><\/div><\/a><a href=\"https:\/\/dgkinstal.com.pl\/wp-content\/uploads\/2020\/04\/IMG_3331.jpeg\" title=\"03 budowa maszyn linia produkcyjna IMG_3331\" class=\"lightbox-kml\"><div class=\"normal\" style=\"background-image:url('\/wp-content\/themes\/newsite\/timthumb.php?src=https:\/\/dgkinstal.com.pl\/wp-content\/uploads\/2020\/04\/IMG_3331.jpeg&h=400&f=2');\"><\/div><div class=\"hovered\" style=\"background-image:url('\/wp-content\/themes\/newsite\/timthumb.php?src=https:\/\/dgkinstal.com.pl\/wp-content\/uploads\/2020\/04\/IMG_3331.jpeg&h=400');\"><\/div><\/a><a href=\"https:\/\/dgkinstal.com.pl\/wp-content\/uploads\/2020\/04\/monta\u017c-maszyn-3@05x.jpg\" title=\"04 monta\u017c maszyn \u0142\u0105czenie przeno\u015bnika \u0142a\u0144cuchowego z podajnikiem grawitacyjnym IMG_4112\" class=\"lightbox-kml\"><div class=\"normal\" style=\"background-image:url('\/wp-content\/themes\/newsite\/timthumb.php?src=https:\/\/dgkinstal.com.pl\/wp-content\/uploads\/2020\/04\/monta\u017c-maszyn-3@05x.jpg&h=400&f=2');\"><\/div><div class=\"hovered\" style=\"background-image:url('\/wp-content\/themes\/newsite\/timthumb.php?src=https:\/\/dgkinstal.com.pl\/wp-content\/uploads\/2020\/04\/monta\u017c-maszyn-3@05x.jpg&h=400');\"><\/div><\/a><\/div><div class=\"row\"><a href=\"https:\/\/dgkinstal.com.pl\/wp-content\/uploads\/2020\/04\/IMG_2784.jpeg\" title=\"08 Budowa maszyn elektryczna zwijarka kabli\" class=\"lightbox-kml\"><div class=\"normal\" style=\"background-image:url('\/wp-content\/themes\/newsite\/timthumb.php?src=https:\/\/dgkinstal.com.pl\/wp-content\/uploads\/2020\/04\/IMG_2784.jpeg&h=400&f=2');\"><\/div><div class=\"hovered\" style=\"background-image:url('\/wp-content\/themes\/newsite\/timthumb.php?src=https:\/\/dgkinstal.com.pl\/wp-content\/uploads\/2020\/04\/IMG_2784.jpeg&h=400');\"><\/div><\/a><a href=\"https:\/\/dgkinstal.com.pl\/wp-content\/uploads\/2020\/06\/IMG_3927.jpg\" title=\"IMG_3927\" class=\"lightbox-kml\"><div class=\"normal\" style=\"background-image:url('\/wp-content\/themes\/newsite\/timthumb.php?src=https:\/\/dgkinstal.com.pl\/wp-content\/uploads\/2020\/06\/IMG_3927.jpg&h=400&f=2');\"><\/div><div class=\"hovered\" style=\"background-image:url('\/wp-content\/themes\/newsite\/timthumb.php?src=https:\/\/dgkinstal.com.pl\/wp-content\/uploads\/2020\/06\/IMG_3927.jpg&h=400');\"><\/div><\/a><a href=\"https:\/\/dgkinstal.com.pl\/wp-content\/uploads\/2020\/06\/IMG_3935.jpg\" title=\"IMG_3935\" class=\"lightbox-kml\"><div class=\"normal\" style=\"background-image:url('\/wp-content\/themes\/newsite\/timthumb.php?src=https:\/\/dgkinstal.com.pl\/wp-content\/uploads\/2020\/06\/IMG_3935.jpg&h=400&f=2');\"><\/div><div class=\"hovered\" style=\"background-image:url('\/wp-content\/themes\/newsite\/timthumb.php?src=https:\/\/dgkinstal.com.pl\/wp-content\/uploads\/2020\/06\/IMG_3935.jpg&h=400');\"><\/div><\/a><a href=\"https:\/\/dgkinstal.com.pl\/wp-content\/uploads\/2020\/04\/budowa-maszyn-2@05x.jpg\" title=\"budowa maszyn 2@0,5x\" class=\"lightbox-kml\"><div class=\"normal\" style=\"background-image:url('\/wp-content\/themes\/newsite\/timthumb.php?src=https:\/\/dgkinstal.com.pl\/wp-content\/uploads\/2020\/04\/budowa-maszyn-2@05x.jpg&h=400&f=2');\"><\/div><div class=\"hovered\" style=\"background-image:url('\/wp-content\/themes\/newsite\/timthumb.php?src=https:\/\/dgkinstal.com.pl\/wp-content\/uploads\/2020\/04\/budowa-maszyn-2@05x.jpg&h=400');\"><\/div><\/a><\/div>\r\n\t\t\t\t\t\t<div class=\"row\">\r\n\t\t\t\t\t\t\t<a  href=\"\" class=\"show-more-gallery button-kml\">Poka\u017c wi\u0119cej<\/a>\r\n\t\t\t\t\t\t<\/div>\r\n\t\t\t\t\t<div class=\"row gallery-row hide-me\"><a href=\"https:\/\/dgkinstal.com.pl\/wp-content\/uploads\/2020\/04\/budowa-maszyn-4@05x.jpg\" title=\"budowa maszyn 4@0,5x\" class=\"lightbox-kml\"><div class=\"normal\" style=\"background-image:url('\/wp-content\/themes\/newsite\/timthumb.php?src=https:\/\/dgkinstal.com.pl\/wp-content\/uploads\/2020\/04\/budowa-maszyn-4@05x.jpg&h=400&f=2');\"><\/div><div class=\"hovered\" style=\"background-image:url('\/wp-content\/themes\/newsite\/timthumb.php?src=https:\/\/dgkinstal.com.pl\/wp-content\/uploads\/2020\/04\/budowa-maszyn-4@05x.jpg&h=400');\"><\/div><\/a><a href=\"https:\/\/dgkinstal.com.pl\/wp-content\/uploads\/2020\/04\/IMG_0579.jpeg\" title=\"budowa maszyn oklejarka\" class=\"lightbox-kml\"><div class=\"normal\" style=\"background-image:url('\/wp-content\/themes\/newsite\/timthumb.php?src=https:\/\/dgkinstal.com.pl\/wp-content\/uploads\/2020\/04\/IMG_0579.jpeg&h=400&f=2');\"><\/div><div class=\"hovered\" style=\"background-image:url('\/wp-content\/themes\/newsite\/timthumb.php?src=https:\/\/dgkinstal.com.pl\/wp-content\/uploads\/2020\/04\/IMG_0579.jpeg&h=400');\"><\/div><\/a><a href=\"https:\/\/dgkinstal.com.pl\/wp-content\/uploads\/2020\/04\/budowa-maszyn@05x.jpg\" title=\"budowa maszyn@0,5x\" class=\"lightbox-kml\"><div class=\"normal\" style=\"background-image:url('\/wp-content\/themes\/newsite\/timthumb.php?src=https:\/\/dgkinstal.com.pl\/wp-content\/uploads\/2020\/04\/budowa-maszyn@05x.jpg&h=400&f=2');\"><\/div><div class=\"hovered\" style=\"background-image:url('\/wp-content\/themes\/newsite\/timthumb.php?src=https:\/\/dgkinstal.com.pl\/wp-content\/uploads\/2020\/04\/budowa-maszyn@05x.jpg&h=400');\"><\/div><\/a><\/div><\/div>\r\n\t\t<div class=\"row\">\r\n\t\t\t<div class=\"col-6 col-md-4 \"><a href=\"https:\/\/dgkinstal.com.pl\/?post_type=page&p=98#gallery\" class=\"button-kml\">Galeria: Instalacje elektryczne<\/a><\/div>\r\n\t\t\t<div class=\"col-6 col-md-4 offset-md-4\"><a href=\"https:\/\/dgkinstal.com.pl\/?post_type=page&p=112#gallery\" class=\"button-kml\">Galeria: Modernizacja maszyn przemys\u0142owych<\/a><\/div>\r\n\t\t<\/div><div class=\"modal fade\" id=\"galleryModal\" tabindex=\"-1\" role=\"dialog\" aria-labelledby=\"exampleModalLabel\" aria-hidden=\"true\">\r\n\t\t<div class=\"modal-dialog  modal-xl modal-dialog-centered\" role=\"document\">\r\n\t\t\t<div class=\"modal-content\">\r\n\t\t\t\t<div class=\"modal-body\" style=\"background-position:center center;background-size:100px;background-repeat:no-repeat;background-image:url('\/wp-content\/themes\/newsite\/images\/loader.gif');\">\r\n\t\t\t\t\t<button type=\"button\" class=\"close\" data-dismiss=\"modal\" aria-label=\"Close\">\r\n\t\t\t\t\t\t<span aria-hidden=\"true\">&times;<\/span>\r\n\t\t\t\t\t<\/button>\r\n\t\t\t\t\t<img class=\"modal-image\" src=\"\" \/>\r\n\t\t\t\t<\/div>\r\n\t\t\t<\/div>\r\n\t\t<\/div>\r\n\t<\/div>\n\n\n\n<div style=\"height:40px\" aria-hidden=\"true\" class=\"wp-block-spacer\"><\/div>\n\n\n\n<pre class=\"wp-block-preformatted\"><strong>TAGI:<\/strong> <em>budowa maszyn, naprawa maszyn, zmiana konstrukcji maszyn, certyfikacja CE, rozbudowa maszyn przemys\u0142owych, maszyny przemys\u0142owe, linie produkcyjne, monta\u017c linii produkcyjnych, dokumentacja techniczna maszyn, projektowanie maszyn przemys\u0142owych, mechanizacja proces\u00f3w produkcyjnych, badania wytrzyma\u0142o\u015bciowe, pomiary termiczne, modernizacja urz\u0105dze\u0144 przemys\u0142owych.<\/em><\/pre>\n","protected":false},"excerpt":{"rendered":"Do ka\u017cdego projektu do\u0142\u0105czamy pe\u0142n\u0105 dokumentacj\u0119 techniczn\u0105, a tak\u017ce katalog cz\u0119\u015bci zamiennych, zgodny z normami. Pracujemy z wykorzystaniem oprogramowania projektowego Solid Works Professional, oddaj\u0105c klientom modele i layouty prezentuj\u0105ce prace z zachowaniem wszelkich detali. Rozwi\u0105zania technologiczne opieramy o wieloletnie do\u015bwiadczenie w pracy z maszynami przemys\u0142owymi. Dzia\u0142 konstrukcyjno &#8211; projektowy rozwi\u0105zania zgodne z aktualn\u0105 wiedz\u0105 techniczn\u0105,&#8230; <a class=\"view-article\" href=\"https:\/\/dgkinstal.com.pl\/index.php\/oferowane-uslugi\/budowa-maszyn-i-urzadzen\/\">View Article<\/a>","protected":false},"author":1,"featured_media":170,"parent":201,"menu_order":0,"comment_status":"closed","ping_status":"closed","template":"","meta":[],"_links":{"self":[{"href":"https:\/\/dgkinstal.com.pl\/index.php\/wp-json\/wp\/v2\/pages\/109"}],"collection":[{"href":"https:\/\/dgkinstal.com.pl\/index.php\/wp-json\/wp\/v2\/pages"}],"about":[{"href":"https:\/\/dgkinstal.com.pl\/index.php\/wp-json\/wp\/v2\/types\/page"}],"author":[{"embeddable":true,"href":"https:\/\/dgkinstal.com.pl\/index.php\/wp-json\/wp\/v2\/users\/1"}],"replies":[{"embeddable":true,"href":"https:\/\/dgkinstal.com.pl\/index.php\/wp-json\/wp\/v2\/comments?post=109"}],"version-history":[{"count":19,"href":"https:\/\/dgkinstal.com.pl\/index.php\/wp-json\/wp\/v2\/pages\/109\/revisions"}],"predecessor-version":[{"id":858,"href":"https:\/\/dgkinstal.com.pl\/index.php\/wp-json\/wp\/v2\/pages\/109\/revisions\/858"}],"up":[{"embeddable":true,"href":"https:\/\/dgkinstal.com.pl\/index.php\/wp-json\/wp\/v2\/pages\/201"}],"wp:featuredmedia":[{"embeddable":true,"href":"https:\/\/dgkinstal.com.pl\/index.php\/wp-json\/wp\/v2\/media\/170"}],"wp:attachment":[{"href":"https:\/\/dgkinstal.com.pl\/index.php\/wp-json\/wp\/v2\/media?parent=109"}],"curies":[{"name":"wp","href":"https:\/\/api.w.org\/{rel}","templated":true}]}}